{"id":8148,"date":"2025-03-28T15:59:40","date_gmt":"2025-03-28T15:59:40","guid":{"rendered":"https:\/\/cvl.colibrity.com\/?post_type=product&#038;p=8148"},"modified":"2025-04-08T07:29:36","modified_gmt":"2025-04-08T07:29:36","slug":"lampe-de-table-candy","status":"publish","type":"product","link":"https:\/\/cvl.colibrity.com\/en\/product\/lampe-de-table-candy\/","title":{"rendered":"Candy table lamp"},"content":{"rendered":"<p>The Candy collection was designed to showcase the core<br \/>\nexpertise of CVL: craftsmanship and the shaping of brass<br \/>\nin tubular forms. Objects are reduced to their essence to<br \/>\nexpress the purity of the metal and the precision of CVL\u2019s<br \/>\nsignature finishes. This apparent simplicity is subtly enhanced,<br \/>\nor even counterbalanced, by a lacquered spiral<br \/>\npattern that wraps around the tube like a candy cane.<\/p>\n","protected":false},"excerpt":{"rendered":"<p>The Candy collection was designed to showcase the core expertise of CVL: craftsmanship and the shaping of brass in tubular forms. Objects are reduced to their essence to express the purity of the metal and the precision of CVL\u2019s signature finishes. This apparent simplicity is subtly enhanced, or even counterbalanced, by a lacquered spiral pattern [&hellip;]<\/p>\n","protected":false},"featured_media":9158,"comment_status":"closed","ping_status":"closed","template":"","meta":{"_acf_changed":false,"inline_featured_image":false},"product_brand":[],"product_cat":[181],"product_tag":[500,493],"product_family":[400],"class_list":{"0":"post-8148","1":"product","2":"type-product","3":"status-publish","4":"has-post-thumbnail","6":"product_cat-candy","7":"product_tag-jean-baptiste-fastrez-en","8":"product_tag-lampes-de-table-en","9":"product_family-candy-table-lamps","11":"first","12":"instock","13":"product-type-simple"},"acf":{"abat-jours_wpml":[{"value":"000","label":"Chinette noire"},{"value":"fff","label":"Chinette blanche"}],"material_wpml":[{"value":"SB","label":"Laiton massif"}],"type":[{"value":"field_67abaec68fe1e_270","label":"Lampe de table"}],"material":[{"value":"field_67abb02fe3b54_511","label":"Laiton"}],"source":[{"value":"field_67abb07ee3b58_16","label":"E27"}],"variations":[{"value":"field_67abb0a7e3b5c_872","label":"Oui"}],"indice_ip":{"field_67abb0b6e3b60_331":{"value":"IP20","label":"IP20"},"field_67abb0b6e3b60_455":{"value":"IP44","label":"IP44"},"field_67abb0b6e3b60_585":{"value":"IP65","label":"IP65"}},"country":{"field_67bcd558998ad_973":{"value":"France","label":"France"},"field_67bcd558998ad_810":{"value":"Allemagne","label":"Allemagne"},"field_67bcd558998ad_528":{"value":"Russie","label":"Russie"},"field_67bcd558998ad_152":{"value":"Italie","label":"Italie"},"field_67bcd558998ad_550":{"value":"Monaco","label":"Monaco"},"field_67bcd558998ad_406":{"value":"Inde","label":"Inde"},"field_67bcd558998ad_968":{"value":"\u00c9tats-Unis","label":"\u00c9tats-Unis"},"field_67bcd558998ad_202":{"value":"Canada","label":"Canada"},"field_67bcd558998ad_977":{"value":"Belgique","label":"Belgique"},"field_67bcd558998ad_192":{"value":"Espagne","label":"Espagne"},"field_67bcd558998ad_713":{"value":"Pologne","label":"Pologne"},"field_67bcd558998ad_565":{"value":"Maroc","label":"Maroc"},"field_67bcd558998ad_445":{"value":"Liban","label":"Liban"},"field_67bcd558998ad_777":{"value":"Singapour","label":"Singapour"},"field_67bcd558998ad_411":{"value":"Malte","label":"Malte"}},"sector":{"field_67bcd5b2a1783_780":{"value":"Restaurant","label":"Restaurant"},"field_67bcd5b2a1783_508":{"value":"R\u00e9sidentiel","label":"R\u00e9sidentiel"},"field_67bcd5b2a1783_623":{"value":"Collaboration commerciale","label":"Collaboration commerciale"},"field_67bcd5b2a1783_35":{"value":"Hotellerie","label":"Hotellerie"}},"finishes_wpml":[{"value":"SC","label":"Cuivre Satin\u00e9"},{"value":"SB","label":"Laiton satin\u00e9"},{"value":"SG","label":"Graphite Satin\u00e9"},{"value":"SN","label":"Nickel Satin\u00e9"}],"tags":[{"value":"new","label":"New"}],"tabs":{"value":"Tab 1","label":"Tab 1"},"dublicate":["true"],"tab_title":"France and others","technical_specifications_flexible":[{"acf_fc_layout":"flexible_table","title":"Lampe de table Candy","row":[{"label":"Lamping","value":"E27 LED 20W max not included"},{"label":"Dimmable","value":"Yes"}]}],"project":false,"media_preview_wpml":{"name":"Lampe Candy","preview":"https:\/\/cvl.colibrity.com\/wp-content\/uploads\/2025\/04\/preview_cvl_00184_01.jpg","link_extra_small_folder":"\/wp-content\/uploads\/2025\/preview\/extra\/preview_cvl_00184_01.jpg"},"view_in_ar":{"title":"","url":"","target":"","0":""},"download_wpnl":{"notice_dinstallation":""}},"yoast_head":"<!-- This site is optimized with the Yoast SEO plugin v24.9 - https:\/\/yoast.com\/wordpress\/plugins\/seo\/ -->\n<title>Candy table lamp - CVL<\/title>\n<meta name=\"description\" content=\"Discover the Candy table lamp, by Jean-Baptiste Fastrez.\" \/>\n<meta name=\"robots\" content=\"noindex, follow, max-snippet:-1, max-image-preview:large, max-video-preview:-1\" \/>\n<meta property=\"og:locale\" content=\"en_US\" \/>\n<meta property=\"og:type\" content=\"article\" \/>\n<meta property=\"og:title\" content=\"Candy table lamp - CVL\" \/>\n<meta property=\"og:description\" content=\"Discover the Candy table lamp, by Jean-Baptiste Fastrez.\" \/>\n<meta property=\"og:url\" content=\"https:\/\/cvl.colibrity.com\/en\/product\/lampe-de-table-candy\/\" \/>\n<meta property=\"og:site_name\" content=\"CVL\" \/>\n<meta property=\"article:modified_time\" content=\"2025-04-08T07:29:36+00:00\" \/>\n<meta property=\"og:image\" content=\"https:\/\/cvl.colibrity.com\/wp-content\/uploads\/2025\/04\/lampe-Candy-laiton-AB-noir-OFf_result-e1744019011755.jpg\" \/>\n\t<meta property=\"og:image:width\" content=\"1200\" \/>\n\t<meta property=\"og:image:height\" content=\"1440\" \/>\n\t<meta property=\"og:image:type\" content=\"image\/jpeg\" \/>\n<meta name=\"twitter:card\" content=\"summary_large_image\" \/>\n<meta name=\"twitter:label1\" content=\"Est. reading time\" \/>\n\t<meta name=\"twitter:data1\" content=\"1 minute\" \/>\n<script type=\"application\/ld+json\" class=\"yoast-schema-graph\">{\"@context\":\"https:\/\/schema.org\",\"@graph\":[{\"@type\":\"WebPage\",\"@id\":\"https:\/\/cvl.colibrity.com\/en\/product\/lampe-de-table-candy\/\",\"url\":\"https:\/\/cvl.colibrity.com\/en\/product\/lampe-de-table-candy\/\",\"name\":\"Candy table lamp - CVL\",\"isPartOf\":{\"@id\":\"https:\/\/cvl.colibrity.com\/#website\"},\"primaryImageOfPage\":{\"@id\":\"https:\/\/cvl.colibrity.com\/en\/product\/lampe-de-table-candy\/#primaryimage\"},\"image\":{\"@id\":\"https:\/\/cvl.colibrity.com\/en\/product\/lampe-de-table-candy\/#primaryimage\"},\"thumbnailUrl\":\"https:\/\/cvl.colibrity.com\/wp-content\/uploads\/2025\/04\/lampe-Candy-laiton-AB-noir-OFf_result-e1744019011755.jpg\",\"datePublished\":\"2025-03-28T15:59:40+00:00\",\"dateModified\":\"2025-04-08T07:29:36+00:00\",\"description\":\"Discover the Candy table lamp, by Jean-Baptiste Fastrez.\",\"breadcrumb\":{\"@id\":\"https:\/\/cvl.colibrity.com\/en\/product\/lampe-de-table-candy\/#breadcrumb\"},\"inLanguage\":\"en-US\",\"potentialAction\":[{\"@type\":\"ReadAction\",\"target\":[\"https:\/\/cvl.colibrity.com\/en\/product\/lampe-de-table-candy\/\"]}]},{\"@type\":\"ImageObject\",\"inLanguage\":\"en-US\",\"@id\":\"https:\/\/cvl.colibrity.com\/en\/product\/lampe-de-table-candy\/#primaryimage\",\"url\":\"https:\/\/cvl.colibrity.com\/wp-content\/uploads\/2025\/04\/lampe-Candy-laiton-AB-noir-OFf_result-e1744019011755.jpg\",\"contentUrl\":\"https:\/\/cvl.colibrity.com\/wp-content\/uploads\/2025\/04\/lampe-Candy-laiton-AB-noir-OFf_result-e1744019011755.jpg\",\"width\":1200,\"height\":1440},{\"@type\":\"BreadcrumbList\",\"@id\":\"https:\/\/cvl.colibrity.com\/en\/product\/lampe-de-table-candy\/#breadcrumb\",\"itemListElement\":[{\"@type\":\"ListItem\",\"position\":1,\"name\":\"Home\",\"item\":\"https:\/\/cvl.colibrity.com\/en\/\"},{\"@type\":\"ListItem\",\"position\":2,\"name\":\"Candy table lamp\"}]},{\"@type\":\"WebSite\",\"@id\":\"https:\/\/cvl.colibrity.com\/#website\",\"url\":\"https:\/\/cvl.colibrity.com\/\",\"name\":\"CVL\",\"description\":\"\",\"publisher\":{\"@id\":\"https:\/\/cvl.colibrity.com\/#organization\"},\"potentialAction\":[{\"@type\":\"SearchAction\",\"target\":{\"@type\":\"EntryPoint\",\"urlTemplate\":\"https:\/\/cvl.colibrity.com\/?s={search_term_string}\"},\"query-input\":{\"@type\":\"PropertyValueSpecification\",\"valueRequired\":true,\"valueName\":\"search_term_string\"}}],\"inLanguage\":\"en-US\"},{\"@type\":\"Organization\",\"@id\":\"https:\/\/cvl.colibrity.com\/#organization\",\"name\":\"CVL\",\"url\":\"https:\/\/cvl.colibrity.com\/\",\"logo\":{\"@type\":\"ImageObject\",\"inLanguage\":\"en-US\",\"@id\":\"https:\/\/cvl.colibrity.com\/#\/schema\/logo\/image\/\",\"url\":\"https:\/\/cvl.colibrity.com\/wp-content\/uploads\/2025\/03\/CVL-logo-1.svg\",\"contentUrl\":\"https:\/\/cvl.colibrity.com\/wp-content\/uploads\/2025\/03\/CVL-logo-1.svg\",\"width\":125,\"height\":54,\"caption\":\"CVL\"},\"image\":{\"@id\":\"https:\/\/cvl.colibrity.com\/#\/schema\/logo\/image\/\"}}]}<\/script>\n<!-- \/ Yoast SEO plugin. -->","yoast_head_json":{"title":"Candy table lamp - CVL","description":"Discover the Candy table lamp, by Jean-Baptiste Fastrez.","robots":{"index":"noindex","follow":"follow","max-snippet":"max-snippet:-1","max-image-preview":"max-image-preview:large","max-video-preview":"max-video-preview:-1"},"og_locale":"en_US","og_type":"article","og_title":"Candy table lamp - CVL","og_description":"Discover the Candy table lamp, by Jean-Baptiste Fastrez.","og_url":"https:\/\/cvl.colibrity.com\/en\/product\/lampe-de-table-candy\/","og_site_name":"CVL","article_modified_time":"2025-04-08T07:29:36+00:00","og_image":[{"width":1200,"height":1440,"url":"https:\/\/cvl.colibrity.com\/wp-content\/uploads\/2025\/04\/lampe-Candy-laiton-AB-noir-OFf_result-e1744019011755.jpg","type":"image\/jpeg"}],"twitter_card":"summary_large_image","twitter_misc":{"Est. reading time":"1 minute"},"schema":{"@context":"https:\/\/schema.org","@graph":[{"@type":"WebPage","@id":"https:\/\/cvl.colibrity.com\/en\/product\/lampe-de-table-candy\/","url":"https:\/\/cvl.colibrity.com\/en\/product\/lampe-de-table-candy\/","name":"Candy table lamp - CVL","isPartOf":{"@id":"https:\/\/cvl.colibrity.com\/#website"},"primaryImageOfPage":{"@id":"https:\/\/cvl.colibrity.com\/en\/product\/lampe-de-table-candy\/#primaryimage"},"image":{"@id":"https:\/\/cvl.colibrity.com\/en\/product\/lampe-de-table-candy\/#primaryimage"},"thumbnailUrl":"https:\/\/cvl.colibrity.com\/wp-content\/uploads\/2025\/04\/lampe-Candy-laiton-AB-noir-OFf_result-e1744019011755.jpg","datePublished":"2025-03-28T15:59:40+00:00","dateModified":"2025-04-08T07:29:36+00:00","description":"Discover the Candy table lamp, by Jean-Baptiste Fastrez.","breadcrumb":{"@id":"https:\/\/cvl.colibrity.com\/en\/product\/lampe-de-table-candy\/#breadcrumb"},"inLanguage":"en-US","potentialAction":[{"@type":"ReadAction","target":["https:\/\/cvl.colibrity.com\/en\/product\/lampe-de-table-candy\/"]}]},{"@type":"ImageObject","inLanguage":"en-US","@id":"https:\/\/cvl.colibrity.com\/en\/product\/lampe-de-table-candy\/#primaryimage","url":"https:\/\/cvl.colibrity.com\/wp-content\/uploads\/2025\/04\/lampe-Candy-laiton-AB-noir-OFf_result-e1744019011755.jpg","contentUrl":"https:\/\/cvl.colibrity.com\/wp-content\/uploads\/2025\/04\/lampe-Candy-laiton-AB-noir-OFf_result-e1744019011755.jpg","width":1200,"height":1440},{"@type":"BreadcrumbList","@id":"https:\/\/cvl.colibrity.com\/en\/product\/lampe-de-table-candy\/#breadcrumb","itemListElement":[{"@type":"ListItem","position":1,"name":"Home","item":"https:\/\/cvl.colibrity.com\/en\/"},{"@type":"ListItem","position":2,"name":"Candy table lamp"}]},{"@type":"WebSite","@id":"https:\/\/cvl.colibrity.com\/#website","url":"https:\/\/cvl.colibrity.com\/","name":"CVL","description":"","publisher":{"@id":"https:\/\/cvl.colibrity.com\/#organization"},"potentialAction":[{"@type":"SearchAction","target":{"@type":"EntryPoint","urlTemplate":"https:\/\/cvl.colibrity.com\/?s={search_term_string}"},"query-input":{"@type":"PropertyValueSpecification","valueRequired":true,"valueName":"search_term_string"}}],"inLanguage":"en-US"},{"@type":"Organization","@id":"https:\/\/cvl.colibrity.com\/#organization","name":"CVL","url":"https:\/\/cvl.colibrity.com\/","logo":{"@type":"ImageObject","inLanguage":"en-US","@id":"https:\/\/cvl.colibrity.com\/#\/schema\/logo\/image\/","url":"https:\/\/cvl.colibrity.com\/wp-content\/uploads\/2025\/03\/CVL-logo-1.svg","contentUrl":"https:\/\/cvl.colibrity.com\/wp-content\/uploads\/2025\/03\/CVL-logo-1.svg","width":125,"height":54,"caption":"CVL"},"image":{"@id":"https:\/\/cvl.colibrity.com\/#\/schema\/logo\/image\/"}}]}},"_links":{"self":[{"href":"https:\/\/cvl.colibrity.com\/en\/wp-json\/wp\/v2\/product\/8148","targetHints":{"allow":["GET"]}}],"collection":[{"href":"https:\/\/cvl.colibrity.com\/en\/wp-json\/wp\/v2\/product"}],"about":[{"href":"https:\/\/cvl.colibrity.com\/en\/wp-json\/wp\/v2\/types\/product"}],"replies":[{"embeddable":true,"href":"https:\/\/cvl.colibrity.com\/en\/wp-json\/wp\/v2\/comments?post=8148"}],"wp:featuredmedia":[{"embeddable":true,"href":"https:\/\/cvl.colibrity.com\/en\/wp-json\/wp\/v2\/media\/9158"}],"wp:attachment":[{"href":"https:\/\/cvl.colibrity.com\/en\/wp-json\/wp\/v2\/media?parent=8148"}],"wp:term":[{"taxonomy":"product_brand","embeddable":true,"href":"https:\/\/cvl.colibrity.com\/en\/wp-json\/wp\/v2\/product_brand?post=8148"},{"taxonomy":"product_cat","embeddable":true,"href":"https:\/\/cvl.colibrity.com\/en\/wp-json\/wp\/v2\/product_cat?post=8148"},{"taxonomy":"product_tag","embeddable":true,"href":"https:\/\/cvl.colibrity.com\/en\/wp-json\/wp\/v2\/product_tag?post=8148"},{"taxonomy":"product_family","embeddable":true,"href":"https:\/\/cvl.colibrity.com\/en\/wp-json\/wp\/v2\/product_family?post=8148"}],"curies":[{"name":"wp","href":"https:\/\/api.w.org\/{rel}","templated":true}]}}