{"id":8009,"date":"2025-03-28T15:56:23","date_gmt":"2025-03-28T15:56:23","guid":{"rendered":"https:\/\/cvl.colibrity.com\/product\/applique-strate-spi\/"},"modified":"2025-04-02T12:48:00","modified_gmt":"2025-04-02T12:48:00","slug":"applique-strate-spi","status":"publish","type":"product","link":"https:\/\/cvl.colibrity.com\/en\/product\/applique-strate-spi\/","title":{"rendered":"Applique Strate Spi"},"content":{"rendered":"<p>A collection of shapes linked by a luminous line, Strate, an authentic sculpture, adorns the wall both vertically and horizontally. With its generous dimensions, it covers the room and becomes a centerpiece.<\/p>\n","protected":false},"excerpt":{"rendered":"<p>A collection of shapes linked by a luminous line, Strate, an authentic sculpture, adorns the wall both vertically and horizontally. With its generous dimensions, it covers the room and becomes a centerpiece.<\/p>\n","protected":false},"featured_media":6282,"comment_status":"closed","ping_status":"closed","template":"","meta":{"_acf_changed":false,"inline_featured_image":false},"product_brand":[],"product_cat":[91],"product_tag":[430,173],"product_family":[267],"class_list":{"0":"post-8009","1":"product","2":"type-product","3":"status-publish","4":"has-post-thumbnail","6":"product_cat-strate-en","7":"product_tag-appliques-en","8":"product_tag-emilie-cathelineau","9":"product_family-strate-wall-lights","11":"first","12":"instock","13":"product-type-simple"},"acf":{"material_wpml":[{"value":"SB","label":"Laiton massif"},{"value":"DF","label":"Diffuseur polycarbonate "}],"type":[{"value":"field_67abaec68fe1e_644","label":"Appliques"}],"material":[{"value":"field_67abb02fe3b54_511","label":"Laiton"}],"source":[{"value":"field_67abb07ee3b58_28","label":"LED Int\u00e9gr\u00e9e"}],"variations":[{"value":"field_67abb0a7e3b5c_872","label":"Oui"}],"indice_ip":[{"value":"field_67abb0b6e3b60_331","label":"IP20"}],"country":{"field_67bcd558998ad_973":{"value":"France","label":"France"},"field_67bcd558998ad_810":{"value":"Allemagne","label":"Allemagne"},"field_67bcd558998ad_528":{"value":"Russie","label":"Russie"},"field_67bcd558998ad_152":{"value":"Italie","label":"Italie"},"field_67bcd558998ad_550":{"value":"Monaco","label":"Monaco"},"field_67bcd558998ad_406":{"value":"Inde","label":"Inde"},"field_67bcd558998ad_968":{"value":"\u00c9tats-Unis","label":"\u00c9tats-Unis"},"field_67bcd558998ad_202":{"value":"Canada","label":"Canada"},"field_67bcd558998ad_977":{"value":"Belgique","label":"Belgique"},"field_67bcd558998ad_192":{"value":"Espagne","label":"Espagne"},"field_67bcd558998ad_713":{"value":"Pologne","label":"Pologne"},"field_67bcd558998ad_565":{"value":"Maroc","label":"Maroc"},"field_67bcd558998ad_445":{"value":"Liban","label":"Liban"},"field_67bcd558998ad_777":{"value":"Singapour","label":"Singapour"},"field_67bcd558998ad_411":{"value":"Malte","label":"Malte"}},"sector":{"field_67bcd5b2a1783_780":{"value":"Restaurant","label":"Restaurant"},"field_67bcd5b2a1783_508":{"value":"R\u00e9sidentiel","label":"R\u00e9sidentiel"},"field_67bcd5b2a1783_623":{"value":"Collaboration commerciale","label":"Collaboration commerciale"},"field_67bcd5b2a1783_35":{"value":"Hotellerie","label":"Hotellerie"}},"finishes_wpml":[{"value":"SC","label":"Cuivre Satin\u00e9"},{"value":"SB","label":"Laiton satin\u00e9"},{"value":"SG","label":"Graphite Satin\u00e9"},{"value":"SN","label":"Nickel Satin\u00e9"}],"tags":[],"tabs":{"value":"Tab 1","label":"Tab 1"},"dublicate":["true"],"tab_title":"France and others","technical_specifications_flexible":[{"acf_fc_layout":"flexible_table","title":"Strate 150","row":[{"label":"Lamping","value":"Integrated LED"},{"label":"Luminous flux","value":"6100lm"},{"label":"Color temperature","value":"2700\u00b0k"},{"label":"Power","value":"80W"},{"label":"Int. power supply","value":"Int. power supplyer 24V incl. "},{"label":"Dimmable","value":"Yes - Phase cut"}]},{"acf_fc_layout":"flexible_text","title":"Dimensions - Height : 1500mm | Width : 462mm","group-text":{"text":"","icon_1":[],"icon_2":[]}},{"acf_fc_layout":"flexible_table","title":"Strate 100","row":[{"label":"Lamping","value":"Integrated LED"},{"label":"Luminous flux","value":"3800lm"},{"label":"Color temperature","value":"2700\u00b0k"},{"label":"Power","value":"48W"},{"label":"Int. power supply","value":"Int. power supplyer 24V incl. "},{"label":"Dimmable","value":"Yes - Phase cut"}]},{"acf_fc_layout":"flexible_text","title":"Dimensions - Height : 1000mm | Width : 300mm","group-text":{"text":"","icon_1":[],"icon_2":[]}}],"project":false,"media_preview_wpml":{"name":"Strate Spi ","preview":"https:\/\/cvl.colibrity.com\/wp-content\/uploads\/2025\/04\/preview_cvl_00088_01.jpg","link_extra_small_folder":"\/wp-content\/uploads\/2025\/preview\/extra\/preview_cvl_00088_01.jpg"},"abat-jours_wpml":[{"value":"Lin","label":"Lin"}],"view_in_ar":{"title":"","url":"","target":"","0":""}},"yoast_head":"<!-- This site is optimized with the Yoast SEO plugin v24.9 - https:\/\/yoast.com\/wordpress\/plugins\/seo\/ -->\n<title>Applique Strate Spi - CVL<\/title>\n<meta name=\"description\" content=\"Discover Strate Spi wall light by \u00c9milie Cathelineau.\" \/>\n<meta name=\"robots\" content=\"noindex, follow, max-snippet:-1, max-image-preview:large, max-video-preview:-1\" \/>\n<meta property=\"og:locale\" content=\"en_US\" \/>\n<meta property=\"og:type\" content=\"article\" \/>\n<meta property=\"og:title\" content=\"Applique Strate Spi - CVL\" \/>\n<meta property=\"og:description\" content=\"Discover Strate Spi wall light by \u00c9milie Cathelineau.\" \/>\n<meta property=\"og:url\" content=\"https:\/\/cvl.colibrity.com\/en\/product\/applique-strate-spi\/\" \/>\n<meta property=\"og:site_name\" content=\"CVL\" \/>\n<meta property=\"article:modified_time\" content=\"2025-04-02T12:48:00+00:00\" \/>\n<meta property=\"og:image\" content=\"https:\/\/cvl.colibrity.com\/wp-content\/uploads\/2025\/03\/APSPI150SGSB_result.jpg\" \/>\n\t<meta property=\"og:image:width\" content=\"1200\" \/>\n\t<meta property=\"og:image:height\" content=\"1440\" \/>\n\t<meta property=\"og:image:type\" content=\"image\/jpeg\" \/>\n<meta name=\"twitter:card\" content=\"summary_large_image\" \/>\n<meta name=\"twitter:label1\" content=\"Est. reading time\" \/>\n\t<meta name=\"twitter:data1\" content=\"1 minute\" \/>\n<script type=\"application\/ld+json\" class=\"yoast-schema-graph\">{\"@context\":\"https:\/\/schema.org\",\"@graph\":[{\"@type\":\"WebPage\",\"@id\":\"https:\/\/cvl.colibrity.com\/en\/product\/applique-strate-spi\/\",\"url\":\"https:\/\/cvl.colibrity.com\/en\/product\/applique-strate-spi\/\",\"name\":\"Applique Strate Spi - CVL\",\"isPartOf\":{\"@id\":\"https:\/\/cvl.colibrity.com\/#website\"},\"primaryImageOfPage\":{\"@id\":\"https:\/\/cvl.colibrity.com\/en\/product\/applique-strate-spi\/#primaryimage\"},\"image\":{\"@id\":\"https:\/\/cvl.colibrity.com\/en\/product\/applique-strate-spi\/#primaryimage\"},\"thumbnailUrl\":\"https:\/\/cvl.colibrity.com\/wp-content\/uploads\/2025\/03\/APSPI150SGSB_result-e1743751321519.jpg\",\"datePublished\":\"2025-03-28T15:56:23+00:00\",\"dateModified\":\"2025-04-02T12:48:00+00:00\",\"description\":\"Discover Strate Spi wall light by \u00c9milie Cathelineau.\",\"breadcrumb\":{\"@id\":\"https:\/\/cvl.colibrity.com\/en\/product\/applique-strate-spi\/#breadcrumb\"},\"inLanguage\":\"en-US\",\"potentialAction\":[{\"@type\":\"ReadAction\",\"target\":[\"https:\/\/cvl.colibrity.com\/en\/product\/applique-strate-spi\/\"]}]},{\"@type\":\"ImageObject\",\"inLanguage\":\"en-US\",\"@id\":\"https:\/\/cvl.colibrity.com\/en\/product\/applique-strate-spi\/#primaryimage\",\"url\":\"https:\/\/cvl.colibrity.com\/wp-content\/uploads\/2025\/03\/APSPI150SGSB_result-e1743751321519.jpg\",\"contentUrl\":\"https:\/\/cvl.colibrity.com\/wp-content\/uploads\/2025\/03\/APSPI150SGSB_result-e1743751321519.jpg\",\"width\":1200,\"height\":1440},{\"@type\":\"BreadcrumbList\",\"@id\":\"https:\/\/cvl.colibrity.com\/en\/product\/applique-strate-spi\/#breadcrumb\",\"itemListElement\":[{\"@type\":\"ListItem\",\"position\":1,\"name\":\"Home\",\"item\":\"https:\/\/cvl.colibrity.com\/en\/\"},{\"@type\":\"ListItem\",\"position\":2,\"name\":\"Applique Strate Spi\"}]},{\"@type\":\"WebSite\",\"@id\":\"https:\/\/cvl.colibrity.com\/#website\",\"url\":\"https:\/\/cvl.colibrity.com\/\",\"name\":\"CVL\",\"description\":\"\",\"publisher\":{\"@id\":\"https:\/\/cvl.colibrity.com\/#organization\"},\"potentialAction\":[{\"@type\":\"SearchAction\",\"target\":{\"@type\":\"EntryPoint\",\"urlTemplate\":\"https:\/\/cvl.colibrity.com\/?s={search_term_string}\"},\"query-input\":{\"@type\":\"PropertyValueSpecification\",\"valueRequired\":true,\"valueName\":\"search_term_string\"}}],\"inLanguage\":\"en-US\"},{\"@type\":\"Organization\",\"@id\":\"https:\/\/cvl.colibrity.com\/#organization\",\"name\":\"CVL\",\"url\":\"https:\/\/cvl.colibrity.com\/\",\"logo\":{\"@type\":\"ImageObject\",\"inLanguage\":\"en-US\",\"@id\":\"https:\/\/cvl.colibrity.com\/#\/schema\/logo\/image\/\",\"url\":\"https:\/\/cvl.colibrity.com\/wp-content\/uploads\/2025\/03\/CVL-logo-1.svg\",\"contentUrl\":\"https:\/\/cvl.colibrity.com\/wp-content\/uploads\/2025\/03\/CVL-logo-1.svg\",\"width\":125,\"height\":54,\"caption\":\"CVL\"},\"image\":{\"@id\":\"https:\/\/cvl.colibrity.com\/#\/schema\/logo\/image\/\"}}]}<\/script>\n<!-- \/ Yoast SEO plugin. -->","yoast_head_json":{"title":"Applique Strate Spi - CVL","description":"Discover Strate Spi wall light by \u00c9milie Cathelineau.","robots":{"index":"noindex","follow":"follow","max-snippet":"max-snippet:-1","max-image-preview":"max-image-preview:large","max-video-preview":"max-video-preview:-1"},"og_locale":"en_US","og_type":"article","og_title":"Applique Strate Spi - CVL","og_description":"Discover Strate Spi wall light by \u00c9milie Cathelineau.","og_url":"https:\/\/cvl.colibrity.com\/en\/product\/applique-strate-spi\/","og_site_name":"CVL","article_modified_time":"2025-04-02T12:48:00+00:00","og_image":[{"width":1200,"height":1440,"url":"https:\/\/cvl.colibrity.com\/wp-content\/uploads\/2025\/03\/APSPI150SGSB_result.jpg","type":"image\/jpeg"}],"twitter_card":"summary_large_image","twitter_misc":{"Est. reading time":"1 minute"},"schema":{"@context":"https:\/\/schema.org","@graph":[{"@type":"WebPage","@id":"https:\/\/cvl.colibrity.com\/en\/product\/applique-strate-spi\/","url":"https:\/\/cvl.colibrity.com\/en\/product\/applique-strate-spi\/","name":"Applique Strate Spi - CVL","isPartOf":{"@id":"https:\/\/cvl.colibrity.com\/#website"},"primaryImageOfPage":{"@id":"https:\/\/cvl.colibrity.com\/en\/product\/applique-strate-spi\/#primaryimage"},"image":{"@id":"https:\/\/cvl.colibrity.com\/en\/product\/applique-strate-spi\/#primaryimage"},"thumbnailUrl":"https:\/\/cvl.colibrity.com\/wp-content\/uploads\/2025\/03\/APSPI150SGSB_result-e1743751321519.jpg","datePublished":"2025-03-28T15:56:23+00:00","dateModified":"2025-04-02T12:48:00+00:00","description":"Discover Strate Spi wall light by \u00c9milie Cathelineau.","breadcrumb":{"@id":"https:\/\/cvl.colibrity.com\/en\/product\/applique-strate-spi\/#breadcrumb"},"inLanguage":"en-US","potentialAction":[{"@type":"ReadAction","target":["https:\/\/cvl.colibrity.com\/en\/product\/applique-strate-spi\/"]}]},{"@type":"ImageObject","inLanguage":"en-US","@id":"https:\/\/cvl.colibrity.com\/en\/product\/applique-strate-spi\/#primaryimage","url":"https:\/\/cvl.colibrity.com\/wp-content\/uploads\/2025\/03\/APSPI150SGSB_result-e1743751321519.jpg","contentUrl":"https:\/\/cvl.colibrity.com\/wp-content\/uploads\/2025\/03\/APSPI150SGSB_result-e1743751321519.jpg","width":1200,"height":1440},{"@type":"BreadcrumbList","@id":"https:\/\/cvl.colibrity.com\/en\/product\/applique-strate-spi\/#breadcrumb","itemListElement":[{"@type":"ListItem","position":1,"name":"Home","item":"https:\/\/cvl.colibrity.com\/en\/"},{"@type":"ListItem","position":2,"name":"Applique Strate Spi"}]},{"@type":"WebSite","@id":"https:\/\/cvl.colibrity.com\/#website","url":"https:\/\/cvl.colibrity.com\/","name":"CVL","description":"","publisher":{"@id":"https:\/\/cvl.colibrity.com\/#organization"},"potentialAction":[{"@type":"SearchAction","target":{"@type":"EntryPoint","urlTemplate":"https:\/\/cvl.colibrity.com\/?s={search_term_string}"},"query-input":{"@type":"PropertyValueSpecification","valueRequired":true,"valueName":"search_term_string"}}],"inLanguage":"en-US"},{"@type":"Organization","@id":"https:\/\/cvl.colibrity.com\/#organization","name":"CVL","url":"https:\/\/cvl.colibrity.com\/","logo":{"@type":"ImageObject","inLanguage":"en-US","@id":"https:\/\/cvl.colibrity.com\/#\/schema\/logo\/image\/","url":"https:\/\/cvl.colibrity.com\/wp-content\/uploads\/2025\/03\/CVL-logo-1.svg","contentUrl":"https:\/\/cvl.colibrity.com\/wp-content\/uploads\/2025\/03\/CVL-logo-1.svg","width":125,"height":54,"caption":"CVL"},"image":{"@id":"https:\/\/cvl.colibrity.com\/#\/schema\/logo\/image\/"}}]}},"_links":{"self":[{"href":"https:\/\/cvl.colibrity.com\/en\/wp-json\/wp\/v2\/product\/8009","targetHints":{"allow":["GET"]}}],"collection":[{"href":"https:\/\/cvl.colibrity.com\/en\/wp-json\/wp\/v2\/product"}],"about":[{"href":"https:\/\/cvl.colibrity.com\/en\/wp-json\/wp\/v2\/types\/product"}],"replies":[{"embeddable":true,"href":"https:\/\/cvl.colibrity.com\/en\/wp-json\/wp\/v2\/comments?post=8009"}],"wp:featuredmedia":[{"embeddable":true,"href":"https:\/\/cvl.colibrity.com\/en\/wp-json\/wp\/v2\/media\/6282"}],"wp:attachment":[{"href":"https:\/\/cvl.colibrity.com\/en\/wp-json\/wp\/v2\/media?parent=8009"}],"wp:term":[{"taxonomy":"product_brand","embeddable":true,"href":"https:\/\/cvl.colibrity.com\/en\/wp-json\/wp\/v2\/product_brand?post=8009"},{"taxonomy":"product_cat","embeddable":true,"href":"https:\/\/cvl.colibrity.com\/en\/wp-json\/wp\/v2\/product_cat?post=8009"},{"taxonomy":"product_tag","embeddable":true,"href":"https:\/\/cvl.colibrity.com\/en\/wp-json\/wp\/v2\/product_tag?post=8009"},{"taxonomy":"product_family","embeddable":true,"href":"https:\/\/cvl.colibrity.com\/en\/wp-json\/wp\/v2\/product_family?post=8009"}],"curies":[{"name":"wp","href":"https:\/\/api.w.org\/{rel}","templated":true}]}}