{"id":7742,"date":"2025-03-28T15:48:45","date_gmt":"2025-03-28T15:48:45","guid":{"rendered":"https:\/\/cvl.colibrity.com\/product\/applique-earth-palm\/"},"modified":"2025-04-01T13:32:33","modified_gmt":"2025-04-01T13:32:33","slug":"applique-earth-palm","status":"publish","type":"product","link":"https:\/\/cvl.colibrity.com\/en\/product\/applique-earth-palm\/","title":{"rendered":"Earth Palm wall light"},"content":{"rendered":"<p>A luminous heart, set with extremely fine openwork metal or a solid disc, gives this collection an Art Deco touch. From chiaroscuro to moucharabieh, the composition ideas are varied.<br \/>\nThe central part is identical for all models, whatever the size or motif.<\/p>\n","protected":false},"excerpt":{"rendered":"<p>A luminous heart, set with extremely fine openwork metal or a solid disc, gives this collection an Art Deco touch. From chiaroscuro to moucharabieh, the composition ideas are varied. The central part is identical for all models, whatever the size or motif.<\/p>\n","protected":false},"featured_media":9566,"comment_status":"closed","ping_status":"closed","template":"","meta":{"_acf_changed":false,"inline_featured_image":false},"product_brand":[],"product_cat":[82],"product_tag":[430,173],"product_family":[227],"class_list":{"0":"post-7742","1":"product","2":"type-product","3":"status-publish","4":"has-post-thumbnail","6":"product_cat-earth-en","7":"product_tag-appliques-en","8":"product_tag-emilie-cathelineau","9":"product_family-earth-wall-lights","11":"first","12":"instock","13":"product-type-simple"},"acf":{"finishes_wpml":[{"value":"SC","label":"Cuivre Satin\u00e9"},{"value":"SB","label":"Laiton satin\u00e9"},{"value":"SG","label":"Graphite Satin\u00e9"},{"value":"SN","label":"Nickel Satin\u00e9"}],"material_wpml":[{"value":"SB","label":"Laiton massif"},{"value":"DF","label":"Diffuseur polycarbonate "}],"type":[{"value":"field_67abaec68fe1e_644","label":"Appliques"}],"source":[{"value":"field_67abb07ee3b58_28","label":"LED Int\u00e9gr\u00e9e"}],"variations":[{"value":"field_67abb0a7e3b5c_872","label":"Oui"}],"indice_ip":[{"value":"field_67abb0b6e3b60_331","label":"IP20"}],"tags":[],"material":[{"value":"field_67abb02fe3b54_511","label":"Laiton"}],"country":{"field_67bcd558998ad_973":{"value":"France","label":"France"},"field_67bcd558998ad_810":{"value":"Allemagne","label":"Allemagne"},"field_67bcd558998ad_528":{"value":"Russie","label":"Russie"},"field_67bcd558998ad_152":{"value":"Italie","label":"Italie"},"field_67bcd558998ad_550":{"value":"Monaco","label":"Monaco"},"field_67bcd558998ad_406":{"value":"Inde","label":"Inde"},"field_67bcd558998ad_968":{"value":"\u00c9tats-Unis","label":"\u00c9tats-Unis"},"field_67bcd558998ad_202":{"value":"Canada","label":"Canada"},"field_67bcd558998ad_977":{"value":"Belgique","label":"Belgique"},"field_67bcd558998ad_192":{"value":"Espagne","label":"Espagne"},"field_67bcd558998ad_713":{"value":"Pologne","label":"Pologne"},"field_67bcd558998ad_565":{"value":"Maroc","label":"Maroc"},"field_67bcd558998ad_445":{"value":"Liban","label":"Liban"},"field_67bcd558998ad_777":{"value":"Singapour","label":"Singapour"},"field_67bcd558998ad_411":{"value":"Malte","label":"Malte"}},"sector":{"field_67bcd5b2a1783_780":{"value":"Restaurant","label":"Restaurant"},"field_67bcd5b2a1783_508":{"value":"R\u00e9sidentiel","label":"R\u00e9sidentiel"},"field_67bcd5b2a1783_623":{"value":"Collaboration commerciale","label":"Collaboration commerciale"},"field_67bcd5b2a1783_35":{"value":"Hotellerie","label":"Hotellerie"}},"tabs":{"value":"Tab 2","label":"Tab 2"},"dublicate":[],"tab_title":"France and others","technical_specifications_flexible":[{"acf_fc_layout":"flexible_table","title":"Eart Palm","row":[{"label":"Lamping","value":"Integrated LED"},{"label":"Luminous flux","value":"1030lm"},{"label":"Color temperature","value":"2700\u00b0k"},{"label":"Power","value":"13W"},{"label":"Int. power supply","value":"Integrated 24V power supply"},{"label":"Dimmable","value":"Yes - Phase cut"}]},{"acf_fc_layout":"flexible_table","title":"","row":[{"label":"Dimension","value":"\u00d8330 & \u00d8440"},{"label":"","value":""},{"label":"","value":""},{"label":"","value":""},{"label":"","value":""},{"label":"","value":""}]}],"project":false,"tab_title_2":"USA & Canada","technical_specifications_flexible_tab_2":[{"acf_fc_layout":"flexible_text","title":"","group-text":{"text":"","icon_1":[],"icon_2":["UL"]}},{"acf_fc_layout":"flexible_table","title":"Earth Palm","row":[{"label":"Lamping","value":"Integrated LED"},{"label":"Luminous flux","value":"1030lm"},{"label":"Color temperature","value":"2700\u00b0k"},{"label":"Power","value":"15W"},{"label":"Int. power supply","value":"Integrated 24V power supply"},{"label":"Dimmable","value":"Yes - Phase cut"}]},{"acf_fc_layout":"flexible_table","title":"","row":[{"label":"Dimension","value":"\u00d8330 & \u00d8440"},{"label":"","value":""},{"label":"","value":""},{"label":"","value":""},{"label":"","value":""},{"label":"","value":""}]}],"media_preview_wpml":{"name":"Earth Palm ","preview":"https:\/\/cvl.colibrity.com\/wp-content\/uploads\/2025\/04\/preview_cvl_00037_01.jpg","link_extra_small_folder":"\/wp-content\/uploads\/2025\/preview\/extra\/preview_cvl_00037_01.jpg"},"abat-jours_wpml":[{"value":"Lin","label":"Lin"}],"download_wpnl":{"notice_dinstallation":""},"view_in_ar":{"title":"","url":"","target":"","0":""}},"yoast_head":"<!-- This site is optimized with the Yoast SEO plugin v24.9 - https:\/\/yoast.com\/wordpress\/plugins\/seo\/ -->\n<title>Earth Palm wall light - CVL<\/title>\n<meta name=\"description\" content=\"Discover the Earth Palm wall lamp, by \u00c9milie Cathelineau.\" \/>\n<meta name=\"robots\" content=\"noindex, follow, max-snippet:-1, max-image-preview:large, max-video-preview:-1\" \/>\n<meta property=\"og:locale\" content=\"en_US\" \/>\n<meta property=\"og:type\" content=\"article\" \/>\n<meta property=\"og:title\" content=\"Earth Palm wall light - CVL\" \/>\n<meta property=\"og:description\" content=\"Discover the Earth Palm wall lamp, by \u00c9milie Cathelineau.\" \/>\n<meta property=\"og:url\" content=\"https:\/\/cvl.colibrity.com\/en\/product\/applique-earth-palm\/\" \/>\n<meta property=\"og:site_name\" content=\"CVL\" \/>\n<meta property=\"article:modified_time\" content=\"2025-04-01T13:32:33+00:00\" \/>\n<meta property=\"og:image\" content=\"https:\/\/cvl.colibrity.com\/wp-content\/uploads\/2025\/04\/cvl_00037_01-scaled.jpg\" \/>\n\t<meta property=\"og:image:width\" content=\"2560\" \/>\n\t<meta property=\"og:image:height\" content=\"2560\" \/>\n\t<meta property=\"og:image:type\" content=\"image\/jpeg\" \/>\n<meta name=\"twitter:card\" content=\"summary_large_image\" \/>\n<meta name=\"twitter:label1\" content=\"Est. reading time\" \/>\n\t<meta name=\"twitter:data1\" content=\"1 minute\" \/>\n<script type=\"application\/ld+json\" class=\"yoast-schema-graph\">{\"@context\":\"https:\/\/schema.org\",\"@graph\":[{\"@type\":\"WebPage\",\"@id\":\"https:\/\/cvl.colibrity.com\/en\/product\/applique-earth-palm\/\",\"url\":\"https:\/\/cvl.colibrity.com\/en\/product\/applique-earth-palm\/\",\"name\":\"Earth Palm wall light - CVL\",\"isPartOf\":{\"@id\":\"https:\/\/cvl.colibrity.com\/#website\"},\"primaryImageOfPage\":{\"@id\":\"https:\/\/cvl.colibrity.com\/en\/product\/applique-earth-palm\/#primaryimage\"},\"image\":{\"@id\":\"https:\/\/cvl.colibrity.com\/en\/product\/applique-earth-palm\/#primaryimage\"},\"thumbnailUrl\":\"https:\/\/cvl.colibrity.com\/wp-content\/uploads\/2025\/04\/APPALM330SBSG-1_result-e1744012312340.jpg\",\"datePublished\":\"2025-03-28T15:48:45+00:00\",\"dateModified\":\"2025-04-01T13:32:33+00:00\",\"description\":\"Discover the Earth Palm wall lamp, by \u00c9milie Cathelineau.\",\"breadcrumb\":{\"@id\":\"https:\/\/cvl.colibrity.com\/en\/product\/applique-earth-palm\/#breadcrumb\"},\"inLanguage\":\"en-US\",\"potentialAction\":[{\"@type\":\"ReadAction\",\"target\":[\"https:\/\/cvl.colibrity.com\/en\/product\/applique-earth-palm\/\"]}]},{\"@type\":\"ImageObject\",\"inLanguage\":\"en-US\",\"@id\":\"https:\/\/cvl.colibrity.com\/en\/product\/applique-earth-palm\/#primaryimage\",\"url\":\"https:\/\/cvl.colibrity.com\/wp-content\/uploads\/2025\/04\/APPALM330SBSG-1_result-e1744012312340.jpg\",\"contentUrl\":\"https:\/\/cvl.colibrity.com\/wp-content\/uploads\/2025\/04\/APPALM330SBSG-1_result-e1744012312340.jpg\",\"width\":1200,\"height\":1440},{\"@type\":\"BreadcrumbList\",\"@id\":\"https:\/\/cvl.colibrity.com\/en\/product\/applique-earth-palm\/#breadcrumb\",\"itemListElement\":[{\"@type\":\"ListItem\",\"position\":1,\"name\":\"Home\",\"item\":\"https:\/\/cvl.colibrity.com\/en\/\"},{\"@type\":\"ListItem\",\"position\":2,\"name\":\"Earth Palm wall light\"}]},{\"@type\":\"WebSite\",\"@id\":\"https:\/\/cvl.colibrity.com\/#website\",\"url\":\"https:\/\/cvl.colibrity.com\/\",\"name\":\"CVL\",\"description\":\"\",\"publisher\":{\"@id\":\"https:\/\/cvl.colibrity.com\/#organization\"},\"potentialAction\":[{\"@type\":\"SearchAction\",\"target\":{\"@type\":\"EntryPoint\",\"urlTemplate\":\"https:\/\/cvl.colibrity.com\/?s={search_term_string}\"},\"query-input\":{\"@type\":\"PropertyValueSpecification\",\"valueRequired\":true,\"valueName\":\"search_term_string\"}}],\"inLanguage\":\"en-US\"},{\"@type\":\"Organization\",\"@id\":\"https:\/\/cvl.colibrity.com\/#organization\",\"name\":\"CVL\",\"url\":\"https:\/\/cvl.colibrity.com\/\",\"logo\":{\"@type\":\"ImageObject\",\"inLanguage\":\"en-US\",\"@id\":\"https:\/\/cvl.colibrity.com\/#\/schema\/logo\/image\/\",\"url\":\"https:\/\/cvl.colibrity.com\/wp-content\/uploads\/2025\/03\/CVL-logo-1.svg\",\"contentUrl\":\"https:\/\/cvl.colibrity.com\/wp-content\/uploads\/2025\/03\/CVL-logo-1.svg\",\"width\":125,\"height\":54,\"caption\":\"CVL\"},\"image\":{\"@id\":\"https:\/\/cvl.colibrity.com\/#\/schema\/logo\/image\/\"}}]}<\/script>\n<!-- \/ Yoast SEO plugin. -->","yoast_head_json":{"title":"Earth Palm wall light - CVL","description":"Discover the Earth Palm wall lamp, by \u00c9milie Cathelineau.","robots":{"index":"noindex","follow":"follow","max-snippet":"max-snippet:-1","max-image-preview":"max-image-preview:large","max-video-preview":"max-video-preview:-1"},"og_locale":"en_US","og_type":"article","og_title":"Earth Palm wall light - CVL","og_description":"Discover the Earth Palm wall lamp, by \u00c9milie Cathelineau.","og_url":"https:\/\/cvl.colibrity.com\/en\/product\/applique-earth-palm\/","og_site_name":"CVL","article_modified_time":"2025-04-01T13:32:33+00:00","og_image":[{"width":2560,"height":2560,"url":"https:\/\/cvl.colibrity.com\/wp-content\/uploads\/2025\/04\/cvl_00037_01-scaled.jpg","type":"image\/jpeg"}],"twitter_card":"summary_large_image","twitter_misc":{"Est. reading time":"1 minute"},"schema":{"@context":"https:\/\/schema.org","@graph":[{"@type":"WebPage","@id":"https:\/\/cvl.colibrity.com\/en\/product\/applique-earth-palm\/","url":"https:\/\/cvl.colibrity.com\/en\/product\/applique-earth-palm\/","name":"Earth Palm wall light - CVL","isPartOf":{"@id":"https:\/\/cvl.colibrity.com\/#website"},"primaryImageOfPage":{"@id":"https:\/\/cvl.colibrity.com\/en\/product\/applique-earth-palm\/#primaryimage"},"image":{"@id":"https:\/\/cvl.colibrity.com\/en\/product\/applique-earth-palm\/#primaryimage"},"thumbnailUrl":"https:\/\/cvl.colibrity.com\/wp-content\/uploads\/2025\/04\/APPALM330SBSG-1_result-e1744012312340.jpg","datePublished":"2025-03-28T15:48:45+00:00","dateModified":"2025-04-01T13:32:33+00:00","description":"Discover the Earth Palm wall lamp, by \u00c9milie Cathelineau.","breadcrumb":{"@id":"https:\/\/cvl.colibrity.com\/en\/product\/applique-earth-palm\/#breadcrumb"},"inLanguage":"en-US","potentialAction":[{"@type":"ReadAction","target":["https:\/\/cvl.colibrity.com\/en\/product\/applique-earth-palm\/"]}]},{"@type":"ImageObject","inLanguage":"en-US","@id":"https:\/\/cvl.colibrity.com\/en\/product\/applique-earth-palm\/#primaryimage","url":"https:\/\/cvl.colibrity.com\/wp-content\/uploads\/2025\/04\/APPALM330SBSG-1_result-e1744012312340.jpg","contentUrl":"https:\/\/cvl.colibrity.com\/wp-content\/uploads\/2025\/04\/APPALM330SBSG-1_result-e1744012312340.jpg","width":1200,"height":1440},{"@type":"BreadcrumbList","@id":"https:\/\/cvl.colibrity.com\/en\/product\/applique-earth-palm\/#breadcrumb","itemListElement":[{"@type":"ListItem","position":1,"name":"Home","item":"https:\/\/cvl.colibrity.com\/en\/"},{"@type":"ListItem","position":2,"name":"Earth Palm wall light"}]},{"@type":"WebSite","@id":"https:\/\/cvl.colibrity.com\/#website","url":"https:\/\/cvl.colibrity.com\/","name":"CVL","description":"","publisher":{"@id":"https:\/\/cvl.colibrity.com\/#organization"},"potentialAction":[{"@type":"SearchAction","target":{"@type":"EntryPoint","urlTemplate":"https:\/\/cvl.colibrity.com\/?s={search_term_string}"},"query-input":{"@type":"PropertyValueSpecification","valueRequired":true,"valueName":"search_term_string"}}],"inLanguage":"en-US"},{"@type":"Organization","@id":"https:\/\/cvl.colibrity.com\/#organization","name":"CVL","url":"https:\/\/cvl.colibrity.com\/","logo":{"@type":"ImageObject","inLanguage":"en-US","@id":"https:\/\/cvl.colibrity.com\/#\/schema\/logo\/image\/","url":"https:\/\/cvl.colibrity.com\/wp-content\/uploads\/2025\/03\/CVL-logo-1.svg","contentUrl":"https:\/\/cvl.colibrity.com\/wp-content\/uploads\/2025\/03\/CVL-logo-1.svg","width":125,"height":54,"caption":"CVL"},"image":{"@id":"https:\/\/cvl.colibrity.com\/#\/schema\/logo\/image\/"}}]}},"_links":{"self":[{"href":"https:\/\/cvl.colibrity.com\/en\/wp-json\/wp\/v2\/product\/7742","targetHints":{"allow":["GET"]}}],"collection":[{"href":"https:\/\/cvl.colibrity.com\/en\/wp-json\/wp\/v2\/product"}],"about":[{"href":"https:\/\/cvl.colibrity.com\/en\/wp-json\/wp\/v2\/types\/product"}],"replies":[{"embeddable":true,"href":"https:\/\/cvl.colibrity.com\/en\/wp-json\/wp\/v2\/comments?post=7742"}],"wp:featuredmedia":[{"embeddable":true,"href":"https:\/\/cvl.colibrity.com\/en\/wp-json\/wp\/v2\/media\/9566"}],"wp:attachment":[{"href":"https:\/\/cvl.colibrity.com\/en\/wp-json\/wp\/v2\/media?parent=7742"}],"wp:term":[{"taxonomy":"product_brand","embeddable":true,"href":"https:\/\/cvl.colibrity.com\/en\/wp-json\/wp\/v2\/product_brand?post=7742"},{"taxonomy":"product_cat","embeddable":true,"href":"https:\/\/cvl.colibrity.com\/en\/wp-json\/wp\/v2\/product_cat?post=7742"},{"taxonomy":"product_tag","embeddable":true,"href":"https:\/\/cvl.colibrity.com\/en\/wp-json\/wp\/v2\/product_tag?post=7742"},{"taxonomy":"product_family","embeddable":true,"href":"https:\/\/cvl.colibrity.com\/en\/wp-json\/wp\/v2\/product_family?post=7742"}],"curies":[{"name":"wp","href":"https:\/\/api.w.org\/{rel}","templated":true}]}}