{"id":7732,"date":"2025-03-28T15:47:29","date_gmt":"2025-03-28T15:47:29","guid":{"rendered":"https:\/\/cvl.colibrity.com\/product\/suspension-compass\/"},"modified":"2025-04-01T12:25:41","modified_gmt":"2025-04-01T12:25:41","slug":"suspension-compass","status":"publish","type":"product","link":"https:\/\/cvl.colibrity.com\/en\/product\/suspension-compass\/","title":{"rendered":"Compass pendant"},"content":{"rendered":"<p>Designed by Emilie Cathelineau, the Compass collection opens the door for CVL luminaires to use new materials. These suspensions, which can be installed as single pieces or in clusters, can be made of wood or marble, while of course retaining all CVL&#8217;s expertise in brass components.<\/p>\n","protected":false},"excerpt":{"rendered":"<p>Designed by Emilie Cathelineau, the Compass collection opens the door for CVL luminaires to use new materials. These suspensions, which can be installed as single pieces or in clusters, can be made of wood or marble, while of course retaining all CVL&#8217;s expertise in brass components.<\/p>\n","protected":false},"featured_media":7231,"comment_status":"closed","ping_status":"closed","template":"","meta":{"_acf_changed":false,"inline_featured_image":false},"product_brand":[],"product_cat":[81],"product_tag":[173,491],"product_family":[222],"class_list":{"0":"post-7732","1":"product","2":"type-product","3":"status-publish","4":"has-post-thumbnail","6":"product_cat-compass-en","7":"product_tag-emilie-cathelineau","8":"product_tag-suspensions-en","9":"product_family-compass-pendants","11":"first","12":"instock","13":"product-type-simple"},"acf":{"finishes_wpml":[{"value":"SC","label":"Cuivre Satin\u00e9"},{"value":"SB","label":"Laiton satin\u00e9"},{"value":"SG","label":"Graphite Satin\u00e9"},{"value":"SN","label":"Nickel Satin\u00e9"},{"value":"field_67ab356aae1b8_41","label":"Marbre blanc"}],"material_wpml":[{"value":"SB","label":"Laiton massif"},{"value":"CT","label":"C\u00e2ble textile"},{"value":"VTSB","label":"Verre triplex opale souffl\u00e9 bouche"}],"type":[{"value":"\u0441han","label":"Suspensions"}],"source":[{"value":"field_67abb07ee3b58_28","label":"LED Int\u00e9gr\u00e9e"}],"variations":[{"value":"field_67abb0a7e3b5c_872","label":"Oui"}],"indice_ip":[{"value":"field_67abb0b6e3b60_331","label":"IP20"}],"tags":[],"material":[{"value":"field_67abb02fe3b54_511","label":"Laiton"},{"value":"field_67abb02fe3b54_554","label":"Noyer"},{"value":"field_67abb02fe3b54_670","label":"Marbre"}],"country":{"field_67bcd558998ad_973":{"value":"France","label":"France"},"field_67bcd558998ad_810":{"value":"Allemagne","label":"Allemagne"},"field_67bcd558998ad_528":{"value":"Russie","label":"Russie"},"field_67bcd558998ad_152":{"value":"Italie","label":"Italie"},"field_67bcd558998ad_550":{"value":"Monaco","label":"Monaco"},"field_67bcd558998ad_406":{"value":"Inde","label":"Inde"},"field_67bcd558998ad_968":{"value":"\u00c9tats-Unis","label":"\u00c9tats-Unis"},"field_67bcd558998ad_202":{"value":"Canada","label":"Canada"},"field_67bcd558998ad_977":{"value":"Belgique","label":"Belgique"},"field_67bcd558998ad_192":{"value":"Espagne","label":"Espagne"},"field_67bcd558998ad_713":{"value":"Pologne","label":"Pologne"},"field_67bcd558998ad_565":{"value":"Maroc","label":"Maroc"},"field_67bcd558998ad_445":{"value":"Liban","label":"Liban"},"field_67bcd558998ad_777":{"value":"Singapour","label":"Singapour"},"field_67bcd558998ad_411":{"value":"Malte","label":"Malte"}},"sector":{"field_67bcd5b2a1783_780":{"value":"Restaurant","label":"Restaurant"},"field_67bcd5b2a1783_508":{"value":"R\u00e9sidentiel","label":"R\u00e9sidentiel"},"field_67bcd5b2a1783_623":{"value":"Collaboration commerciale","label":"Collaboration commerciale"},"field_67bcd5b2a1783_35":{"value":"Hotellerie","label":"Hotellerie"}},"tabs":{"value":"Tab 1","label":"Tab 1"},"dublicate":["true"],"tab_title":"France and others","technical_specifications_flexible":[{"acf_fc_layout":"flexible_table","title":"Compass pendant","row":[{"label":"Lamping","value":"Integrated LED"},{"label":"Luminous flux","value":"1060lm"},{"label":"Color temperature","value":"2700\u00b0k"},{"label":"Power","value":"10W"},{"label":"Dimmable","value":"Yes - Phase cut"}]}],"project":false,"tab_title_2":"USA & Canada","technical_specifications_flexible_tab_2":false,"media_preview_wpml":{"name":"Compass pendant ","preview":"https:\/\/cvl.colibrity.com\/wp-content\/uploads\/2025\/04\/preview_cvl_00031_01.jpg","link_extra_small_folder":"\/wp-content\/uploads\/2025\/preview\/extra\/preview_cvl_00031_01.jpg"},"abat-jours_wpml":{"100":{"value":"Drop Paper\u00ae \u2028100","label":"Drop Paper\u00ae \u2028100"},"100M1":{"value":"Drop Paper\u00ae \u2028100 M1","label":"Drop Paper\u00ae \u2028100 M1"},"101":{"value":"Drop Paper\u00ae \u2028101","label":"Drop Paper\u00ae \u2028101"},"101M1":{"value":"Drop Paper\u00ae \u2028101 M1","label":"Drop Paper\u00ae \u2028101 M1"},"103M1":{"value":"Drop Paper\u00ae \u2028103 M1","label":"Drop Paper\u00ae \u2028103 M1"},"000":{"value":"Chinette noire","label":"Chinette noire"},"fff":{"value":"Chinette blanche","label":"Chinette blanche"},"Lin":{"value":"Lin","label":"Lin"},"tissu":{"value":"Abat-jour tissu","label":"Abat-jour tissu"}}},"yoast_head":"<!-- This site is optimized with the Yoast SEO plugin v24.9 - https:\/\/yoast.com\/wordpress\/plugins\/seo\/ -->\n<title>Compass pendant - CVL<\/title>\n<meta name=\"description\" content=\"Discover Compass hanging lamps, by \u00c9milie Cathelineau.\" \/>\n<meta name=\"robots\" content=\"noindex, follow, max-snippet:-1, max-image-preview:large, max-video-preview:-1\" \/>\n<meta property=\"og:locale\" content=\"en_US\" \/>\n<meta property=\"og:type\" content=\"article\" \/>\n<meta property=\"og:title\" content=\"Compass pendant - CVL\" \/>\n<meta property=\"og:description\" content=\"Discover Compass hanging lamps, by \u00c9milie Cathelineau.\" \/>\n<meta property=\"og:url\" content=\"https:\/\/cvl.colibrity.com\/en\/product\/suspension-compass\/\" \/>\n<meta property=\"og:site_name\" content=\"CVL\" \/>\n<meta property=\"article:modified_time\" content=\"2025-04-01T12:25:41+00:00\" \/>\n<meta property=\"og:image\" content=\"https:\/\/cvl.colibrity.com\/wp-content\/uploads\/2025\/04\/cvl_00031_01-scaled.jpg\" \/>\n\t<meta property=\"og:image:width\" content=\"1792\" \/>\n\t<meta property=\"og:image:height\" content=\"2560\" \/>\n\t<meta property=\"og:image:type\" content=\"image\/jpeg\" \/>\n<meta name=\"twitter:card\" content=\"summary_large_image\" \/>\n<meta name=\"twitter:label1\" content=\"Est. reading time\" \/>\n\t<meta name=\"twitter:data1\" content=\"1 minute\" \/>\n<script type=\"application\/ld+json\" class=\"yoast-schema-graph\">{\"@context\":\"https:\/\/schema.org\",\"@graph\":[{\"@type\":\"WebPage\",\"@id\":\"https:\/\/cvl.colibrity.com\/en\/product\/suspension-compass\/\",\"url\":\"https:\/\/cvl.colibrity.com\/en\/product\/suspension-compass\/\",\"name\":\"Compass pendant - CVL\",\"isPartOf\":{\"@id\":\"https:\/\/cvl.colibrity.com\/#website\"},\"primaryImageOfPage\":{\"@id\":\"https:\/\/cvl.colibrity.com\/en\/product\/suspension-compass\/#primaryimage\"},\"image\":{\"@id\":\"https:\/\/cvl.colibrity.com\/en\/product\/suspension-compass\/#primaryimage\"},\"thumbnailUrl\":\"https:\/\/cvl.colibrity.com\/wp-content\/uploads\/2025\/04\/cvl_00031_01-scaled.jpg\",\"datePublished\":\"2025-03-28T15:47:29+00:00\",\"dateModified\":\"2025-04-01T12:25:41+00:00\",\"description\":\"Discover Compass hanging lamps, by \u00c9milie Cathelineau.\",\"breadcrumb\":{\"@id\":\"https:\/\/cvl.colibrity.com\/en\/product\/suspension-compass\/#breadcrumb\"},\"inLanguage\":\"en-US\",\"potentialAction\":[{\"@type\":\"ReadAction\",\"target\":[\"https:\/\/cvl.colibrity.com\/en\/product\/suspension-compass\/\"]}]},{\"@type\":\"ImageObject\",\"inLanguage\":\"en-US\",\"@id\":\"https:\/\/cvl.colibrity.com\/en\/product\/suspension-compass\/#primaryimage\",\"url\":\"https:\/\/cvl.colibrity.com\/wp-content\/uploads\/2025\/04\/cvl_00031_01-scaled.jpg\",\"contentUrl\":\"https:\/\/cvl.colibrity.com\/wp-content\/uploads\/2025\/04\/cvl_00031_01-scaled.jpg\",\"width\":1792,\"height\":2560},{\"@type\":\"BreadcrumbList\",\"@id\":\"https:\/\/cvl.colibrity.com\/en\/product\/suspension-compass\/#breadcrumb\",\"itemListElement\":[{\"@type\":\"ListItem\",\"position\":1,\"name\":\"Home\",\"item\":\"https:\/\/cvl.colibrity.com\/en\/\"},{\"@type\":\"ListItem\",\"position\":2,\"name\":\"Compass pendant\"}]},{\"@type\":\"WebSite\",\"@id\":\"https:\/\/cvl.colibrity.com\/#website\",\"url\":\"https:\/\/cvl.colibrity.com\/\",\"name\":\"CVL\",\"description\":\"\",\"publisher\":{\"@id\":\"https:\/\/cvl.colibrity.com\/#organization\"},\"potentialAction\":[{\"@type\":\"SearchAction\",\"target\":{\"@type\":\"EntryPoint\",\"urlTemplate\":\"https:\/\/cvl.colibrity.com\/?s={search_term_string}\"},\"query-input\":{\"@type\":\"PropertyValueSpecification\",\"valueRequired\":true,\"valueName\":\"search_term_string\"}}],\"inLanguage\":\"en-US\"},{\"@type\":\"Organization\",\"@id\":\"https:\/\/cvl.colibrity.com\/#organization\",\"name\":\"CVL\",\"url\":\"https:\/\/cvl.colibrity.com\/\",\"logo\":{\"@type\":\"ImageObject\",\"inLanguage\":\"en-US\",\"@id\":\"https:\/\/cvl.colibrity.com\/#\/schema\/logo\/image\/\",\"url\":\"https:\/\/cvl.colibrity.com\/wp-content\/uploads\/2025\/03\/CVL-logo-1.svg\",\"contentUrl\":\"https:\/\/cvl.colibrity.com\/wp-content\/uploads\/2025\/03\/CVL-logo-1.svg\",\"width\":125,\"height\":54,\"caption\":\"CVL\"},\"image\":{\"@id\":\"https:\/\/cvl.colibrity.com\/#\/schema\/logo\/image\/\"}}]}<\/script>\n<!-- \/ Yoast SEO plugin. -->","yoast_head_json":{"title":"Compass pendant - CVL","description":"Discover Compass hanging lamps, by \u00c9milie Cathelineau.","robots":{"index":"noindex","follow":"follow","max-snippet":"max-snippet:-1","max-image-preview":"max-image-preview:large","max-video-preview":"max-video-preview:-1"},"og_locale":"en_US","og_type":"article","og_title":"Compass pendant - CVL","og_description":"Discover Compass hanging lamps, by \u00c9milie Cathelineau.","og_url":"https:\/\/cvl.colibrity.com\/en\/product\/suspension-compass\/","og_site_name":"CVL","article_modified_time":"2025-04-01T12:25:41+00:00","og_image":[{"width":1792,"height":2560,"url":"https:\/\/cvl.colibrity.com\/wp-content\/uploads\/2025\/04\/cvl_00031_01-scaled.jpg","type":"image\/jpeg"}],"twitter_card":"summary_large_image","twitter_misc":{"Est. reading time":"1 minute"},"schema":{"@context":"https:\/\/schema.org","@graph":[{"@type":"WebPage","@id":"https:\/\/cvl.colibrity.com\/en\/product\/suspension-compass\/","url":"https:\/\/cvl.colibrity.com\/en\/product\/suspension-compass\/","name":"Compass pendant - CVL","isPartOf":{"@id":"https:\/\/cvl.colibrity.com\/#website"},"primaryImageOfPage":{"@id":"https:\/\/cvl.colibrity.com\/en\/product\/suspension-compass\/#primaryimage"},"image":{"@id":"https:\/\/cvl.colibrity.com\/en\/product\/suspension-compass\/#primaryimage"},"thumbnailUrl":"https:\/\/cvl.colibrity.com\/wp-content\/uploads\/2025\/04\/cvl_00031_01-scaled.jpg","datePublished":"2025-03-28T15:47:29+00:00","dateModified":"2025-04-01T12:25:41+00:00","description":"Discover Compass hanging lamps, by \u00c9milie Cathelineau.","breadcrumb":{"@id":"https:\/\/cvl.colibrity.com\/en\/product\/suspension-compass\/#breadcrumb"},"inLanguage":"en-US","potentialAction":[{"@type":"ReadAction","target":["https:\/\/cvl.colibrity.com\/en\/product\/suspension-compass\/"]}]},{"@type":"ImageObject","inLanguage":"en-US","@id":"https:\/\/cvl.colibrity.com\/en\/product\/suspension-compass\/#primaryimage","url":"https:\/\/cvl.colibrity.com\/wp-content\/uploads\/2025\/04\/cvl_00031_01-scaled.jpg","contentUrl":"https:\/\/cvl.colibrity.com\/wp-content\/uploads\/2025\/04\/cvl_00031_01-scaled.jpg","width":1792,"height":2560},{"@type":"BreadcrumbList","@id":"https:\/\/cvl.colibrity.com\/en\/product\/suspension-compass\/#breadcrumb","itemListElement":[{"@type":"ListItem","position":1,"name":"Home","item":"https:\/\/cvl.colibrity.com\/en\/"},{"@type":"ListItem","position":2,"name":"Compass pendant"}]},{"@type":"WebSite","@id":"https:\/\/cvl.colibrity.com\/#website","url":"https:\/\/cvl.colibrity.com\/","name":"CVL","description":"","publisher":{"@id":"https:\/\/cvl.colibrity.com\/#organization"},"potentialAction":[{"@type":"SearchAction","target":{"@type":"EntryPoint","urlTemplate":"https:\/\/cvl.colibrity.com\/?s={search_term_string}"},"query-input":{"@type":"PropertyValueSpecification","valueRequired":true,"valueName":"search_term_string"}}],"inLanguage":"en-US"},{"@type":"Organization","@id":"https:\/\/cvl.colibrity.com\/#organization","name":"CVL","url":"https:\/\/cvl.colibrity.com\/","logo":{"@type":"ImageObject","inLanguage":"en-US","@id":"https:\/\/cvl.colibrity.com\/#\/schema\/logo\/image\/","url":"https:\/\/cvl.colibrity.com\/wp-content\/uploads\/2025\/03\/CVL-logo-1.svg","contentUrl":"https:\/\/cvl.colibrity.com\/wp-content\/uploads\/2025\/03\/CVL-logo-1.svg","width":125,"height":54,"caption":"CVL"},"image":{"@id":"https:\/\/cvl.colibrity.com\/#\/schema\/logo\/image\/"}}]}},"_links":{"self":[{"href":"https:\/\/cvl.colibrity.com\/en\/wp-json\/wp\/v2\/product\/7732","targetHints":{"allow":["GET"]}}],"collection":[{"href":"https:\/\/cvl.colibrity.com\/en\/wp-json\/wp\/v2\/product"}],"about":[{"href":"https:\/\/cvl.colibrity.com\/en\/wp-json\/wp\/v2\/types\/product"}],"replies":[{"embeddable":true,"href":"https:\/\/cvl.colibrity.com\/en\/wp-json\/wp\/v2\/comments?post=7732"}],"wp:featuredmedia":[{"embeddable":true,"href":"https:\/\/cvl.colibrity.com\/en\/wp-json\/wp\/v2\/media\/7231"}],"wp:attachment":[{"href":"https:\/\/cvl.colibrity.com\/en\/wp-json\/wp\/v2\/media?parent=7732"}],"wp:term":[{"taxonomy":"product_brand","embeddable":true,"href":"https:\/\/cvl.colibrity.com\/en\/wp-json\/wp\/v2\/product_brand?post=7732"},{"taxonomy":"product_cat","embeddable":true,"href":"https:\/\/cvl.colibrity.com\/en\/wp-json\/wp\/v2\/product_cat?post=7732"},{"taxonomy":"product_tag","embeddable":true,"href":"https:\/\/cvl.colibrity.com\/en\/wp-json\/wp\/v2\/product_tag?post=7732"},{"taxonomy":"product_family","embeddable":true,"href":"https:\/\/cvl.colibrity.com\/en\/wp-json\/wp\/v2\/product_family?post=7732"}],"curies":[{"name":"wp","href":"https:\/\/api.w.org\/{rel}","templated":true}]}}