{"id":7008,"date":"2025-03-28T15:25:28","date_gmt":"2025-03-28T15:25:28","guid":{"rendered":"https:\/\/cvl.colibrity.com\/product\/lampadaire-calee\/"},"modified":"2025-03-31T16:24:15","modified_gmt":"2025-03-31T16:24:15","slug":"lampadaire-calee","status":"publish","type":"product","link":"https:\/\/cvl.colibrity.com\/en\/product\/lampadaire-calee\/","title":{"rendered":"Lampadaire Cal\u00e9e"},"content":{"rendered":"<p>An alphabet of shapes, the Cal\u00e9(e) collection is a geometric game in which the sense of imbalance forms simple, linear and refined objects.<br \/>\nThe standard cable length is 2 metres, but this can be reduced on installation.<\/p>\n","protected":false},"excerpt":{"rendered":"<p>An alphabet of shapes, the Cal\u00e9(e) collection is a geometric game in which the sense of imbalance forms simple, linear and refined objects. The standard cable length is 2 metres, but this can be reduced on installation.<\/p>\n","protected":false},"featured_media":7004,"comment_status":"closed","ping_status":"closed","template":"","meta":{"_acf_changed":false,"inline_featured_image":false},"product_brand":[],"product_cat":[428],"product_tag":[490,492],"product_family":[205],"class_list":{"0":"post-7008","1":"product","2":"type-product","3":"status-publish","4":"has-post-thumbnail","6":"product_cat-calee-en","7":"product_tag-lampadaires-en","8":"product_tag-pool-en","9":"product_family-calee-floor-lamps","11":"first","12":"instock","13":"product-type-simple"},"acf":{"finishes_wpml":[{"value":"SC","label":"Cuivre Satin\u00e9"},{"value":"PC","label":"Cuivre Poli "},{"value":"SB","label":"Laiton satin\u00e9"},{"value":"PB","label":"Laiton Poli "},{"value":"SG","label":"Graphite Satin\u00e9"},{"value":"PG","label":"Graphite Poli "},{"value":"SN","label":"Nickel Satin\u00e9"},{"value":"PN","label":"Nickel Poli"}],"abat-jours_wpml":[{"value":"000","label":"Chinette noire"},{"value":"fff","label":"Chinette blanche"}],"material_wpml":[{"value":"SB","label":"Laiton massif"},{"value":"CT","label":"C\u00e2ble textile"},{"value":"AJ","label":"Abat-jour en tissu"}],"type":[{"value":"lamp","label":"Lampadaires"}],"source":[{"value":"field_67abb07ee3b58_16","label":"E27"}],"variations":[{"value":"field_67abb0a7e3b5c_872","label":"Oui"}],"indice_ip":[{"value":"field_67abb0b6e3b60_331","label":"IP20"}],"tags":[],"material":{"field_67abb02fe3b54_511":{"value":"Laiton","label":"Laiton"},"field_67abb02fe3b54_554":{"value":"Noyer","label":"Noyer"},"field_67abb02fe3b54_670":{"value":"Marbre","label":"Marbre"},"field_67abb02fe3b54_534":{"value":"Bois toast\u00e9","label":"Bois toast\u00e9"},"field_67abb02fe3b54_868":{"value":"Bois br\u00fbl\u00e9","label":"Bois br\u00fbl\u00e9"}},"country":{"field_67bcd558998ad_973":{"value":"France","label":"France"},"field_67bcd558998ad_810":{"value":"Allemagne","label":"Allemagne"},"field_67bcd558998ad_528":{"value":"Russie","label":"Russie"},"field_67bcd558998ad_152":{"value":"Italie","label":"Italie"},"field_67bcd558998ad_550":{"value":"Monaco","label":"Monaco"},"field_67bcd558998ad_406":{"value":"Inde","label":"Inde"},"field_67bcd558998ad_968":{"value":"\u00c9tats-Unis","label":"\u00c9tats-Unis"},"field_67bcd558998ad_202":{"value":"Canada","label":"Canada"},"field_67bcd558998ad_977":{"value":"Belgique","label":"Belgique"},"field_67bcd558998ad_192":{"value":"Espagne","label":"Espagne"},"field_67bcd558998ad_713":{"value":"Pologne","label":"Pologne"},"field_67bcd558998ad_565":{"value":"Maroc","label":"Maroc"},"field_67bcd558998ad_445":{"value":"Liban","label":"Liban"},"field_67bcd558998ad_777":{"value":"Singapour","label":"Singapour"},"field_67bcd558998ad_411":{"value":"Malte","label":"Malte"}},"sector":{"field_67bcd5b2a1783_780":{"value":"Restaurant","label":"Restaurant"},"field_67bcd5b2a1783_508":{"value":"R\u00e9sidentiel","label":"R\u00e9sidentiel"},"field_67bcd5b2a1783_623":{"value":"Collaboration commerciale","label":"Collaboration commerciale"},"field_67bcd5b2a1783_35":{"value":"Hotellerie","label":"Hotellerie"}},"tabs":{"value":"Tab 1","label":"Tab 1"},"dublicate":["true"],"tab_title":"France and others","technical_specifications_flexible":[{"acf_fc_layout":"flexible_table","title":"Lampadaire Cal\u00e9e XS - XL ","row":[{"label":"Lamping","value":"E27 LED 20W max. not included"},{"label":"Power","value":"20W"},{"label":"Dimmable","value":"Yes"}]}],"project":false,"tab_title_2":"USA & Canada","technical_specifications_flexible_tab_2":false,"media_preview_wpml":{"name":"Lampadaire Cal\u00e9e","preview":"https:\/\/cvl.colibrity.com\/wp-content\/uploads\/2025\/03\/LPCALEXLSBSGBC-min-scaled.jpg","link_extra_small_folder":"\/wp-content\/uploads\/2025\/preview\/extra\/preview_cvl_00010_01.jpg"},"download_wpnl":{"notice_dinstallation":""}},"yoast_head":"<!-- This site is optimized with the Yoast SEO plugin v24.9 - https:\/\/yoast.com\/wordpress\/plugins\/seo\/ -->\n<title>Lampadaire Cal\u00e9e - CVL<\/title>\n<meta name=\"description\" content=\"Discover the Cal\u00e9e floor lamp by POOL Studio.\" \/>\n<meta name=\"robots\" content=\"noindex, follow, max-snippet:-1, max-image-preview:large, max-video-preview:-1\" \/>\n<meta property=\"og:locale\" content=\"en_US\" \/>\n<meta property=\"og:type\" content=\"article\" \/>\n<meta property=\"og:title\" content=\"Lampadaire Cal\u00e9e - CVL\" \/>\n<meta property=\"og:description\" content=\"Discover the Cal\u00e9e floor lamp by POOL Studio.\" \/>\n<meta property=\"og:url\" content=\"https:\/\/cvl.colibrity.com\/en\/product\/lampadaire-calee\/\" \/>\n<meta property=\"og:site_name\" content=\"CVL\" \/>\n<meta property=\"article:modified_time\" content=\"2025-03-31T16:24:15+00:00\" \/>\n<meta property=\"og:image\" content=\"https:\/\/cvl.colibrity.com\/wp-content\/uploads\/2025\/03\/LPCALEXLSBSGBC-min-scaled.jpg\" \/>\n\t<meta property=\"og:image:width\" content=\"1579\" \/>\n\t<meta property=\"og:image:height\" content=\"2560\" \/>\n\t<meta property=\"og:image:type\" content=\"image\/jpeg\" \/>\n<meta name=\"twitter:card\" content=\"summary_large_image\" \/>\n<meta name=\"twitter:label1\" content=\"Est. reading time\" \/>\n\t<meta name=\"twitter:data1\" content=\"1 minute\" \/>\n<script type=\"application\/ld+json\" class=\"yoast-schema-graph\">{\"@context\":\"https:\/\/schema.org\",\"@graph\":[{\"@type\":\"WebPage\",\"@id\":\"https:\/\/cvl.colibrity.com\/en\/product\/lampadaire-calee\/\",\"url\":\"https:\/\/cvl.colibrity.com\/en\/product\/lampadaire-calee\/\",\"name\":\"Lampadaire Cal\u00e9e - CVL\",\"isPartOf\":{\"@id\":\"https:\/\/cvl.colibrity.com\/#website\"},\"primaryImageOfPage\":{\"@id\":\"https:\/\/cvl.colibrity.com\/en\/product\/lampadaire-calee\/#primaryimage\"},\"image\":{\"@id\":\"https:\/\/cvl.colibrity.com\/en\/product\/lampadaire-calee\/#primaryimage\"},\"thumbnailUrl\":\"https:\/\/cvl.colibrity.com\/wp-content\/uploads\/2025\/03\/LPCALEXLSBSGBC_ambiance\u00a9StudioGarnier-min-scaled.jpg\",\"datePublished\":\"2025-03-28T15:25:28+00:00\",\"dateModified\":\"2025-03-31T16:24:15+00:00\",\"description\":\"Discover the Cal\u00e9e floor lamp by POOL Studio.\",\"breadcrumb\":{\"@id\":\"https:\/\/cvl.colibrity.com\/en\/product\/lampadaire-calee\/#breadcrumb\"},\"inLanguage\":\"en-US\",\"potentialAction\":[{\"@type\":\"ReadAction\",\"target\":[\"https:\/\/cvl.colibrity.com\/en\/product\/lampadaire-calee\/\"]}]},{\"@type\":\"ImageObject\",\"inLanguage\":\"en-US\",\"@id\":\"https:\/\/cvl.colibrity.com\/en\/product\/lampadaire-calee\/#primaryimage\",\"url\":\"https:\/\/cvl.colibrity.com\/wp-content\/uploads\/2025\/03\/LPCALEXLSBSGBC_ambiance\u00a9StudioGarnier-min-scaled.jpg\",\"contentUrl\":\"https:\/\/cvl.colibrity.com\/wp-content\/uploads\/2025\/03\/LPCALEXLSBSGBC_ambiance\u00a9StudioGarnier-min-scaled.jpg\",\"width\":1920,\"height\":2560},{\"@type\":\"BreadcrumbList\",\"@id\":\"https:\/\/cvl.colibrity.com\/en\/product\/lampadaire-calee\/#breadcrumb\",\"itemListElement\":[{\"@type\":\"ListItem\",\"position\":1,\"name\":\"Home\",\"item\":\"https:\/\/cvl.colibrity.com\/en\/\"},{\"@type\":\"ListItem\",\"position\":2,\"name\":\"Lampadaire Cal\u00e9e\"}]},{\"@type\":\"WebSite\",\"@id\":\"https:\/\/cvl.colibrity.com\/#website\",\"url\":\"https:\/\/cvl.colibrity.com\/\",\"name\":\"CVL\",\"description\":\"\",\"publisher\":{\"@id\":\"https:\/\/cvl.colibrity.com\/#organization\"},\"potentialAction\":[{\"@type\":\"SearchAction\",\"target\":{\"@type\":\"EntryPoint\",\"urlTemplate\":\"https:\/\/cvl.colibrity.com\/?s={search_term_string}\"},\"query-input\":{\"@type\":\"PropertyValueSpecification\",\"valueRequired\":true,\"valueName\":\"search_term_string\"}}],\"inLanguage\":\"en-US\"},{\"@type\":\"Organization\",\"@id\":\"https:\/\/cvl.colibrity.com\/#organization\",\"name\":\"CVL\",\"url\":\"https:\/\/cvl.colibrity.com\/\",\"logo\":{\"@type\":\"ImageObject\",\"inLanguage\":\"en-US\",\"@id\":\"https:\/\/cvl.colibrity.com\/#\/schema\/logo\/image\/\",\"url\":\"https:\/\/cvl.colibrity.com\/wp-content\/uploads\/2025\/03\/CVL-logo-1.svg\",\"contentUrl\":\"https:\/\/cvl.colibrity.com\/wp-content\/uploads\/2025\/03\/CVL-logo-1.svg\",\"width\":125,\"height\":54,\"caption\":\"CVL\"},\"image\":{\"@id\":\"https:\/\/cvl.colibrity.com\/#\/schema\/logo\/image\/\"}}]}<\/script>\n<!-- \/ Yoast SEO plugin. -->","yoast_head_json":{"title":"Lampadaire Cal\u00e9e - CVL","description":"Discover the Cal\u00e9e floor lamp by POOL Studio.","robots":{"index":"noindex","follow":"follow","max-snippet":"max-snippet:-1","max-image-preview":"max-image-preview:large","max-video-preview":"max-video-preview:-1"},"og_locale":"en_US","og_type":"article","og_title":"Lampadaire Cal\u00e9e - CVL","og_description":"Discover the Cal\u00e9e floor lamp by POOL Studio.","og_url":"https:\/\/cvl.colibrity.com\/en\/product\/lampadaire-calee\/","og_site_name":"CVL","article_modified_time":"2025-03-31T16:24:15+00:00","og_image":[{"width":1579,"height":2560,"url":"https:\/\/cvl.colibrity.com\/wp-content\/uploads\/2025\/03\/LPCALEXLSBSGBC-min-scaled.jpg","type":"image\/jpeg"}],"twitter_card":"summary_large_image","twitter_misc":{"Est. reading time":"1 minute"},"schema":{"@context":"https:\/\/schema.org","@graph":[{"@type":"WebPage","@id":"https:\/\/cvl.colibrity.com\/en\/product\/lampadaire-calee\/","url":"https:\/\/cvl.colibrity.com\/en\/product\/lampadaire-calee\/","name":"Lampadaire Cal\u00e9e - CVL","isPartOf":{"@id":"https:\/\/cvl.colibrity.com\/#website"},"primaryImageOfPage":{"@id":"https:\/\/cvl.colibrity.com\/en\/product\/lampadaire-calee\/#primaryimage"},"image":{"@id":"https:\/\/cvl.colibrity.com\/en\/product\/lampadaire-calee\/#primaryimage"},"thumbnailUrl":"https:\/\/cvl.colibrity.com\/wp-content\/uploads\/2025\/03\/LPCALEXLSBSGBC_ambiance\u00a9StudioGarnier-min-scaled.jpg","datePublished":"2025-03-28T15:25:28+00:00","dateModified":"2025-03-31T16:24:15+00:00","description":"Discover the Cal\u00e9e floor lamp by POOL Studio.","breadcrumb":{"@id":"https:\/\/cvl.colibrity.com\/en\/product\/lampadaire-calee\/#breadcrumb"},"inLanguage":"en-US","potentialAction":[{"@type":"ReadAction","target":["https:\/\/cvl.colibrity.com\/en\/product\/lampadaire-calee\/"]}]},{"@type":"ImageObject","inLanguage":"en-US","@id":"https:\/\/cvl.colibrity.com\/en\/product\/lampadaire-calee\/#primaryimage","url":"https:\/\/cvl.colibrity.com\/wp-content\/uploads\/2025\/03\/LPCALEXLSBSGBC_ambiance\u00a9StudioGarnier-min-scaled.jpg","contentUrl":"https:\/\/cvl.colibrity.com\/wp-content\/uploads\/2025\/03\/LPCALEXLSBSGBC_ambiance\u00a9StudioGarnier-min-scaled.jpg","width":1920,"height":2560},{"@type":"BreadcrumbList","@id":"https:\/\/cvl.colibrity.com\/en\/product\/lampadaire-calee\/#breadcrumb","itemListElement":[{"@type":"ListItem","position":1,"name":"Home","item":"https:\/\/cvl.colibrity.com\/en\/"},{"@type":"ListItem","position":2,"name":"Lampadaire Cal\u00e9e"}]},{"@type":"WebSite","@id":"https:\/\/cvl.colibrity.com\/#website","url":"https:\/\/cvl.colibrity.com\/","name":"CVL","description":"","publisher":{"@id":"https:\/\/cvl.colibrity.com\/#organization"},"potentialAction":[{"@type":"SearchAction","target":{"@type":"EntryPoint","urlTemplate":"https:\/\/cvl.colibrity.com\/?s={search_term_string}"},"query-input":{"@type":"PropertyValueSpecification","valueRequired":true,"valueName":"search_term_string"}}],"inLanguage":"en-US"},{"@type":"Organization","@id":"https:\/\/cvl.colibrity.com\/#organization","name":"CVL","url":"https:\/\/cvl.colibrity.com\/","logo":{"@type":"ImageObject","inLanguage":"en-US","@id":"https:\/\/cvl.colibrity.com\/#\/schema\/logo\/image\/","url":"https:\/\/cvl.colibrity.com\/wp-content\/uploads\/2025\/03\/CVL-logo-1.svg","contentUrl":"https:\/\/cvl.colibrity.com\/wp-content\/uploads\/2025\/03\/CVL-logo-1.svg","width":125,"height":54,"caption":"CVL"},"image":{"@id":"https:\/\/cvl.colibrity.com\/#\/schema\/logo\/image\/"}}]}},"_links":{"self":[{"href":"https:\/\/cvl.colibrity.com\/en\/wp-json\/wp\/v2\/product\/7008","targetHints":{"allow":["GET"]}}],"collection":[{"href":"https:\/\/cvl.colibrity.com\/en\/wp-json\/wp\/v2\/product"}],"about":[{"href":"https:\/\/cvl.colibrity.com\/en\/wp-json\/wp\/v2\/types\/product"}],"replies":[{"embeddable":true,"href":"https:\/\/cvl.colibrity.com\/en\/wp-json\/wp\/v2\/comments?post=7008"}],"wp:featuredmedia":[{"embeddable":true,"href":"https:\/\/cvl.colibrity.com\/en\/wp-json\/wp\/v2\/media\/7004"}],"wp:attachment":[{"href":"https:\/\/cvl.colibrity.com\/en\/wp-json\/wp\/v2\/media?parent=7008"}],"wp:term":[{"taxonomy":"product_brand","embeddable":true,"href":"https:\/\/cvl.colibrity.com\/en\/wp-json\/wp\/v2\/product_brand?post=7008"},{"taxonomy":"product_cat","embeddable":true,"href":"https:\/\/cvl.colibrity.com\/en\/wp-json\/wp\/v2\/product_cat?post=7008"},{"taxonomy":"product_tag","embeddable":true,"href":"https:\/\/cvl.colibrity.com\/en\/wp-json\/wp\/v2\/product_tag?post=7008"},{"taxonomy":"product_family","embeddable":true,"href":"https:\/\/cvl.colibrity.com\/en\/wp-json\/wp\/v2\/product_family?post=7008"}],"curies":[{"name":"wp","href":"https:\/\/api.w.org\/{rel}","templated":true}]}}