{"id":6957,"date":"2025-03-28T15:25:12","date_gmt":"2025-03-28T15:25:12","guid":{"rendered":"https:\/\/cvl.colibrity.com\/product\/lampadaires-arborescence\/"},"modified":"2025-03-31T20:21:28","modified_gmt":"2025-03-31T20:21:28","slug":"lampadaires-arborescence","status":"publish","type":"product","link":"https:\/\/cvl.colibrity.com\/en\/product\/lampadaires-arborescence\/","title":{"rendered":"Lampadaires Arborescence"},"content":{"rendered":"<p>An open collection, Arborescence is a complete range available in different sizes. It&#8217;s scalable, so you can go for a made-to-measure solution.<br \/>\nHeight to measure, LED and DALI versions on request.<\/p>\n","protected":false},"excerpt":{"rendered":"<p>An open collection, Arborescence is a complete range available in different sizes. It&#8217;s scalable, so you can go for a made-to-measure solution. Height to measure, LED and DALI versions on request.<\/p>\n","protected":false},"featured_media":7033,"comment_status":"closed","ping_status":"closed","template":"","meta":{"_acf_changed":false,"inline_featured_image":false},"product_brand":[],"product_cat":[79],"product_tag":[489,490],"product_family":[194],"class_list":{"0":"post-6957","1":"product","2":"type-product","3":"status-publish","4":"has-post-thumbnail","6":"product_cat-arborescence-en","7":"product_tag-herve-langlais-en","8":"product_tag-lampadaires-en","9":"product_family-arborescence-floor-lamp","11":"first","12":"instock","13":"product-type-simple"},"acf":{"finishes_wpml":[{"value":"SC","label":"Cuivre Satin\u00e9"},{"value":"PC","label":"Cuivre Poli "},{"value":"SB","label":"Laiton satin\u00e9"},{"value":"PB","label":"Laiton Poli "},{"value":"SG","label":"Graphite Satin\u00e9"},{"value":"PG","label":"Graphite Poli "},{"value":"SN","label":"Nickel Satin\u00e9"},{"value":"PN","label":"Nickel Poli"}],"abat-jours_wpml":[{"value":"100M1","label":"Drop Paper\u00ae \u2028100 M1"},{"value":"101M1","label":"Drop Paper\u00ae \u2028101 M1"}],"material_wpml":[{"value":"SB","label":"Laiton massif"},{"value":"CT","label":"C\u00e2ble textile"}],"type":[{"value":"lamp","label":"Lampadaires"}],"source":[{"value":"field_67abb07ee3b58_16","label":"E27"}],"variations":[{"value":"field_67abb0a7e3b5c_872","label":"Oui"}],"indice_ip":[{"value":"field_67abb0b6e3b60_331","label":"IP20"}],"tags":[{"value":"bestseller","label":"Bestseller"}],"tabs":{"value":"Tab 2","label":"Tab 2"},"dublicate":[],"tab_title":"France & others ","technical_specifications_flexible":[{"acf_fc_layout":"flexible_table","title":"Arborescence Floor lamps","row":[{"label":"Lamping","value":"E27 LED 20W max not included"},{"label":"Power","value":"20W"},{"label":"Dimmable","value":"Yes - foot-operated dimmer"}]}],"material":[{"value":"field_67abb02fe3b54_511","label":"Laiton"}],"project":false,"country":{"field_67bcd558998ad_973":{"value":"France","label":"France"},"field_67bcd558998ad_810":{"value":"Allemagne","label":"Allemagne"},"field_67bcd558998ad_528":{"value":"Russie","label":"Russie"},"field_67bcd558998ad_152":{"value":"Italie","label":"Italie"},"field_67bcd558998ad_550":{"value":"Monaco","label":"Monaco"},"field_67bcd558998ad_406":{"value":"Inde","label":"Inde"},"field_67bcd558998ad_968":{"value":"\u00c9tats-Unis","label":"\u00c9tats-Unis"},"field_67bcd558998ad_202":{"value":"Canada","label":"Canada"},"field_67bcd558998ad_977":{"value":"Belgique","label":"Belgique"},"field_67bcd558998ad_192":{"value":"Espagne","label":"Espagne"},"field_67bcd558998ad_713":{"value":"Pologne","label":"Pologne"},"field_67bcd558998ad_565":{"value":"Maroc","label":"Maroc"},"field_67bcd558998ad_445":{"value":"Liban","label":"Liban"},"field_67bcd558998ad_777":{"value":"Singapour","label":"Singapour"},"field_67bcd558998ad_411":{"value":"Malte","label":"Malte"}},"sector":{"field_67bcd5b2a1783_780":{"value":"Restaurant","label":"Restaurant"},"field_67bcd5b2a1783_508":{"value":"R\u00e9sidentiel","label":"R\u00e9sidentiel"},"field_67bcd5b2a1783_623":{"value":"Collaboration commerciale","label":"Collaboration commerciale"},"field_67bcd5b2a1783_35":{"value":"Hotellerie","label":"Hotellerie"}},"tab_title_2":"USA & Canada","technical_specifications_flexible_tab_2":[{"acf_fc_layout":"flexible_text","title":"","group-text":{"text":"","icon_1":[],"icon_2":["UL"]}},{"acf_fc_layout":"flexible_table","title":"Lampadaires Arborescence : XXS - XS - S - L - XL - XXL","row":[{"label":"Lamping","value":"E26 Type A 150W max. bulb not included"},{"label":"Power","value":"150W "},{"label":"Dimmable","value":"Yes - foot operated-dimmer"}]}],"media_preview_wpml":{"name":"Lampadaires Arborescence","preview":"https:\/\/cvl.colibrity.com\/wp-content\/uploads\/2025\/03\/preview_cvl_00003_01.jpg","link_extra_small_folder":"\/wp-content\/uploads\/2025\/preview\/extra\/preview_cvl_00003_01.jpg"}},"yoast_head":"<!-- This site is optimized with the Yoast SEO plugin v24.9 - https:\/\/yoast.com\/wordpress\/plugins\/seo\/ -->\n<title>Lampadaires Arborescence - CVL<\/title>\n<meta name=\"description\" content=\"Discover arborescence floor lamp by Herv\u00e9 Langlais.\" \/>\n<meta name=\"robots\" content=\"noindex, follow, max-snippet:-1, max-image-preview:large, max-video-preview:-1\" \/>\n<meta property=\"og:locale\" content=\"en_US\" \/>\n<meta property=\"og:type\" content=\"article\" \/>\n<meta property=\"og:title\" content=\"Lampadaires Arborescence - CVL\" \/>\n<meta property=\"og:description\" content=\"Discover arborescence floor lamp by Herv\u00e9 Langlais.\" \/>\n<meta property=\"og:url\" content=\"https:\/\/cvl.colibrity.com\/en\/product\/lampadaires-arborescence\/\" \/>\n<meta property=\"og:site_name\" content=\"CVL\" \/>\n<meta property=\"article:modified_time\" content=\"2025-03-31T20:21:28+00:00\" \/>\n<meta property=\"og:image\" content=\"https:\/\/cvl.colibrity.com\/wp-content\/uploads\/2025\/03\/cvl_00003_01-1-scaled.jpg\" \/>\n\t<meta property=\"og:image:width\" content=\"1709\" \/>\n\t<meta property=\"og:image:height\" content=\"2560\" \/>\n\t<meta property=\"og:image:type\" content=\"image\/jpeg\" \/>\n<meta name=\"twitter:card\" content=\"summary_large_image\" \/>\n<meta name=\"twitter:label1\" content=\"Est. reading time\" \/>\n\t<meta name=\"twitter:data1\" content=\"1 minute\" \/>\n<script type=\"application\/ld+json\" class=\"yoast-schema-graph\">{\"@context\":\"https:\/\/schema.org\",\"@graph\":[{\"@type\":\"WebPage\",\"@id\":\"https:\/\/cvl.colibrity.com\/en\/product\/lampadaires-arborescence\/\",\"url\":\"https:\/\/cvl.colibrity.com\/en\/product\/lampadaires-arborescence\/\",\"name\":\"Lampadaires Arborescence - CVL\",\"isPartOf\":{\"@id\":\"https:\/\/cvl.colibrity.com\/#website\"},\"primaryImageOfPage\":{\"@id\":\"https:\/\/cvl.colibrity.com\/en\/product\/lampadaires-arborescence\/#primaryimage\"},\"image\":{\"@id\":\"https:\/\/cvl.colibrity.com\/en\/product\/lampadaires-arborescence\/#primaryimage\"},\"thumbnailUrl\":\"https:\/\/cvl.colibrity.com\/wp-content\/uploads\/2025\/03\/cvl_00003_01-1-scaled.jpg\",\"datePublished\":\"2025-03-28T15:25:12+00:00\",\"dateModified\":\"2025-03-31T20:21:28+00:00\",\"description\":\"Discover arborescence floor lamp by Herv\u00e9 Langlais.\",\"breadcrumb\":{\"@id\":\"https:\/\/cvl.colibrity.com\/en\/product\/lampadaires-arborescence\/#breadcrumb\"},\"inLanguage\":\"en-US\",\"potentialAction\":[{\"@type\":\"ReadAction\",\"target\":[\"https:\/\/cvl.colibrity.com\/en\/product\/lampadaires-arborescence\/\"]}]},{\"@type\":\"ImageObject\",\"inLanguage\":\"en-US\",\"@id\":\"https:\/\/cvl.colibrity.com\/en\/product\/lampadaires-arborescence\/#primaryimage\",\"url\":\"https:\/\/cvl.colibrity.com\/wp-content\/uploads\/2025\/03\/cvl_00003_01-1-scaled.jpg\",\"contentUrl\":\"https:\/\/cvl.colibrity.com\/wp-content\/uploads\/2025\/03\/cvl_00003_01-1-scaled.jpg\",\"width\":1709,\"height\":2560},{\"@type\":\"BreadcrumbList\",\"@id\":\"https:\/\/cvl.colibrity.com\/en\/product\/lampadaires-arborescence\/#breadcrumb\",\"itemListElement\":[{\"@type\":\"ListItem\",\"position\":1,\"name\":\"Home\",\"item\":\"https:\/\/cvl.colibrity.com\/en\/\"},{\"@type\":\"ListItem\",\"position\":2,\"name\":\"Lampadaires Arborescence\"}]},{\"@type\":\"WebSite\",\"@id\":\"https:\/\/cvl.colibrity.com\/#website\",\"url\":\"https:\/\/cvl.colibrity.com\/\",\"name\":\"CVL\",\"description\":\"\",\"publisher\":{\"@id\":\"https:\/\/cvl.colibrity.com\/#organization\"},\"potentialAction\":[{\"@type\":\"SearchAction\",\"target\":{\"@type\":\"EntryPoint\",\"urlTemplate\":\"https:\/\/cvl.colibrity.com\/?s={search_term_string}\"},\"query-input\":{\"@type\":\"PropertyValueSpecification\",\"valueRequired\":true,\"valueName\":\"search_term_string\"}}],\"inLanguage\":\"en-US\"},{\"@type\":\"Organization\",\"@id\":\"https:\/\/cvl.colibrity.com\/#organization\",\"name\":\"CVL\",\"url\":\"https:\/\/cvl.colibrity.com\/\",\"logo\":{\"@type\":\"ImageObject\",\"inLanguage\":\"en-US\",\"@id\":\"https:\/\/cvl.colibrity.com\/#\/schema\/logo\/image\/\",\"url\":\"https:\/\/cvl.colibrity.com\/wp-content\/uploads\/2025\/03\/CVL-logo-1.svg\",\"contentUrl\":\"https:\/\/cvl.colibrity.com\/wp-content\/uploads\/2025\/03\/CVL-logo-1.svg\",\"width\":125,\"height\":54,\"caption\":\"CVL\"},\"image\":{\"@id\":\"https:\/\/cvl.colibrity.com\/#\/schema\/logo\/image\/\"}}]}<\/script>\n<!-- \/ Yoast SEO plugin. -->","yoast_head_json":{"title":"Lampadaires Arborescence - CVL","description":"Discover arborescence floor lamp by Herv\u00e9 Langlais.","robots":{"index":"noindex","follow":"follow","max-snippet":"max-snippet:-1","max-image-preview":"max-image-preview:large","max-video-preview":"max-video-preview:-1"},"og_locale":"en_US","og_type":"article","og_title":"Lampadaires Arborescence - CVL","og_description":"Discover arborescence floor lamp by Herv\u00e9 Langlais.","og_url":"https:\/\/cvl.colibrity.com\/en\/product\/lampadaires-arborescence\/","og_site_name":"CVL","article_modified_time":"2025-03-31T20:21:28+00:00","og_image":[{"width":1709,"height":2560,"url":"https:\/\/cvl.colibrity.com\/wp-content\/uploads\/2025\/03\/cvl_00003_01-1-scaled.jpg","type":"image\/jpeg"}],"twitter_card":"summary_large_image","twitter_misc":{"Est. reading time":"1 minute"},"schema":{"@context":"https:\/\/schema.org","@graph":[{"@type":"WebPage","@id":"https:\/\/cvl.colibrity.com\/en\/product\/lampadaires-arborescence\/","url":"https:\/\/cvl.colibrity.com\/en\/product\/lampadaires-arborescence\/","name":"Lampadaires Arborescence - CVL","isPartOf":{"@id":"https:\/\/cvl.colibrity.com\/#website"},"primaryImageOfPage":{"@id":"https:\/\/cvl.colibrity.com\/en\/product\/lampadaires-arborescence\/#primaryimage"},"image":{"@id":"https:\/\/cvl.colibrity.com\/en\/product\/lampadaires-arborescence\/#primaryimage"},"thumbnailUrl":"https:\/\/cvl.colibrity.com\/wp-content\/uploads\/2025\/03\/cvl_00003_01-1-scaled.jpg","datePublished":"2025-03-28T15:25:12+00:00","dateModified":"2025-03-31T20:21:28+00:00","description":"Discover arborescence floor lamp by Herv\u00e9 Langlais.","breadcrumb":{"@id":"https:\/\/cvl.colibrity.com\/en\/product\/lampadaires-arborescence\/#breadcrumb"},"inLanguage":"en-US","potentialAction":[{"@type":"ReadAction","target":["https:\/\/cvl.colibrity.com\/en\/product\/lampadaires-arborescence\/"]}]},{"@type":"ImageObject","inLanguage":"en-US","@id":"https:\/\/cvl.colibrity.com\/en\/product\/lampadaires-arborescence\/#primaryimage","url":"https:\/\/cvl.colibrity.com\/wp-content\/uploads\/2025\/03\/cvl_00003_01-1-scaled.jpg","contentUrl":"https:\/\/cvl.colibrity.com\/wp-content\/uploads\/2025\/03\/cvl_00003_01-1-scaled.jpg","width":1709,"height":2560},{"@type":"BreadcrumbList","@id":"https:\/\/cvl.colibrity.com\/en\/product\/lampadaires-arborescence\/#breadcrumb","itemListElement":[{"@type":"ListItem","position":1,"name":"Home","item":"https:\/\/cvl.colibrity.com\/en\/"},{"@type":"ListItem","position":2,"name":"Lampadaires Arborescence"}]},{"@type":"WebSite","@id":"https:\/\/cvl.colibrity.com\/#website","url":"https:\/\/cvl.colibrity.com\/","name":"CVL","description":"","publisher":{"@id":"https:\/\/cvl.colibrity.com\/#organization"},"potentialAction":[{"@type":"SearchAction","target":{"@type":"EntryPoint","urlTemplate":"https:\/\/cvl.colibrity.com\/?s={search_term_string}"},"query-input":{"@type":"PropertyValueSpecification","valueRequired":true,"valueName":"search_term_string"}}],"inLanguage":"en-US"},{"@type":"Organization","@id":"https:\/\/cvl.colibrity.com\/#organization","name":"CVL","url":"https:\/\/cvl.colibrity.com\/","logo":{"@type":"ImageObject","inLanguage":"en-US","@id":"https:\/\/cvl.colibrity.com\/#\/schema\/logo\/image\/","url":"https:\/\/cvl.colibrity.com\/wp-content\/uploads\/2025\/03\/CVL-logo-1.svg","contentUrl":"https:\/\/cvl.colibrity.com\/wp-content\/uploads\/2025\/03\/CVL-logo-1.svg","width":125,"height":54,"caption":"CVL"},"image":{"@id":"https:\/\/cvl.colibrity.com\/#\/schema\/logo\/image\/"}}]}},"_links":{"self":[{"href":"https:\/\/cvl.colibrity.com\/en\/wp-json\/wp\/v2\/product\/6957","targetHints":{"allow":["GET"]}}],"collection":[{"href":"https:\/\/cvl.colibrity.com\/en\/wp-json\/wp\/v2\/product"}],"about":[{"href":"https:\/\/cvl.colibrity.com\/en\/wp-json\/wp\/v2\/types\/product"}],"replies":[{"embeddable":true,"href":"https:\/\/cvl.colibrity.com\/en\/wp-json\/wp\/v2\/comments?post=6957"}],"wp:featuredmedia":[{"embeddable":true,"href":"https:\/\/cvl.colibrity.com\/en\/wp-json\/wp\/v2\/media\/7033"}],"wp:attachment":[{"href":"https:\/\/cvl.colibrity.com\/en\/wp-json\/wp\/v2\/media?parent=6957"}],"wp:term":[{"taxonomy":"product_brand","embeddable":true,"href":"https:\/\/cvl.colibrity.com\/en\/wp-json\/wp\/v2\/product_brand?post=6957"},{"taxonomy":"product_cat","embeddable":true,"href":"https:\/\/cvl.colibrity.com\/en\/wp-json\/wp\/v2\/product_cat?post=6957"},{"taxonomy":"product_tag","embeddable":true,"href":"https:\/\/cvl.colibrity.com\/en\/wp-json\/wp\/v2\/product_tag?post=6957"},{"taxonomy":"product_family","embeddable":true,"href":"https:\/\/cvl.colibrity.com\/en\/wp-json\/wp\/v2\/product_family?post=6957"}],"curies":[{"name":"wp","href":"https:\/\/api.w.org\/{rel}","templated":true}]}}