{"id":6953,"date":"2025-03-28T15:25:10","date_gmt":"2025-03-28T15:25:10","guid":{"rendered":"https:\/\/cvl.colibrity.com\/?post_type=product&#038;p=6953"},"modified":"2025-03-31T13:18:44","modified_gmt":"2025-03-31T13:18:44","slug":"lampe-de-table-arborescence","status":"publish","type":"product","link":"https:\/\/cvl.colibrity.com\/en\/product\/lampe-de-table-arborescence\/","title":{"rendered":"Lampe de table Arborescence"},"content":{"rendered":"<p>An open collection, Arborescence is a complete range available in different sizes. It&#8217;s scalable, so you can go for a made-to-measure solution.<br \/>\nHeight to measure, LED and DALI versions on request.<\/p>\n","protected":false},"excerpt":{"rendered":"<p>An open collection, Arborescence is a complete range available in different sizes. It&#8217;s scalable, so you can go for a made-to-measure solution. Height to measure, LED and DALI versions on request.<\/p>\n","protected":false},"featured_media":4765,"comment_status":"closed","ping_status":"closed","template":"","meta":{"_acf_changed":false,"inline_featured_image":false},"product_brand":[],"product_cat":[79],"product_tag":[489,493],"product_family":[192],"class_list":{"0":"post-6953","1":"product","2":"type-product","3":"status-publish","4":"has-post-thumbnail","6":"product_cat-arborescence-en","7":"product_tag-herve-langlais-en","8":"product_tag-lampes-de-table-en","9":"product_family-arborescence-table-lamp","11":"first","12":"instock","13":"product-type-simple"},"acf":{"media_preview_wpml":{"name":"Lampe Arborescence","preview":"https:\/\/cvl.colibrity.com\/wp-content\/uploads\/2025\/03\/preview_cvl_00002_01.jpg","link_extra_small_folder":"\/wp-content\/uploads\/2025\/preview\/extra\/preview_cvl_00002_01.jpg"},"tabs":{"value":"Tab 2","label":"Tab 2"},"tab_title":"France and others","technical_specifications_flexible":[{"acf_fc_layout":"flexible_table","title":"Arborescence Table Lamp ","row":[{"label":"Lamping","value":"E27 LED 20W max. not included"},{"label":"Power","value":"20W"},{"label":"Dimmable","value":"Yes"}]}],"tags":[],"project":false,"country":{"field_67bcd558998ad_973":{"value":"France","label":"France"},"field_67bcd558998ad_810":{"value":"Allemagne","label":"Allemagne"},"field_67bcd558998ad_528":{"value":"Russie","label":"Russie"},"field_67bcd558998ad_152":{"value":"Italie","label":"Italie"},"field_67bcd558998ad_550":{"value":"Monaco","label":"Monaco"},"field_67bcd558998ad_406":{"value":"Inde","label":"Inde"},"field_67bcd558998ad_968":{"value":"\u00c9tats-Unis","label":"\u00c9tats-Unis"},"field_67bcd558998ad_202":{"value":"Canada","label":"Canada"},"field_67bcd558998ad_977":{"value":"Belgique","label":"Belgique"},"field_67bcd558998ad_192":{"value":"Espagne","label":"Espagne"},"field_67bcd558998ad_713":{"value":"Pologne","label":"Pologne"},"field_67bcd558998ad_565":{"value":"Maroc","label":"Maroc"},"field_67bcd558998ad_445":{"value":"Liban","label":"Liban"},"field_67bcd558998ad_777":{"value":"Singapour","label":"Singapour"},"field_67bcd558998ad_411":{"value":"Malte","label":"Malte"}},"sector":{"field_67bcd5b2a1783_780":{"value":"Restaurant","label":"Restaurant"},"field_67bcd5b2a1783_508":{"value":"R\u00e9sidentiel","label":"R\u00e9sidentiel"},"field_67bcd5b2a1783_623":{"value":"Collaboration commerciale","label":"Collaboration commerciale"},"field_67bcd5b2a1783_35":{"value":"Hotellerie","label":"Hotellerie"}},"type":[{"value":"field_67abaec68fe1e_270","label":"Lampe de table"}],"finishes_wpml":[{"value":"SC","label":"Cuivre Satin\u00e9"},{"value":"PC","label":"Cuivre Poli "},{"value":"SB","label":"Laiton satin\u00e9"},{"value":"PB","label":"Laiton Poli "},{"value":"SG","label":"Graphite Satin\u00e9"},{"value":"PG","label":"Graphite Poli "},{"value":"SN","label":"Nickel Satin\u00e9"},{"value":"PN","label":"Nickel Poli"}],"abat-jours_wpml":[{"value":"100M1","label":"Drop Paper\u00ae \u2028100 M1"}],"material_wpml":[{"value":"SB","label":"Laiton massif"},{"value":"CT","label":"C\u00e2ble textile"}],"source":[{"value":"field_67abb07ee3b58_16","label":"E27"}],"variations":[{"value":"field_67abb0a7e3b5c_872","label":"Oui"}],"indice_ip":[{"value":"field_67abb0b6e3b60_331","label":"IP20"}],"material":[{"value":"field_67abb02fe3b54_511","label":"Laiton"}],"dublicate":[],"tab_title_2":"USA & Canada","technical_specifications_flexible_tab_2":[{"acf_fc_layout":"flexible_text","title":"","group-text":{"text":"","icon_1":[],"icon_2":["UL"]}},{"acf_fc_layout":"flexible_table","title":"Arborescence Table Lamp ","row":[{"label":"Lamping","value":"E26 Type A 100W max. bulb not included "},{"label":"Power","value":"100W"},{"label":"Dimmable","value":"Yes"}]}],"download_wpnl":{"notice_dinstallation":""},"view_in_ar":{"title":"","url":"","target":"","0":""}},"yoast_head":"<!-- This site is optimized with the Yoast SEO plugin v24.9 - https:\/\/yoast.com\/wordpress\/plugins\/seo\/ -->\n<title>Lampe de table Arborescence - CVL<\/title>\n<meta name=\"description\" content=\"Discover the arborescence table lamp by Herv\u00e9 Langlais.\" \/>\n<meta name=\"robots\" content=\"noindex, follow, max-snippet:-1, max-image-preview:large, max-video-preview:-1\" \/>\n<meta property=\"og:locale\" content=\"en_US\" \/>\n<meta property=\"og:type\" content=\"article\" \/>\n<meta property=\"og:title\" content=\"Lampe de table Arborescence - CVL\" \/>\n<meta property=\"og:description\" content=\"Discover the arborescence table lamp by Herv\u00e9 Langlais.\" \/>\n<meta property=\"og:url\" content=\"https:\/\/cvl.colibrity.com\/en\/product\/lampe-de-table-arborescence\/\" \/>\n<meta property=\"og:site_name\" content=\"CVL\" \/>\n<meta property=\"article:modified_time\" content=\"2025-03-31T13:18:44+00:00\" \/>\n<meta property=\"og:image\" content=\"https:\/\/cvl.colibrity.com\/wp-content\/uploads\/2025\/03\/LAARBOXSSB_ambiance\u00a9StudioGarnier_result.jpg\" \/>\n\t<meta property=\"og:image:width\" content=\"1000\" \/>\n\t<meta property=\"og:image:height\" content=\"1200\" \/>\n\t<meta property=\"og:image:type\" content=\"image\/jpeg\" \/>\n<meta name=\"twitter:card\" content=\"summary_large_image\" \/>\n<meta name=\"twitter:label1\" content=\"Est. reading time\" \/>\n\t<meta name=\"twitter:data1\" content=\"1 minute\" \/>\n<script type=\"application\/ld+json\" class=\"yoast-schema-graph\">{\"@context\":\"https:\/\/schema.org\",\"@graph\":[{\"@type\":\"WebPage\",\"@id\":\"https:\/\/cvl.colibrity.com\/en\/product\/lampe-de-table-arborescence\/\",\"url\":\"https:\/\/cvl.colibrity.com\/en\/product\/lampe-de-table-arborescence\/\",\"name\":\"Lampe de table Arborescence - CVL\",\"isPartOf\":{\"@id\":\"https:\/\/cvl.colibrity.com\/#website\"},\"primaryImageOfPage\":{\"@id\":\"https:\/\/cvl.colibrity.com\/en\/product\/lampe-de-table-arborescence\/#primaryimage\"},\"image\":{\"@id\":\"https:\/\/cvl.colibrity.com\/en\/product\/lampe-de-table-arborescence\/#primaryimage\"},\"thumbnailUrl\":\"https:\/\/cvl.colibrity.com\/wp-content\/uploads\/2025\/03\/LAARBOXSSB_ambiance\u00a9StudioGarnier_result-e1744014331837.jpg\",\"datePublished\":\"2025-03-28T15:25:10+00:00\",\"dateModified\":\"2025-03-31T13:18:44+00:00\",\"description\":\"Discover the arborescence table lamp by Herv\u00e9 Langlais.\",\"breadcrumb\":{\"@id\":\"https:\/\/cvl.colibrity.com\/en\/product\/lampe-de-table-arborescence\/#breadcrumb\"},\"inLanguage\":\"en-US\",\"potentialAction\":[{\"@type\":\"ReadAction\",\"target\":[\"https:\/\/cvl.colibrity.com\/en\/product\/lampe-de-table-arborescence\/\"]}]},{\"@type\":\"ImageObject\",\"inLanguage\":\"en-US\",\"@id\":\"https:\/\/cvl.colibrity.com\/en\/product\/lampe-de-table-arborescence\/#primaryimage\",\"url\":\"https:\/\/cvl.colibrity.com\/wp-content\/uploads\/2025\/03\/LAARBOXSSB_ambiance\u00a9StudioGarnier_result-e1744014331837.jpg\",\"contentUrl\":\"https:\/\/cvl.colibrity.com\/wp-content\/uploads\/2025\/03\/LAARBOXSSB_ambiance\u00a9StudioGarnier_result-e1744014331837.jpg\",\"width\":1000,\"height\":1200},{\"@type\":\"BreadcrumbList\",\"@id\":\"https:\/\/cvl.colibrity.com\/en\/product\/lampe-de-table-arborescence\/#breadcrumb\",\"itemListElement\":[{\"@type\":\"ListItem\",\"position\":1,\"name\":\"Home\",\"item\":\"https:\/\/cvl.colibrity.com\/en\/\"},{\"@type\":\"ListItem\",\"position\":2,\"name\":\"Lampe de table Arborescence\"}]},{\"@type\":\"WebSite\",\"@id\":\"https:\/\/cvl.colibrity.com\/#website\",\"url\":\"https:\/\/cvl.colibrity.com\/\",\"name\":\"CVL\",\"description\":\"\",\"publisher\":{\"@id\":\"https:\/\/cvl.colibrity.com\/#organization\"},\"potentialAction\":[{\"@type\":\"SearchAction\",\"target\":{\"@type\":\"EntryPoint\",\"urlTemplate\":\"https:\/\/cvl.colibrity.com\/?s={search_term_string}\"},\"query-input\":{\"@type\":\"PropertyValueSpecification\",\"valueRequired\":true,\"valueName\":\"search_term_string\"}}],\"inLanguage\":\"en-US\"},{\"@type\":\"Organization\",\"@id\":\"https:\/\/cvl.colibrity.com\/#organization\",\"name\":\"CVL\",\"url\":\"https:\/\/cvl.colibrity.com\/\",\"logo\":{\"@type\":\"ImageObject\",\"inLanguage\":\"en-US\",\"@id\":\"https:\/\/cvl.colibrity.com\/#\/schema\/logo\/image\/\",\"url\":\"https:\/\/cvl.colibrity.com\/wp-content\/uploads\/2025\/03\/CVL-logo-1.svg\",\"contentUrl\":\"https:\/\/cvl.colibrity.com\/wp-content\/uploads\/2025\/03\/CVL-logo-1.svg\",\"width\":125,\"height\":54,\"caption\":\"CVL\"},\"image\":{\"@id\":\"https:\/\/cvl.colibrity.com\/#\/schema\/logo\/image\/\"}}]}<\/script>\n<!-- \/ Yoast SEO plugin. -->","yoast_head_json":{"title":"Lampe de table Arborescence - CVL","description":"Discover the arborescence table lamp by Herv\u00e9 Langlais.","robots":{"index":"noindex","follow":"follow","max-snippet":"max-snippet:-1","max-image-preview":"max-image-preview:large","max-video-preview":"max-video-preview:-1"},"og_locale":"en_US","og_type":"article","og_title":"Lampe de table Arborescence - CVL","og_description":"Discover the arborescence table lamp by Herv\u00e9 Langlais.","og_url":"https:\/\/cvl.colibrity.com\/en\/product\/lampe-de-table-arborescence\/","og_site_name":"CVL","article_modified_time":"2025-03-31T13:18:44+00:00","og_image":[{"width":1000,"height":1200,"url":"https:\/\/cvl.colibrity.com\/wp-content\/uploads\/2025\/03\/LAARBOXSSB_ambiance\u00a9StudioGarnier_result.jpg","type":"image\/jpeg"}],"twitter_card":"summary_large_image","twitter_misc":{"Est. reading time":"1 minute"},"schema":{"@context":"https:\/\/schema.org","@graph":[{"@type":"WebPage","@id":"https:\/\/cvl.colibrity.com\/en\/product\/lampe-de-table-arborescence\/","url":"https:\/\/cvl.colibrity.com\/en\/product\/lampe-de-table-arborescence\/","name":"Lampe de table Arborescence - CVL","isPartOf":{"@id":"https:\/\/cvl.colibrity.com\/#website"},"primaryImageOfPage":{"@id":"https:\/\/cvl.colibrity.com\/en\/product\/lampe-de-table-arborescence\/#primaryimage"},"image":{"@id":"https:\/\/cvl.colibrity.com\/en\/product\/lampe-de-table-arborescence\/#primaryimage"},"thumbnailUrl":"https:\/\/cvl.colibrity.com\/wp-content\/uploads\/2025\/03\/LAARBOXSSB_ambiance\u00a9StudioGarnier_result-e1744014331837.jpg","datePublished":"2025-03-28T15:25:10+00:00","dateModified":"2025-03-31T13:18:44+00:00","description":"Discover the arborescence table lamp by Herv\u00e9 Langlais.","breadcrumb":{"@id":"https:\/\/cvl.colibrity.com\/en\/product\/lampe-de-table-arborescence\/#breadcrumb"},"inLanguage":"en-US","potentialAction":[{"@type":"ReadAction","target":["https:\/\/cvl.colibrity.com\/en\/product\/lampe-de-table-arborescence\/"]}]},{"@type":"ImageObject","inLanguage":"en-US","@id":"https:\/\/cvl.colibrity.com\/en\/product\/lampe-de-table-arborescence\/#primaryimage","url":"https:\/\/cvl.colibrity.com\/wp-content\/uploads\/2025\/03\/LAARBOXSSB_ambiance\u00a9StudioGarnier_result-e1744014331837.jpg","contentUrl":"https:\/\/cvl.colibrity.com\/wp-content\/uploads\/2025\/03\/LAARBOXSSB_ambiance\u00a9StudioGarnier_result-e1744014331837.jpg","width":1000,"height":1200},{"@type":"BreadcrumbList","@id":"https:\/\/cvl.colibrity.com\/en\/product\/lampe-de-table-arborescence\/#breadcrumb","itemListElement":[{"@type":"ListItem","position":1,"name":"Home","item":"https:\/\/cvl.colibrity.com\/en\/"},{"@type":"ListItem","position":2,"name":"Lampe de table Arborescence"}]},{"@type":"WebSite","@id":"https:\/\/cvl.colibrity.com\/#website","url":"https:\/\/cvl.colibrity.com\/","name":"CVL","description":"","publisher":{"@id":"https:\/\/cvl.colibrity.com\/#organization"},"potentialAction":[{"@type":"SearchAction","target":{"@type":"EntryPoint","urlTemplate":"https:\/\/cvl.colibrity.com\/?s={search_term_string}"},"query-input":{"@type":"PropertyValueSpecification","valueRequired":true,"valueName":"search_term_string"}}],"inLanguage":"en-US"},{"@type":"Organization","@id":"https:\/\/cvl.colibrity.com\/#organization","name":"CVL","url":"https:\/\/cvl.colibrity.com\/","logo":{"@type":"ImageObject","inLanguage":"en-US","@id":"https:\/\/cvl.colibrity.com\/#\/schema\/logo\/image\/","url":"https:\/\/cvl.colibrity.com\/wp-content\/uploads\/2025\/03\/CVL-logo-1.svg","contentUrl":"https:\/\/cvl.colibrity.com\/wp-content\/uploads\/2025\/03\/CVL-logo-1.svg","width":125,"height":54,"caption":"CVL"},"image":{"@id":"https:\/\/cvl.colibrity.com\/#\/schema\/logo\/image\/"}}]}},"_links":{"self":[{"href":"https:\/\/cvl.colibrity.com\/en\/wp-json\/wp\/v2\/product\/6953","targetHints":{"allow":["GET"]}}],"collection":[{"href":"https:\/\/cvl.colibrity.com\/en\/wp-json\/wp\/v2\/product"}],"about":[{"href":"https:\/\/cvl.colibrity.com\/en\/wp-json\/wp\/v2\/types\/product"}],"replies":[{"embeddable":true,"href":"https:\/\/cvl.colibrity.com\/en\/wp-json\/wp\/v2\/comments?post=6953"}],"wp:featuredmedia":[{"embeddable":true,"href":"https:\/\/cvl.colibrity.com\/en\/wp-json\/wp\/v2\/media\/4765"}],"wp:attachment":[{"href":"https:\/\/cvl.colibrity.com\/en\/wp-json\/wp\/v2\/media?parent=6953"}],"wp:term":[{"taxonomy":"product_brand","embeddable":true,"href":"https:\/\/cvl.colibrity.com\/en\/wp-json\/wp\/v2\/product_brand?post=6953"},{"taxonomy":"product_cat","embeddable":true,"href":"https:\/\/cvl.colibrity.com\/en\/wp-json\/wp\/v2\/product_cat?post=6953"},{"taxonomy":"product_tag","embeddable":true,"href":"https:\/\/cvl.colibrity.com\/en\/wp-json\/wp\/v2\/product_tag?post=6953"},{"taxonomy":"product_family","embeddable":true,"href":"https:\/\/cvl.colibrity.com\/en\/wp-json\/wp\/v2\/product_family?post=6953"}],"curies":[{"name":"wp","href":"https:\/\/api.w.org\/{rel}","templated":true}]}}