{"id":6940,"date":"2025-03-28T15:55:38","date_gmt":"2025-03-28T15:55:38","guid":{"rendered":"https:\/\/cvl.colibrity.com\/product\/applique-link\/"},"modified":"2025-04-29T08:36:35","modified_gmt":"2025-04-29T08:36:35","slug":"applique-link","status":"publish","type":"product","link":"https:\/\/cvl.colibrity.com\/en\/product\/applique-link\/","title":{"rendered":"Applique Link"},"content":{"rendered":"<div class=\"main\">\n<div class=\"inner\">Simple and minimalist, the Link collection frames the light. Depending on the position of the light, the refined line can be fitted vertically or horizontally.<\/div>\n<\/div>\n<div class=\"secondary\">\n<div class=\"inner\">Link can be placed both horizontally or vertically on the wall. The wall light is adjustable in 2 ways. The front LED bar can be spinned around to diffuse the light in any direction and the rectangular frame can be flipped up and down when the light is positioned horizontally, and side to side when positioned vertically. Custom dimensions available upon request.<\/div>\n<\/div>\n","protected":false},"excerpt":{"rendered":"<p>Simple and minimalist, the Link collection frames the light. Depending on the position of the light, the refined line can be fitted vertically or horizontally. Link can be placed both horizontally or vertically on the wall. The wall light is adjustable in 2 ways. The front LED bar can be spinned around to diffuse the [&hellip;]<\/p>\n","protected":false},"featured_media":3015,"comment_status":"closed","ping_status":"closed","template":"","meta":{"_acf_changed":false,"inline_featured_image":false},"product_brand":[],"product_cat":[505],"product_tag":[430,173],"product_family":[241],"class_list":{"0":"post-6940","1":"product","2":"type-product","3":"status-publish","4":"has-post-thumbnail","6":"product_cat-test-en","7":"product_tag-appliques-en","8":"product_tag-emilie-cathelineau","9":"product_family-link-wall-lights","11":"first","12":"instock","13":"product-type-simple"},"acf":{"material_wpml":[{"value":"SB","label":"Laiton massif"},{"value":"DF","label":"Diffuseur polycarbonate "}],"type":[{"value":"field_67abaec68fe1e_644","label":"Appliques"}],"material":[{"value":"field_67abb02fe3b54_511","label":"Laiton"}],"source":[{"value":"field_67abb07ee3b58_28","label":"LED Int\u00e9gr\u00e9e"}],"variations":[{"value":"field_67abb0a7e3b5c_872","label":"Oui"}],"indice_ip":[{"value":"field_67abb0b6e3b60_331","label":"IP20"}],"country":{"field_67bcd558998ad_973":{"value":"France","label":"France"},"field_67bcd558998ad_810":{"value":"Allemagne","label":"Allemagne"},"field_67bcd558998ad_528":{"value":"Russie","label":"Russie"},"field_67bcd558998ad_152":{"value":"Italie","label":"Italie"},"field_67bcd558998ad_550":{"value":"Monaco","label":"Monaco"},"field_67bcd558998ad_406":{"value":"Inde","label":"Inde"},"field_67bcd558998ad_968":{"value":"\u00c9tats-Unis","label":"\u00c9tats-Unis"},"field_67bcd558998ad_202":{"value":"Canada","label":"Canada"},"field_67bcd558998ad_977":{"value":"Belgique","label":"Belgique"},"field_67bcd558998ad_192":{"value":"Espagne","label":"Espagne"},"field_67bcd558998ad_713":{"value":"Pologne","label":"Pologne"},"field_67bcd558998ad_565":{"value":"Maroc","label":"Maroc"},"field_67bcd558998ad_445":{"value":"Liban","label":"Liban"},"field_67bcd558998ad_777":{"value":"Singapour","label":"Singapour"},"field_67bcd558998ad_411":{"value":"Malte","label":"Malte"}},"sector":{"field_67bcd5b2a1783_780":{"value":"Restaurant","label":"Restaurant"},"field_67bcd5b2a1783_508":{"value":"R\u00e9sidentiel","label":"R\u00e9sidentiel"},"field_67bcd5b2a1783_623":{"value":"Collaboration commerciale","label":"Collaboration commerciale"},"field_67bcd5b2a1783_35":{"value":"Hotellerie","label":"Hotellerie"}},"finishes_wpml":[{"value":"SC","label":"Cuivre Satin\u00e9"},{"value":"PC","label":"Cuivre Poli "},{"value":"SB","label":"Laiton satin\u00e9"},{"value":"PB","label":"Laiton Poli "},{"value":"SG","label":"Graphite Satin\u00e9"},{"value":"PG","label":"Graphite Poli "},{"value":"SN","label":"Nickel Satin\u00e9"},{"value":"PN","label":"Nickel Poli"}],"tags":[],"tabs":{"value":"Tab 2","label":"Tab 2"},"dublicate":[],"tab_title":"France et autres","technical_specifications_flexible":[{"acf_fc_layout":"flexible_table","title":"Link 985mm","row":[{"label":"Lamping","value":"Integrated LED"},{"label":"Luminous flux","value":"860lm"},{"label":"Color temperature","value":"2700\u00b0K"},{"label":"Power","value":"10W"},{"label":"Int. power supply","value":"Int. power supply 24V included"},{"label":"Dimmable","value":"Yes - Phase cut"}]},{"acf_fc_layout":"flexible_table","title":"Link 725mm","row":[{"label":"Lamping","value":"Integrated LED"},{"label":"Luminous flux","value":"620lm"},{"label":"Color temperature","value":"2700\u00b0K"},{"label":"Power","value":"8W"},{"label":"Int. power supply","value":"Int. power supply 24V included"},{"label":"Dimmable","value":"Yes - Phase cut"}]},{"acf_fc_layout":"flexible_table","title":"Link 525mm","row":[{"label":"Lamping","value":"Integrated LED"},{"label":"Luminous flux","value":"430lm"},{"label":"Color temperature","value":"2700\u00b0K"},{"label":"Power","value":"6W"},{"label":"Int. power supply","value":"Int. power supply 24V included"},{"label":"Dimmable","value":"Yes - Phase cut"}]},{"acf_fc_layout":"flexible_table","title":"Link 375mm","row":[{"label":"Lamping","value":"Integrated LED"},{"label":"Luminous flux","value":"290lm"},{"label":"Color temperature","value":"2700\u00b0K"},{"label":"Power","value":"5W"},{"label":"Int. power supply","value":"Int. power supply 24V included"},{"label":"Dimmable","value":"Yes - Phase cut"}]},{"acf_fc_layout":"flexible_table","title":"Link 275mm","row":[{"label":"Lamping","value":"Integrated LED"},{"label":"Luminous flux","value":"290lm"},{"label":"Color temperature","value":"2700\u00b0K"},{"label":"Power","value":"4W"},{"label":"Int. power supply","value":"Int. power supply 24V included"},{"label":"Dimmable","value":"Yes - Phase cut"}]}],"project":false,"media_preview_wpml":{"name":"Link wall light ","preview":"https:\/\/cvl.colibrity.com\/wp-content\/uploads\/2025\/04\/preview_cvl_00057_01.jpg","link_extra_small_folder":"\/wp-content\/uploads\/2025\/preview\/extra\/preview_cvl_00057_01.jpg"},"tab_title_2":"USA & Canada","technical_specifications_flexible_tab_2":[{"acf_fc_layout":"flexible_text","title":"","group-text":{"text":"","icon_1":[],"icon_2":["UL"]}},{"acf_fc_layout":"flexible_table","title":"Link 985mm","row":[{"label":"Lamping","value":"Integrated LED"},{"label":"Luminous flux","value":"860lm"},{"label":"Color temperature","value":"2700\u00b0k"},{"label":"Power","value":"10W"},{"label":"Int. power supply","value":"Int. power supply 24V incl"},{"label":"Dimmable","value":"No"}]},{"acf_fc_layout":"flexible_table","title":"Link 725mm","row":[{"label":"Lamping","value":"Integrated LED"},{"label":"Luminous flux","value":"620lm"},{"label":"Color temperature","value":"2700\u00b0k"},{"label":"Power","value":"8W"},{"label":"Int. power supply","value":"Int. power supply 24V incl"},{"label":"Dimmable","value":"No"}]},{"acf_fc_layout":"flexible_table","title":"Link 525mm","row":[{"label":"Lamping","value":"Integrated LED"},{"label":"Luminous flux","value":"430lm"},{"label":"Color temperature","value":"2700\u00b0k"},{"label":"Power","value":"6W"},{"label":"Int. power supply","value":"Int. power supply 24V incl"},{"label":"Dimmable","value":"No"}]},{"acf_fc_layout":"flexible_table","title":"Link 375mm","row":[{"label":"Lamping","value":"Integrated LED"},{"label":"Luminous flux","value":"290lm"},{"label":"Color temperature","value":"2700\u00b0k"},{"label":"Power","value":"5W"},{"label":"Int. power supply","value":"Int. power supply 24V incl"},{"label":"Dimmable","value":"No"}]},{"acf_fc_layout":"flexible_table","title":"Link 275mm","row":[{"label":"Lamping","value":"Integrated LED"},{"label":"Luminous flux","value":"290lm"},{"label":"Color temperature","value":"2700\u00b0k"},{"label":"Power","value":"4W"},{"label":"Int. power supply","value":"Int. power supply 24V incl"},{"label":"Dimmable","value":"No"}]}],"abat-jours_wpml":{"100":{"value":"Drop Paper\u00ae \u2028100","label":"Drop Paper\u00ae \u2028100"},"100M1":{"value":"Drop Paper\u00ae \u2028100 M1","label":"Drop Paper\u00ae \u2028100 M1"},"101":{"value":"Drop Paper\u00ae \u2028101","label":"Drop Paper\u00ae \u2028101"},"101M1":{"value":"Drop Paper\u00ae \u2028101 M1","label":"Drop Paper\u00ae \u2028101 M1"},"103M1":{"value":"Drop Paper\u00ae \u2028103 M1","label":"Drop Paper\u00ae \u2028103 M1"},"000":{"value":"Chinette noire","label":"Chinette noire"},"fff":{"value":"Chinette blanche","label":"Chinette blanche"},"Lin":{"value":"Lin","label":"Lin"},"tissu":{"value":"Abat-jour tissu","label":"Abat-jour tissu"}},"download_wpnl":{"notice_dinstallation":""}},"yoast_head":"<!-- This site is optimized with the Yoast SEO plugin v24.9 - https:\/\/yoast.com\/wordpress\/plugins\/seo\/ -->\n<title>Applique Link - CVL<\/title>\n<meta name=\"description\" content=\"Discover Link wall light, by \u00c9milie Cathelineau.\" \/>\n<meta name=\"robots\" content=\"noindex, follow, max-snippet:-1, max-image-preview:large, max-video-preview:-1\" \/>\n<meta property=\"og:locale\" content=\"en_US\" \/>\n<meta property=\"og:type\" content=\"article\" \/>\n<meta property=\"og:title\" content=\"Applique Link - CVL\" \/>\n<meta property=\"og:description\" content=\"Discover Link wall light, by \u00c9milie Cathelineau.\" \/>\n<meta property=\"og:url\" content=\"https:\/\/cvl.colibrity.com\/en\/product\/applique-link\/\" \/>\n<meta property=\"og:site_name\" content=\"CVL\" \/>\n<meta property=\"article:modified_time\" content=\"2025-04-29T08:36:35+00:00\" \/>\n<meta property=\"og:image\" content=\"https:\/\/cvl.colibrity.com\/wp-content\/uploads\/2025\/03\/APPLIQUE-LINK-2-768x1011-1.jpg\" \/>\n\t<meta property=\"og:image:width\" content=\"768\" \/>\n\t<meta property=\"og:image:height\" content=\"1011\" \/>\n\t<meta property=\"og:image:type\" content=\"image\/jpeg\" \/>\n<meta name=\"twitter:card\" content=\"summary_large_image\" \/>\n<meta name=\"twitter:label1\" content=\"Est. reading time\" \/>\n\t<meta name=\"twitter:data1\" content=\"1 minute\" \/>\n<script type=\"application\/ld+json\" class=\"yoast-schema-graph\">{\"@context\":\"https:\/\/schema.org\",\"@graph\":[{\"@type\":\"WebPage\",\"@id\":\"https:\/\/cvl.colibrity.com\/en\/product\/applique-link\/\",\"url\":\"https:\/\/cvl.colibrity.com\/en\/product\/applique-link\/\",\"name\":\"Applique Link - CVL\",\"isPartOf\":{\"@id\":\"https:\/\/cvl.colibrity.com\/#website\"},\"primaryImageOfPage\":{\"@id\":\"https:\/\/cvl.colibrity.com\/en\/product\/applique-link\/#primaryimage\"},\"image\":{\"@id\":\"https:\/\/cvl.colibrity.com\/en\/product\/applique-link\/#primaryimage\"},\"thumbnailUrl\":\"https:\/\/cvl.colibrity.com\/wp-content\/uploads\/2025\/03\/APPLIQUE-LINK-2-768x1011-1.jpg\",\"datePublished\":\"2025-03-28T15:55:38+00:00\",\"dateModified\":\"2025-04-29T08:36:35+00:00\",\"description\":\"Discover Link wall light, by \u00c9milie Cathelineau.\",\"breadcrumb\":{\"@id\":\"https:\/\/cvl.colibrity.com\/en\/product\/applique-link\/#breadcrumb\"},\"inLanguage\":\"en-US\",\"potentialAction\":[{\"@type\":\"ReadAction\",\"target\":[\"https:\/\/cvl.colibrity.com\/en\/product\/applique-link\/\"]}]},{\"@type\":\"ImageObject\",\"inLanguage\":\"en-US\",\"@id\":\"https:\/\/cvl.colibrity.com\/en\/product\/applique-link\/#primaryimage\",\"url\":\"https:\/\/cvl.colibrity.com\/wp-content\/uploads\/2025\/03\/APPLIQUE-LINK-2-768x1011-1.jpg\",\"contentUrl\":\"https:\/\/cvl.colibrity.com\/wp-content\/uploads\/2025\/03\/APPLIQUE-LINK-2-768x1011-1.jpg\",\"width\":768,\"height\":1011},{\"@type\":\"BreadcrumbList\",\"@id\":\"https:\/\/cvl.colibrity.com\/en\/product\/applique-link\/#breadcrumb\",\"itemListElement\":[{\"@type\":\"ListItem\",\"position\":1,\"name\":\"Home\",\"item\":\"https:\/\/cvl.colibrity.com\/en\/\"},{\"@type\":\"ListItem\",\"position\":2,\"name\":\"Applique Link\"}]},{\"@type\":\"WebSite\",\"@id\":\"https:\/\/cvl.colibrity.com\/#website\",\"url\":\"https:\/\/cvl.colibrity.com\/\",\"name\":\"CVL\",\"description\":\"\",\"publisher\":{\"@id\":\"https:\/\/cvl.colibrity.com\/#organization\"},\"potentialAction\":[{\"@type\":\"SearchAction\",\"target\":{\"@type\":\"EntryPoint\",\"urlTemplate\":\"https:\/\/cvl.colibrity.com\/?s={search_term_string}\"},\"query-input\":{\"@type\":\"PropertyValueSpecification\",\"valueRequired\":true,\"valueName\":\"search_term_string\"}}],\"inLanguage\":\"en-US\"},{\"@type\":\"Organization\",\"@id\":\"https:\/\/cvl.colibrity.com\/#organization\",\"name\":\"CVL\",\"url\":\"https:\/\/cvl.colibrity.com\/\",\"logo\":{\"@type\":\"ImageObject\",\"inLanguage\":\"en-US\",\"@id\":\"https:\/\/cvl.colibrity.com\/#\/schema\/logo\/image\/\",\"url\":\"https:\/\/cvl.colibrity.com\/wp-content\/uploads\/2025\/03\/CVL-logo-1.svg\",\"contentUrl\":\"https:\/\/cvl.colibrity.com\/wp-content\/uploads\/2025\/03\/CVL-logo-1.svg\",\"width\":125,\"height\":54,\"caption\":\"CVL\"},\"image\":{\"@id\":\"https:\/\/cvl.colibrity.com\/#\/schema\/logo\/image\/\"}}]}<\/script>\n<!-- \/ Yoast SEO plugin. -->","yoast_head_json":{"title":"Applique Link - CVL","description":"Discover Link wall light, by \u00c9milie Cathelineau.","robots":{"index":"noindex","follow":"follow","max-snippet":"max-snippet:-1","max-image-preview":"max-image-preview:large","max-video-preview":"max-video-preview:-1"},"og_locale":"en_US","og_type":"article","og_title":"Applique Link - CVL","og_description":"Discover Link wall light, by \u00c9milie Cathelineau.","og_url":"https:\/\/cvl.colibrity.com\/en\/product\/applique-link\/","og_site_name":"CVL","article_modified_time":"2025-04-29T08:36:35+00:00","og_image":[{"width":768,"height":1011,"url":"https:\/\/cvl.colibrity.com\/wp-content\/uploads\/2025\/03\/APPLIQUE-LINK-2-768x1011-1.jpg","type":"image\/jpeg"}],"twitter_card":"summary_large_image","twitter_misc":{"Est. reading time":"1 minute"},"schema":{"@context":"https:\/\/schema.org","@graph":[{"@type":"WebPage","@id":"https:\/\/cvl.colibrity.com\/en\/product\/applique-link\/","url":"https:\/\/cvl.colibrity.com\/en\/product\/applique-link\/","name":"Applique Link - CVL","isPartOf":{"@id":"https:\/\/cvl.colibrity.com\/#website"},"primaryImageOfPage":{"@id":"https:\/\/cvl.colibrity.com\/en\/product\/applique-link\/#primaryimage"},"image":{"@id":"https:\/\/cvl.colibrity.com\/en\/product\/applique-link\/#primaryimage"},"thumbnailUrl":"https:\/\/cvl.colibrity.com\/wp-content\/uploads\/2025\/03\/APPLIQUE-LINK-2-768x1011-1.jpg","datePublished":"2025-03-28T15:55:38+00:00","dateModified":"2025-04-29T08:36:35+00:00","description":"Discover Link wall light, by \u00c9milie Cathelineau.","breadcrumb":{"@id":"https:\/\/cvl.colibrity.com\/en\/product\/applique-link\/#breadcrumb"},"inLanguage":"en-US","potentialAction":[{"@type":"ReadAction","target":["https:\/\/cvl.colibrity.com\/en\/product\/applique-link\/"]}]},{"@type":"ImageObject","inLanguage":"en-US","@id":"https:\/\/cvl.colibrity.com\/en\/product\/applique-link\/#primaryimage","url":"https:\/\/cvl.colibrity.com\/wp-content\/uploads\/2025\/03\/APPLIQUE-LINK-2-768x1011-1.jpg","contentUrl":"https:\/\/cvl.colibrity.com\/wp-content\/uploads\/2025\/03\/APPLIQUE-LINK-2-768x1011-1.jpg","width":768,"height":1011},{"@type":"BreadcrumbList","@id":"https:\/\/cvl.colibrity.com\/en\/product\/applique-link\/#breadcrumb","itemListElement":[{"@type":"ListItem","position":1,"name":"Home","item":"https:\/\/cvl.colibrity.com\/en\/"},{"@type":"ListItem","position":2,"name":"Applique Link"}]},{"@type":"WebSite","@id":"https:\/\/cvl.colibrity.com\/#website","url":"https:\/\/cvl.colibrity.com\/","name":"CVL","description":"","publisher":{"@id":"https:\/\/cvl.colibrity.com\/#organization"},"potentialAction":[{"@type":"SearchAction","target":{"@type":"EntryPoint","urlTemplate":"https:\/\/cvl.colibrity.com\/?s={search_term_string}"},"query-input":{"@type":"PropertyValueSpecification","valueRequired":true,"valueName":"search_term_string"}}],"inLanguage":"en-US"},{"@type":"Organization","@id":"https:\/\/cvl.colibrity.com\/#organization","name":"CVL","url":"https:\/\/cvl.colibrity.com\/","logo":{"@type":"ImageObject","inLanguage":"en-US","@id":"https:\/\/cvl.colibrity.com\/#\/schema\/logo\/image\/","url":"https:\/\/cvl.colibrity.com\/wp-content\/uploads\/2025\/03\/CVL-logo-1.svg","contentUrl":"https:\/\/cvl.colibrity.com\/wp-content\/uploads\/2025\/03\/CVL-logo-1.svg","width":125,"height":54,"caption":"CVL"},"image":{"@id":"https:\/\/cvl.colibrity.com\/#\/schema\/logo\/image\/"}}]}},"_links":{"self":[{"href":"https:\/\/cvl.colibrity.com\/en\/wp-json\/wp\/v2\/product\/6940","targetHints":{"allow":["GET"]}}],"collection":[{"href":"https:\/\/cvl.colibrity.com\/en\/wp-json\/wp\/v2\/product"}],"about":[{"href":"https:\/\/cvl.colibrity.com\/en\/wp-json\/wp\/v2\/types\/product"}],"replies":[{"embeddable":true,"href":"https:\/\/cvl.colibrity.com\/en\/wp-json\/wp\/v2\/comments?post=6940"}],"wp:featuredmedia":[{"embeddable":true,"href":"https:\/\/cvl.colibrity.com\/en\/wp-json\/wp\/v2\/media\/3015"}],"wp:attachment":[{"href":"https:\/\/cvl.colibrity.com\/en\/wp-json\/wp\/v2\/media?parent=6940"}],"wp:term":[{"taxonomy":"product_brand","embeddable":true,"href":"https:\/\/cvl.colibrity.com\/en\/wp-json\/wp\/v2\/product_brand?post=6940"},{"taxonomy":"product_cat","embeddable":true,"href":"https:\/\/cvl.colibrity.com\/en\/wp-json\/wp\/v2\/product_cat?post=6940"},{"taxonomy":"product_tag","embeddable":true,"href":"https:\/\/cvl.colibrity.com\/en\/wp-json\/wp\/v2\/product_tag?post=6940"},{"taxonomy":"product_family","embeddable":true,"href":"https:\/\/cvl.colibrity.com\/en\/wp-json\/wp\/v2\/product_family?post=6940"}],"curies":[{"name":"wp","href":"https:\/\/api.w.org\/{rel}","templated":true}]}}