{"id":4025,"date":"2025-03-28T15:58:57","date_gmt":"2025-03-28T15:58:57","guid":{"rendered":"https:\/\/cvl.colibrity.com\/product\/applique-nata\/"},"modified":"2025-04-03T07:54:59","modified_gmt":"2025-04-03T07:54:59","slug":"applique-nata","status":"publish","type":"product","link":"https:\/\/cvl.colibrity.com\/en\/product\/applique-nata\/","title":{"rendered":"Applique Nata"},"content":{"rendered":"","protected":false},"excerpt":{"rendered":"","protected":false},"featured_media":5298,"comment_status":"closed","ping_status":"closed","template":"","meta":{"_acf_changed":false,"inline_featured_image":false},"product_brand":[],"product_cat":[338],"product_tag":[187,176],"product_family":[339],"class_list":{"0":"post-4025","1":"product","2":"type-product","3":"status-publish","4":"has-post-thumbnail","6":"product_cat-nata","7":"product_tag-appliques","8":"product_tag-emilie-cathelineau-fr","9":"product_family-nata-wall-lights","11":"first","12":"instock","13":"product-type-simple"},"acf":{"abat-jours_wpml":{"100":{"value":"Drop Paper\u00ae \u2028100","label":"Drop Paper\u00ae \u2028100"},"100M1":{"value":"Drop Paper\u00ae \u2028100 M1","label":"Drop Paper\u00ae \u2028100 M1"},"101":{"value":"Drop Paper\u00ae \u2028101","label":"Drop Paper\u00ae \u2028101"},"101M1":{"value":"Drop Paper\u00ae \u2028101 M1","label":"Drop Paper\u00ae \u2028101 M1"},"103M1":{"value":"Drop Paper\u00ae \u2028103 M1","label":"Drop Paper\u00ae \u2028103 M1"},"000":{"value":"Chinette noire","label":"Chinette noire"},"fff":{"value":"Chinette blanche","label":"Chinette blanche"},"Lin":{"value":"Lin","label":"Lin"},"tissu":{"value":"Abat-jour tissu","label":"Abat-jour tissu"}},"material_wpml":[{"value":"SB","label":"Laiton massif"}],"type":{"lamp":{"value":"Lampadaires","label":"Lampadaires"},"\u0441han":{"value":"Suspensions","label":"Suspensions"},"field_67abaec68fe1e_465":{"value":"Liseuses","label":"Liseuses"},"field_67abaec68fe1e_270":{"value":"Lampe de table","label":"Lampe de table"},"field_67abaec68fe1e_644":{"value":"Appliques","label":"Appliques"},"field_67abaec68fe1e_215":{"value":"Salle de bain","label":"Salle de bain"},"field_67abaec68fe1e_352":{"value":"Appliques tableau","label":"Appliques tableau"},"field_67abaec68fe1e_110":{"value":"Appliques t\u00eate de lit","label":"Appliques t\u00eate de lit"},"field_67abaec68fe1e_954":{"value":"\u2060Plafonnier","label":"\u2060Plafonnier"}},"material":{"field_67abb02fe3b54_511":{"value":"Laiton","label":"Laiton"},"field_67abb02fe3b54_554":{"value":"Noyer","label":"Noyer"},"field_67abb02fe3b54_670":{"value":"Marbre","label":"Marbre"},"field_67abb02fe3b54_534":{"value":"Bois toast\u00e9","label":"Bois toast\u00e9"},"field_67abb02fe3b54_868":{"value":"Bois br\u00fbl\u00e9","label":"Bois br\u00fbl\u00e9"}},"source":{"field_67abb07ee3b58_28":{"value":"LED Int\u00e9gr\u00e9e","label":"LED Int\u00e9gr\u00e9e"},"field_67abb07ee3b58_16":{"value":"E27","label":"E27"},"field_67abb07ee3b58_594":{"value":"E26","label":"E26"},"field_67abb07ee3b58_196":{"value":"E14 LED","label":"E14 LED"},"field_67abb07ee3b58_386":{"value":"E12","label":"E12"},"field_67abb07ee3b58_584":{"value":"G9 LED 5W","label":"G9 LED 5W"},"field_67abb07ee3b58_447":{"value":"GU10","label":"GU10"},"field_67abb07ee3b58_98":{"value":"G4 LED","label":"G4 LED"},"field_67abb07ee3b58_491":{"value":"GU 5.3 LED","label":"GU 5.3 LED"}},"variations":[{"value":"field_67abb0a7e3b5c_872","label":"Oui"}],"indice_ip":[{"value":"field_67abb0b6e3b60_331","label":"IP20"}],"country":{"field_67bcd558998ad_973":{"value":"France","label":"France"},"field_67bcd558998ad_810":{"value":"Allemagne","label":"Allemagne"},"field_67bcd558998ad_528":{"value":"Russie","label":"Russie"},"field_67bcd558998ad_152":{"value":"Italie","label":"Italie"},"field_67bcd558998ad_550":{"value":"Monaco","label":"Monaco"},"field_67bcd558998ad_406":{"value":"Inde","label":"Inde"},"field_67bcd558998ad_968":{"value":"\u00c9tats-Unis","label":"\u00c9tats-Unis"},"field_67bcd558998ad_202":{"value":"Canada","label":"Canada"},"field_67bcd558998ad_977":{"value":"Belgique","label":"Belgique"},"field_67bcd558998ad_192":{"value":"Espagne","label":"Espagne"},"field_67bcd558998ad_713":{"value":"Pologne","label":"Pologne"},"field_67bcd558998ad_565":{"value":"Maroc","label":"Maroc"},"field_67bcd558998ad_445":{"value":"Liban","label":"Liban"},"field_67bcd558998ad_777":{"value":"Singapour","label":"Singapour"},"field_67bcd558998ad_411":{"value":"Malte","label":"Malte"}},"sector":{"field_67bcd5b2a1783_780":{"value":"Restaurant","label":"Restaurant"},"field_67bcd5b2a1783_508":{"value":"R\u00e9sidentiel","label":"R\u00e9sidentiel"},"field_67bcd5b2a1783_623":{"value":"Collaboration commerciale","label":"Collaboration commerciale"},"field_67bcd5b2a1783_35":{"value":"Hotellerie","label":"Hotellerie"}},"finishes_wpml":[{"value":"SB","label":"Laiton satin\u00e9"},{"value":"SG","label":"Graphite Satin\u00e9"},{"value":"SN","label":"Nickel Satin\u00e9"},{"value":"BN","label":"Bruni"}],"tags":[],"media_preview_wpml":{"name":"Applique Nata ","preview":false,"link_extra_small_folder":"\/wp-content\/uploads\/2025\/preview\/extra\/preview_cvl_00148_01.jpg"},"tabs":{"value":"Tab 1","label":"Tab 1"},"dublicate":["true"],"tab_title":"","technical_specifications_flexible":false,"download_wpnl":{"notice_dinstallation":""},"project":false},"yoast_head":"<!-- This site is optimized with the Yoast SEO plugin v24.9 - https:\/\/yoast.com\/wordpress\/plugins\/seo\/ -->\n<title>Applique Nata - CVL<\/title>\n<meta name=\"robots\" content=\"noindex, follow, max-snippet:-1, max-image-preview:large, max-video-preview:-1\" \/>\n<meta property=\"og:locale\" content=\"en_US\" \/>\n<meta property=\"og:type\" content=\"article\" \/>\n<meta property=\"og:title\" content=\"Applique Nata - CVL\" \/>\n<meta property=\"og:url\" content=\"https:\/\/cvl.colibrity.com\/product\/applique-nata\/\" \/>\n<meta property=\"og:site_name\" content=\"CVL\" \/>\n<meta property=\"article:modified_time\" content=\"2025-04-03T07:54:59+00:00\" \/>\n<meta property=\"og:image\" content=\"https:\/\/cvl.colibrity.com\/wp-content\/uploads\/2025\/03\/APNATA1BRSGTU10O_ambiance_result-e1743666723905.jpg\" \/>\n\t<meta property=\"og:image:width\" content=\"1116\" \/>\n\t<meta property=\"og:image:height\" content=\"1340\" \/>\n\t<meta property=\"og:image:type\" content=\"image\/jpeg\" \/>\n<meta name=\"twitter:card\" content=\"summary_large_image\" \/>\n<meta name=\"twitter:label1\" content=\"Est. reading time\" \/>\n\t<meta name=\"twitter:data1\" content=\"1 minute\" \/>\n<script type=\"application\/ld+json\" class=\"yoast-schema-graph\">{\"@context\":\"https:\/\/schema.org\",\"@graph\":[{\"@type\":\"WebPage\",\"@id\":\"https:\/\/cvl.colibrity.com\/product\/applique-nata\/\",\"url\":\"https:\/\/cvl.colibrity.com\/product\/applique-nata\/\",\"name\":\"Applique Nata - CVL\",\"isPartOf\":{\"@id\":\"https:\/\/cvl.colibrity.com\/#website\"},\"primaryImageOfPage\":{\"@id\":\"https:\/\/cvl.colibrity.com\/product\/applique-nata\/#primaryimage\"},\"image\":{\"@id\":\"https:\/\/cvl.colibrity.com\/product\/applique-nata\/#primaryimage\"},\"thumbnailUrl\":\"https:\/\/cvl.colibrity.com\/wp-content\/uploads\/2025\/03\/APNATA1BRSGTU10O_ambiance_result-e1743666723905.jpg\",\"datePublished\":\"2025-03-28T15:58:57+00:00\",\"dateModified\":\"2025-04-03T07:54:59+00:00\",\"breadcrumb\":{\"@id\":\"https:\/\/cvl.colibrity.com\/product\/applique-nata\/#breadcrumb\"},\"inLanguage\":\"en-US\",\"potentialAction\":[{\"@type\":\"ReadAction\",\"target\":[\"https:\/\/cvl.colibrity.com\/product\/applique-nata\/\"]}]},{\"@type\":\"ImageObject\",\"inLanguage\":\"en-US\",\"@id\":\"https:\/\/cvl.colibrity.com\/product\/applique-nata\/#primaryimage\",\"url\":\"https:\/\/cvl.colibrity.com\/wp-content\/uploads\/2025\/03\/APNATA1BRSGTU10O_ambiance_result-e1743666723905.jpg\",\"contentUrl\":\"https:\/\/cvl.colibrity.com\/wp-content\/uploads\/2025\/03\/APNATA1BRSGTU10O_ambiance_result-e1743666723905.jpg\",\"width\":1116,\"height\":1340},{\"@type\":\"BreadcrumbList\",\"@id\":\"https:\/\/cvl.colibrity.com\/product\/applique-nata\/#breadcrumb\",\"itemListElement\":[{\"@type\":\"ListItem\",\"position\":1,\"name\":\"Home\",\"item\":\"https:\/\/cvl.colibrity.com\/en\/\"},{\"@type\":\"ListItem\",\"position\":2,\"name\":\"Applique Nata\"}]},{\"@type\":\"WebSite\",\"@id\":\"https:\/\/cvl.colibrity.com\/#website\",\"url\":\"https:\/\/cvl.colibrity.com\/\",\"name\":\"CVL\",\"description\":\"\",\"publisher\":{\"@id\":\"https:\/\/cvl.colibrity.com\/#organization\"},\"potentialAction\":[{\"@type\":\"SearchAction\",\"target\":{\"@type\":\"EntryPoint\",\"urlTemplate\":\"https:\/\/cvl.colibrity.com\/?s={search_term_string}\"},\"query-input\":{\"@type\":\"PropertyValueSpecification\",\"valueRequired\":true,\"valueName\":\"search_term_string\"}}],\"inLanguage\":\"en-US\"},{\"@type\":\"Organization\",\"@id\":\"https:\/\/cvl.colibrity.com\/#organization\",\"name\":\"CVL\",\"url\":\"https:\/\/cvl.colibrity.com\/\",\"logo\":{\"@type\":\"ImageObject\",\"inLanguage\":\"en-US\",\"@id\":\"https:\/\/cvl.colibrity.com\/#\/schema\/logo\/image\/\",\"url\":\"https:\/\/cvl.colibrity.com\/wp-content\/uploads\/2025\/03\/CVL-logo-1.svg\",\"contentUrl\":\"https:\/\/cvl.colibrity.com\/wp-content\/uploads\/2025\/03\/CVL-logo-1.svg\",\"width\":125,\"height\":54,\"caption\":\"CVL\"},\"image\":{\"@id\":\"https:\/\/cvl.colibrity.com\/#\/schema\/logo\/image\/\"}}]}<\/script>\n<!-- \/ Yoast SEO plugin. -->","yoast_head_json":{"title":"Applique Nata - CVL","robots":{"index":"noindex","follow":"follow","max-snippet":"max-snippet:-1","max-image-preview":"max-image-preview:large","max-video-preview":"max-video-preview:-1"},"og_locale":"en_US","og_type":"article","og_title":"Applique Nata - CVL","og_url":"https:\/\/cvl.colibrity.com\/product\/applique-nata\/","og_site_name":"CVL","article_modified_time":"2025-04-03T07:54:59+00:00","og_image":[{"width":1116,"height":1340,"url":"https:\/\/cvl.colibrity.com\/wp-content\/uploads\/2025\/03\/APNATA1BRSGTU10O_ambiance_result-e1743666723905.jpg","type":"image\/jpeg"}],"twitter_card":"summary_large_image","twitter_misc":{"Est. reading time":"1 minute"},"schema":{"@context":"https:\/\/schema.org","@graph":[{"@type":"WebPage","@id":"https:\/\/cvl.colibrity.com\/product\/applique-nata\/","url":"https:\/\/cvl.colibrity.com\/product\/applique-nata\/","name":"Applique Nata - CVL","isPartOf":{"@id":"https:\/\/cvl.colibrity.com\/#website"},"primaryImageOfPage":{"@id":"https:\/\/cvl.colibrity.com\/product\/applique-nata\/#primaryimage"},"image":{"@id":"https:\/\/cvl.colibrity.com\/product\/applique-nata\/#primaryimage"},"thumbnailUrl":"https:\/\/cvl.colibrity.com\/wp-content\/uploads\/2025\/03\/APNATA1BRSGTU10O_ambiance_result-e1743666723905.jpg","datePublished":"2025-03-28T15:58:57+00:00","dateModified":"2025-04-03T07:54:59+00:00","breadcrumb":{"@id":"https:\/\/cvl.colibrity.com\/product\/applique-nata\/#breadcrumb"},"inLanguage":"en-US","potentialAction":[{"@type":"ReadAction","target":["https:\/\/cvl.colibrity.com\/product\/applique-nata\/"]}]},{"@type":"ImageObject","inLanguage":"en-US","@id":"https:\/\/cvl.colibrity.com\/product\/applique-nata\/#primaryimage","url":"https:\/\/cvl.colibrity.com\/wp-content\/uploads\/2025\/03\/APNATA1BRSGTU10O_ambiance_result-e1743666723905.jpg","contentUrl":"https:\/\/cvl.colibrity.com\/wp-content\/uploads\/2025\/03\/APNATA1BRSGTU10O_ambiance_result-e1743666723905.jpg","width":1116,"height":1340},{"@type":"BreadcrumbList","@id":"https:\/\/cvl.colibrity.com\/product\/applique-nata\/#breadcrumb","itemListElement":[{"@type":"ListItem","position":1,"name":"Home","item":"https:\/\/cvl.colibrity.com\/en\/"},{"@type":"ListItem","position":2,"name":"Applique Nata"}]},{"@type":"WebSite","@id":"https:\/\/cvl.colibrity.com\/#website","url":"https:\/\/cvl.colibrity.com\/","name":"CVL","description":"","publisher":{"@id":"https:\/\/cvl.colibrity.com\/#organization"},"potentialAction":[{"@type":"SearchAction","target":{"@type":"EntryPoint","urlTemplate":"https:\/\/cvl.colibrity.com\/?s={search_term_string}"},"query-input":{"@type":"PropertyValueSpecification","valueRequired":true,"valueName":"search_term_string"}}],"inLanguage":"en-US"},{"@type":"Organization","@id":"https:\/\/cvl.colibrity.com\/#organization","name":"CVL","url":"https:\/\/cvl.colibrity.com\/","logo":{"@type":"ImageObject","inLanguage":"en-US","@id":"https:\/\/cvl.colibrity.com\/#\/schema\/logo\/image\/","url":"https:\/\/cvl.colibrity.com\/wp-content\/uploads\/2025\/03\/CVL-logo-1.svg","contentUrl":"https:\/\/cvl.colibrity.com\/wp-content\/uploads\/2025\/03\/CVL-logo-1.svg","width":125,"height":54,"caption":"CVL"},"image":{"@id":"https:\/\/cvl.colibrity.com\/#\/schema\/logo\/image\/"}}]}},"_links":{"self":[{"href":"https:\/\/cvl.colibrity.com\/en\/wp-json\/wp\/v2\/product\/4025","targetHints":{"allow":["GET"]}}],"collection":[{"href":"https:\/\/cvl.colibrity.com\/en\/wp-json\/wp\/v2\/product"}],"about":[{"href":"https:\/\/cvl.colibrity.com\/en\/wp-json\/wp\/v2\/types\/product"}],"replies":[{"embeddable":true,"href":"https:\/\/cvl.colibrity.com\/en\/wp-json\/wp\/v2\/comments?post=4025"}],"wp:featuredmedia":[{"embeddable":true,"href":"https:\/\/cvl.colibrity.com\/en\/wp-json\/wp\/v2\/media\/5298"}],"wp:attachment":[{"href":"https:\/\/cvl.colibrity.com\/en\/wp-json\/wp\/v2\/media?parent=4025"}],"wp:term":[{"taxonomy":"product_brand","embeddable":true,"href":"https:\/\/cvl.colibrity.com\/en\/wp-json\/wp\/v2\/product_brand?post=4025"},{"taxonomy":"product_cat","embeddable":true,"href":"https:\/\/cvl.colibrity.com\/en\/wp-json\/wp\/v2\/product_cat?post=4025"},{"taxonomy":"product_tag","embeddable":true,"href":"https:\/\/cvl.colibrity.com\/en\/wp-json\/wp\/v2\/product_tag?post=4025"},{"taxonomy":"product_family","embeddable":true,"href":"https:\/\/cvl.colibrity.com\/en\/wp-json\/wp\/v2\/product_family?post=4025"}],"curies":[{"name":"wp","href":"https:\/\/api.w.org\/{rel}","templated":true}]}}