{"id":1988,"date":"2025-02-21T13:41:41","date_gmt":"2025-02-21T13:41:41","guid":{"rendered":"https:\/\/cvl.colibrity.com\/?post_type=product&#038;p=1988"},"modified":"2025-03-28T19:58:22","modified_gmt":"2025-03-28T19:58:22","slug":"pendant-halo-225-310-ideal","status":"publish","type":"product","link":"https:\/\/cvl.colibrity.com\/en\/product\/pendant-halo-225-310-ideal\/","title":{"rendered":"Pendant Halo 225 | 310 Ideal"},"content":{"rendered":"","protected":false},"excerpt":{"rendered":"","protected":false},"featured_media":2233,"comment_status":"open","ping_status":"closed","template":"","meta":{"_acf_changed":false,"inline_featured_image":false},"product_brand":[],"product_cat":[146],"product_tag":[173,175],"product_family":[147],"class_list":{"0":"post-1988","1":"product","2":"type-product","3":"status-publish","4":"has-post-thumbnail","6":"product_cat-halo","7":"product_tag-emilie-cathelineau","8":"product_tag-pendants","9":"product_family-halo","11":"first","12":"instock","13":"shipping-taxable","14":"product-type-simple"},"acf":{"media_preview_wpml":{"name":"Halo Ideal","preview":"https:\/\/cvl.colibrity.com\/wp-content\/uploads\/2025\/02\/Frame-1321316981-8.jpg","link_extra_small_folder":""},"finishes_wpml":[{"value":"SB","label":"Laiton satin\u00e9"},{"value":"SG","label":"Graphite Satin\u00e9"},{"value":"SN","label":"Nickel Satin\u00e9"}],"abat-jours_wpml":{"100M1":{"value":"Drop Paper\u00ae \u2028100 M1","label":"Drop Paper\u00ae \u2028100 M1"},"101M1":{"value":"Drop Paper\u00ae \u2028100 M1","label":"Drop Paper\u00ae \u2028100 M1"},"103M1":{"value":"Drop Paper\u00ae \u2028100 M1","label":"Drop Paper\u00ae \u2028100 M1"},"000":{"value":"Black 1","label":"Black 1"},"fff":{"value":"White","label":"White"},"green":{"value":"Green","label":"Green"}},"material_wpml":[{"value":"SB","label":"Laiton massif"}],"tabs":{"value":"Tab 1","label":"Tab 1"},"type":[{"value":"\u0441han","label":"Suspensions"}],"material":[{"value":"field_67abb02fe3b54_511","label":"Laiton"}],"source":[{"value":"field_67abb07ee3b58_16","label":"E27"}],"variations":[{"value":"field_67abb0a7e3b5c_872","label":"Oui"}],"indice_ip":[{"value":"field_67abb0b6e3b60_331","label":"IP20"}],"project":false,"tab_title_2":"USA & Canada","tab_title":"France & others","technical_specifications_flexible":[{"acf_fc_layout":"flexible_table","title":"Halo Ideal 225 mm","row":[{"label":"Lamping","value":"E27"},{"label":"Power","value":"8W"},{"label":"Int. power supply","value":"24V Included"},{"label":"Dimmable","value":"Yes"}]},{"acf_fc_layout":"flexible_table","title":"Halo Ideal 310 mm","row":[{"label":"Lamping","value":"E27"},{"label":"Power","value":"8W"},{"label":"Int. power supply","value":"24V Included"},{"label":"Dimmable","value":"Yes"}]}],"technical_specifications_flexible_tab_2":[{"acf_fc_layout":"flexible_text","title":"Not available for USA & Canada.","group-text":{"text":"","icon_1":[],"icon_2":[]}}],"country":{"field_67bcd558998ad_973":{"value":"France","label":"France"},"field_67bcd558998ad_810":{"value":"Germany","label":"Germany"},"field_67bcd558998ad_528":{"value":"Russia","label":"Russia"},"field_67bcd558998ad_152":""},"sector":{"field_67bcd5b2a1783_780":{"value":"Restaurant","label":"Restaurant"},"field_67bcd5b2a1783_508":{"value":"Residential","label":"Residential"},"field_67bcd5b2a1783_623":{"value":"Commercial collaboration","label":"Commercial collaboration"},"field_67bcd5b2a1783_35":{"value":"Hotels","label":"Hotels"}},"tags":[]},"yoast_head":"<!-- This site is optimized with the Yoast SEO plugin v24.9 - https:\/\/yoast.com\/wordpress\/plugins\/seo\/ -->\n<title>Pendant Halo 225 | 310 Ideal - CVL<\/title>\n<meta name=\"robots\" content=\"noindex, follow, max-snippet:-1, max-image-preview:large, max-video-preview:-1\" \/>\n<meta property=\"og:locale\" content=\"en_US\" \/>\n<meta property=\"og:type\" content=\"article\" \/>\n<meta property=\"og:title\" content=\"Pendant Halo 225 | 310 Ideal - CVL\" \/>\n<meta property=\"og:url\" content=\"https:\/\/cvl.colibrity.com\/en\/product\/pendant-halo-225-310-ideal\/\" \/>\n<meta property=\"og:site_name\" content=\"CVL\" \/>\n<meta property=\"article:modified_time\" content=\"2025-03-28T19:58:22+00:00\" \/>\n<meta property=\"og:image\" content=\"https:\/\/cvl.colibrity.com\/wp-content\/uploads\/2025\/02\/ideal-4.jpg\" \/>\n\t<meta property=\"og:image:width\" content=\"1040\" \/>\n\t<meta property=\"og:image:height\" content=\"1260\" \/>\n\t<meta property=\"og:image:type\" content=\"image\/jpeg\" \/>\n<meta name=\"twitter:card\" content=\"summary_large_image\" \/>\n<script type=\"application\/ld+json\" class=\"yoast-schema-graph\">{\"@context\":\"https:\/\/schema.org\",\"@graph\":[{\"@type\":\"WebPage\",\"@id\":\"https:\/\/cvl.colibrity.com\/en\/product\/pendant-halo-225-310-ideal\/\",\"url\":\"https:\/\/cvl.colibrity.com\/en\/product\/pendant-halo-225-310-ideal\/\",\"name\":\"Pendant Halo 225 | 310 Ideal - CVL\",\"isPartOf\":{\"@id\":\"https:\/\/cvl.colibrity.com\/#website\"},\"primaryImageOfPage\":{\"@id\":\"https:\/\/cvl.colibrity.com\/en\/product\/pendant-halo-225-310-ideal\/#primaryimage\"},\"image\":{\"@id\":\"https:\/\/cvl.colibrity.com\/en\/product\/pendant-halo-225-310-ideal\/#primaryimage\"},\"thumbnailUrl\":\"https:\/\/cvl.colibrity.com\/wp-content\/uploads\/2025\/02\/ideal-4.jpg\",\"datePublished\":\"2025-02-21T13:41:41+00:00\",\"dateModified\":\"2025-03-28T19:58:22+00:00\",\"breadcrumb\":{\"@id\":\"https:\/\/cvl.colibrity.com\/en\/product\/pendant-halo-225-310-ideal\/#breadcrumb\"},\"inLanguage\":\"en-US\",\"potentialAction\":[{\"@type\":\"ReadAction\",\"target\":[\"https:\/\/cvl.colibrity.com\/en\/product\/pendant-halo-225-310-ideal\/\"]}]},{\"@type\":\"ImageObject\",\"inLanguage\":\"en-US\",\"@id\":\"https:\/\/cvl.colibrity.com\/en\/product\/pendant-halo-225-310-ideal\/#primaryimage\",\"url\":\"https:\/\/cvl.colibrity.com\/wp-content\/uploads\/2025\/02\/ideal-4.jpg\",\"contentUrl\":\"https:\/\/cvl.colibrity.com\/wp-content\/uploads\/2025\/02\/ideal-4.jpg\",\"width\":1040,\"height\":1260},{\"@type\":\"BreadcrumbList\",\"@id\":\"https:\/\/cvl.colibrity.com\/en\/product\/pendant-halo-225-310-ideal\/#breadcrumb\",\"itemListElement\":[{\"@type\":\"ListItem\",\"position\":1,\"name\":\"Home\",\"item\":\"https:\/\/cvl.colibrity.com\/en\/\"},{\"@type\":\"ListItem\",\"position\":2,\"name\":\"Pendant Halo 225 | 310 Ideal\"}]},{\"@type\":\"WebSite\",\"@id\":\"https:\/\/cvl.colibrity.com\/#website\",\"url\":\"https:\/\/cvl.colibrity.com\/\",\"name\":\"CVL\",\"description\":\"\",\"publisher\":{\"@id\":\"https:\/\/cvl.colibrity.com\/#organization\"},\"potentialAction\":[{\"@type\":\"SearchAction\",\"target\":{\"@type\":\"EntryPoint\",\"urlTemplate\":\"https:\/\/cvl.colibrity.com\/?s={search_term_string}\"},\"query-input\":{\"@type\":\"PropertyValueSpecification\",\"valueRequired\":true,\"valueName\":\"search_term_string\"}}],\"inLanguage\":\"en-US\"},{\"@type\":\"Organization\",\"@id\":\"https:\/\/cvl.colibrity.com\/#organization\",\"name\":\"CVL\",\"url\":\"https:\/\/cvl.colibrity.com\/\",\"logo\":{\"@type\":\"ImageObject\",\"inLanguage\":\"en-US\",\"@id\":\"https:\/\/cvl.colibrity.com\/#\/schema\/logo\/image\/\",\"url\":\"https:\/\/cvl.colibrity.com\/wp-content\/uploads\/2025\/03\/CVL-logo-1.svg\",\"contentUrl\":\"https:\/\/cvl.colibrity.com\/wp-content\/uploads\/2025\/03\/CVL-logo-1.svg\",\"width\":125,\"height\":54,\"caption\":\"CVL\"},\"image\":{\"@id\":\"https:\/\/cvl.colibrity.com\/#\/schema\/logo\/image\/\"}}]}<\/script>\n<!-- \/ Yoast SEO plugin. -->","yoast_head_json":{"title":"Pendant Halo 225 | 310 Ideal - CVL","robots":{"index":"noindex","follow":"follow","max-snippet":"max-snippet:-1","max-image-preview":"max-image-preview:large","max-video-preview":"max-video-preview:-1"},"og_locale":"en_US","og_type":"article","og_title":"Pendant Halo 225 | 310 Ideal - CVL","og_url":"https:\/\/cvl.colibrity.com\/en\/product\/pendant-halo-225-310-ideal\/","og_site_name":"CVL","article_modified_time":"2025-03-28T19:58:22+00:00","og_image":[{"width":1040,"height":1260,"url":"https:\/\/cvl.colibrity.com\/wp-content\/uploads\/2025\/02\/ideal-4.jpg","type":"image\/jpeg"}],"twitter_card":"summary_large_image","schema":{"@context":"https:\/\/schema.org","@graph":[{"@type":"WebPage","@id":"https:\/\/cvl.colibrity.com\/en\/product\/pendant-halo-225-310-ideal\/","url":"https:\/\/cvl.colibrity.com\/en\/product\/pendant-halo-225-310-ideal\/","name":"Pendant Halo 225 | 310 Ideal - CVL","isPartOf":{"@id":"https:\/\/cvl.colibrity.com\/#website"},"primaryImageOfPage":{"@id":"https:\/\/cvl.colibrity.com\/en\/product\/pendant-halo-225-310-ideal\/#primaryimage"},"image":{"@id":"https:\/\/cvl.colibrity.com\/en\/product\/pendant-halo-225-310-ideal\/#primaryimage"},"thumbnailUrl":"https:\/\/cvl.colibrity.com\/wp-content\/uploads\/2025\/02\/ideal-4.jpg","datePublished":"2025-02-21T13:41:41+00:00","dateModified":"2025-03-28T19:58:22+00:00","breadcrumb":{"@id":"https:\/\/cvl.colibrity.com\/en\/product\/pendant-halo-225-310-ideal\/#breadcrumb"},"inLanguage":"en-US","potentialAction":[{"@type":"ReadAction","target":["https:\/\/cvl.colibrity.com\/en\/product\/pendant-halo-225-310-ideal\/"]}]},{"@type":"ImageObject","inLanguage":"en-US","@id":"https:\/\/cvl.colibrity.com\/en\/product\/pendant-halo-225-310-ideal\/#primaryimage","url":"https:\/\/cvl.colibrity.com\/wp-content\/uploads\/2025\/02\/ideal-4.jpg","contentUrl":"https:\/\/cvl.colibrity.com\/wp-content\/uploads\/2025\/02\/ideal-4.jpg","width":1040,"height":1260},{"@type":"BreadcrumbList","@id":"https:\/\/cvl.colibrity.com\/en\/product\/pendant-halo-225-310-ideal\/#breadcrumb","itemListElement":[{"@type":"ListItem","position":1,"name":"Home","item":"https:\/\/cvl.colibrity.com\/en\/"},{"@type":"ListItem","position":2,"name":"Pendant Halo 225 | 310 Ideal"}]},{"@type":"WebSite","@id":"https:\/\/cvl.colibrity.com\/#website","url":"https:\/\/cvl.colibrity.com\/","name":"CVL","description":"","publisher":{"@id":"https:\/\/cvl.colibrity.com\/#organization"},"potentialAction":[{"@type":"SearchAction","target":{"@type":"EntryPoint","urlTemplate":"https:\/\/cvl.colibrity.com\/?s={search_term_string}"},"query-input":{"@type":"PropertyValueSpecification","valueRequired":true,"valueName":"search_term_string"}}],"inLanguage":"en-US"},{"@type":"Organization","@id":"https:\/\/cvl.colibrity.com\/#organization","name":"CVL","url":"https:\/\/cvl.colibrity.com\/","logo":{"@type":"ImageObject","inLanguage":"en-US","@id":"https:\/\/cvl.colibrity.com\/#\/schema\/logo\/image\/","url":"https:\/\/cvl.colibrity.com\/wp-content\/uploads\/2025\/03\/CVL-logo-1.svg","contentUrl":"https:\/\/cvl.colibrity.com\/wp-content\/uploads\/2025\/03\/CVL-logo-1.svg","width":125,"height":54,"caption":"CVL"},"image":{"@id":"https:\/\/cvl.colibrity.com\/#\/schema\/logo\/image\/"}}]}},"_links":{"self":[{"href":"https:\/\/cvl.colibrity.com\/en\/wp-json\/wp\/v2\/product\/1988","targetHints":{"allow":["GET"]}}],"collection":[{"href":"https:\/\/cvl.colibrity.com\/en\/wp-json\/wp\/v2\/product"}],"about":[{"href":"https:\/\/cvl.colibrity.com\/en\/wp-json\/wp\/v2\/types\/product"}],"replies":[{"embeddable":true,"href":"https:\/\/cvl.colibrity.com\/en\/wp-json\/wp\/v2\/comments?post=1988"}],"wp:featuredmedia":[{"embeddable":true,"href":"https:\/\/cvl.colibrity.com\/en\/wp-json\/wp\/v2\/media\/2233"}],"wp:attachment":[{"href":"https:\/\/cvl.colibrity.com\/en\/wp-json\/wp\/v2\/media?parent=1988"}],"wp:term":[{"taxonomy":"product_brand","embeddable":true,"href":"https:\/\/cvl.colibrity.com\/en\/wp-json\/wp\/v2\/product_brand?post=1988"},{"taxonomy":"product_cat","embeddable":true,"href":"https:\/\/cvl.colibrity.com\/en\/wp-json\/wp\/v2\/product_cat?post=1988"},{"taxonomy":"product_tag","embeddable":true,"href":"https:\/\/cvl.colibrity.com\/en\/wp-json\/wp\/v2\/product_tag?post=1988"},{"taxonomy":"product_family","embeddable":true,"href":"https:\/\/cvl.colibrity.com\/en\/wp-json\/wp\/v2\/product_family?post=1988"}],"curies":[{"name":"wp","href":"https:\/\/api.w.org\/{rel}","templated":true}]}}