{"id":1866,"date":"2025-02-18T09:36:20","date_gmt":"2025-02-18T09:36:20","guid":{"rendered":"https:\/\/cvl.colibrity.com\/?post_type=product&#038;p=1866"},"modified":"2025-03-28T20:51:44","modified_gmt":"2025-03-28T20:51:44","slug":"wall-light-atmos-stella-2","status":"publish","type":"product","link":"https:\/\/cvl.colibrity.com\/en\/product\/wall-light-atmos-stella-2\/","title":{"rendered":"Applique Atmos Stella"},"content":{"rendered":"<p class=\"p1\">Au centre de sa grande couronne ajour\u00e9e, les disques concentriques d\u2019Atmos se succ\u00e8dent jusqu\u2019\u00e0 son coeur lumineux. Grande soeur de l\u2019applique Earth, Atmos se distingue par sa grande taille et la multitude de combinaisons de d\u00e9cors possibles. The big sister of the Earth wall lamp, Atmos stands out for its large size and multitude of possible decor combinations.<\/p>\n","protected":false},"excerpt":{"rendered":"<p>Au centre de sa grande couronne ajour\u00e9e, les disques concentriques d\u2019Atmos se succ\u00e8dent jusqu\u2019\u00e0 son coeur lumineux. Grande soeur de l\u2019applique Earth, Atmos se distingue par sa grande taille et la multitude de combinaisons de d\u00e9cors possibles. The big sister of the Earth wall lamp, Atmos stands out for its large size and multitude of [&hellip;]<\/p>\n","protected":false},"featured_media":1868,"comment_status":"open","ping_status":"closed","template":"","meta":{"_acf_changed":false,"inline_featured_image":false},"product_brand":[],"product_cat":[48],"product_tag":[176,178],"product_family":[132],"class_list":{"0":"post-1866","1":"product","2":"type-product","3":"status-publish","4":"has-post-thumbnail","6":"product_cat-atmos","7":"product_tag-emilie-cathelineau-fr","8":"product_tag-wall-lights-fr","9":"product_family-atmos","11":"first","12":"instock","13":"shipping-taxable","14":"product-type-simple"},"acf":{"media_preview_wpml":{"name":"Atmos Stella","preview":"https:\/\/cvl.colibrity.com\/wp-content\/uploads\/2025\/02\/Frame-1321316981-7.jpg","link_extra_small_folder":""},"finishes_wpml":[{"value":"SB","label":"Laiton satin\u00e9"},{"value":"SG","label":"Graphite Satin\u00e9"},{"value":"SN","label":"Nickel Satin\u00e9"}],"material_wpml":[{"value":"SB","label":"Laiton massif"}],"type":[{"value":"field_67abaec68fe1e_644","label":"Appliques"}],"material":[{"value":"field_67abb02fe3b54_511","label":"Laiton"}],"source":[{"value":"field_67abb07ee3b58_28","label":"LED Int\u00e9gr\u00e9e"}],"variations":[{"value":"field_67abb0a7e3b5c_872","label":"Oui"}],"indice_ip":[{"value":"field_67abb0b6e3b60_331","label":"IP20"}],"tab_title_2":"USA et Canada","tab_title":"France en autres","technical_specifications_flexible":[{"acf_fc_layout":"flexible_table","title":"Atmos Stella 800 mm \u2013 31.5\u2019\u2019","row":[{"label":"Source","value":"LED int\u00e9gr\u00e9e"},{"label":"Flux lumineux","value":"1700 lm"},{"label":"Temp\u00e9rature de couleur","value":"2700K"},{"label":"Puissance","value":"22W"},{"label":"Alim. \u00e9lectronique","value":"24V int\u00e9gr\u00e9e"},{"label":"Variable","value":"Oui"}]}],"technical_specifications_flexible_tab_2":[{"acf_fc_layout":"flexible_table","title":"Atmos Stella 800 mm \u2013 31.5\u2019\u2019","row":[{"label":"Source","value":"LED int\u00e9gr\u00e9e"},{"label":"Flux lumineux","value":"1700 lm"},{"label":"Temp\u00e9rature de couleur","value":"2700K"},{"label":"Puissance","value":"25W"},{"label":"Alim. \u00e9lectronique","value":"24V int\u00e9gr\u00e9e"},{"label":"Variable","value":"Oui"}]},{"acf_fc_layout":"flexible_table","title":"","row":[{"label":"Emplacement humide","value":"Oui"}]},{"acf_fc_layout":"flexible_text","title":"","group-text":{"text":"","icon_1":[],"icon_2":["UL"]}}],"tabs":{"value":"Tab 2","label":"Tab 2"},"country":{"field_67bcd558998ad_973":{"value":"France","label":"France"},"field_67bcd558998ad_810":{"value":"Germany","label":"Germany"},"field_67bcd558998ad_528":{"value":"Russia","label":"Russia"},"field_67bcd558998ad_152":""},"sector":{"field_67bcd5b2a1783_780":{"value":"Restaurant","label":"Restaurant"},"field_67bcd5b2a1783_508":{"value":"Residential","label":"Residential"},"field_67bcd5b2a1783_623":{"value":"Commercial collaboration","label":"Commercial collaboration"},"field_67bcd5b2a1783_35":{"value":"Hotels","label":"Hotels"}},"dublicate":[],"tags":[],"abat-jours_wpml":{"100":{"value":"Drop Paper\u00ae \u2028100","label":"Drop Paper\u00ae \u2028100"},"100M1":{"value":"Drop Paper\u00ae \u2028100 M1","label":"Drop Paper\u00ae \u2028100 M1"},"101":{"value":"Drop Paper\u00ae \u2028101","label":"Drop Paper\u00ae \u2028101"},"101M1":{"value":"Drop Paper\u00ae \u2028101 M1","label":"Drop Paper\u00ae \u2028101 M1"},"103M1":{"value":"Drop Paper\u00ae \u2028103 M1","label":"Drop Paper\u00ae \u2028103 M1"},"000":{"value":"Chinette noire","label":"Chinette noire"},"fff":{"value":"Chinette blanche","label":"Chinette blanche"},"Lin":{"value":"Lin","label":"Lin"},"tissu":{"value":"Abat-jour tissu","label":"Abat-jour tissu"}},"project":[1966]},"yoast_head":"<!-- This site is optimized with the Yoast SEO plugin v24.9 - https:\/\/yoast.com\/wordpress\/plugins\/seo\/ -->\n<title>Applique Atmos Stella - CVL<\/title>\n<meta name=\"robots\" content=\"noindex, follow, max-snippet:-1, max-image-preview:large, max-video-preview:-1\" \/>\n<meta property=\"og:locale\" content=\"en_US\" \/>\n<meta property=\"og:type\" content=\"article\" \/>\n<meta property=\"og:title\" content=\"Applique Atmos Stella - CVL\" \/>\n<meta property=\"og:description\" content=\"Au centre de sa grande couronne ajour\u00e9e, les disques concentriques d\u2019Atmos se succ\u00e8dent jusqu\u2019\u00e0 son coeur lumineux. Grande soeur de l\u2019applique Earth, Atmos se distingue par sa grande taille et la multitude de combinaisons de d\u00e9cors possibles. The big sister of the Earth wall lamp, Atmos stands out for its large size and multitude of [&hellip;]\" \/>\n<meta property=\"og:url\" content=\"https:\/\/cvl.colibrity.com\/product\/wall-light-atmos-stella-2\/\" \/>\n<meta property=\"og:site_name\" content=\"CVL\" \/>\n<meta property=\"article:modified_time\" content=\"2025-03-28T20:51:44+00:00\" \/>\n<meta property=\"og:image\" content=\"https:\/\/cvl.colibrity.com\/wp-content\/uploads\/2025\/02\/ATMOS-STELLA-SB-SG-SB-SB-1.jpg\" \/>\n\t<meta property=\"og:image:width\" content=\"1040\" \/>\n\t<meta property=\"og:image:height\" content=\"1260\" \/>\n\t<meta property=\"og:image:type\" content=\"image\/jpeg\" \/>\n<meta name=\"twitter:card\" content=\"summary_large_image\" \/>\n<meta name=\"twitter:label1\" content=\"Est. reading time\" \/>\n\t<meta name=\"twitter:data1\" content=\"1 minute\" \/>\n<script type=\"application\/ld+json\" class=\"yoast-schema-graph\">{\"@context\":\"https:\/\/schema.org\",\"@graph\":[{\"@type\":\"WebPage\",\"@id\":\"https:\/\/cvl.colibrity.com\/product\/wall-light-atmos-stella-2\/\",\"url\":\"https:\/\/cvl.colibrity.com\/product\/wall-light-atmos-stella-2\/\",\"name\":\"Applique Atmos Stella - CVL\",\"isPartOf\":{\"@id\":\"https:\/\/cvl.colibrity.com\/#website\"},\"primaryImageOfPage\":{\"@id\":\"https:\/\/cvl.colibrity.com\/product\/wall-light-atmos-stella-2\/#primaryimage\"},\"image\":{\"@id\":\"https:\/\/cvl.colibrity.com\/product\/wall-light-atmos-stella-2\/#primaryimage\"},\"thumbnailUrl\":\"https:\/\/cvl.colibrity.com\/wp-content\/uploads\/2025\/02\/ATMOS-STELLA-SB-SG-SB-SB-1.jpg\",\"datePublished\":\"2025-02-18T09:36:20+00:00\",\"dateModified\":\"2025-03-28T20:51:44+00:00\",\"breadcrumb\":{\"@id\":\"https:\/\/cvl.colibrity.com\/product\/wall-light-atmos-stella-2\/#breadcrumb\"},\"inLanguage\":\"en-US\",\"potentialAction\":[{\"@type\":\"ReadAction\",\"target\":[\"https:\/\/cvl.colibrity.com\/product\/wall-light-atmos-stella-2\/\"]}]},{\"@type\":\"ImageObject\",\"inLanguage\":\"en-US\",\"@id\":\"https:\/\/cvl.colibrity.com\/product\/wall-light-atmos-stella-2\/#primaryimage\",\"url\":\"https:\/\/cvl.colibrity.com\/wp-content\/uploads\/2025\/02\/ATMOS-STELLA-SB-SG-SB-SB-1.jpg\",\"contentUrl\":\"https:\/\/cvl.colibrity.com\/wp-content\/uploads\/2025\/02\/ATMOS-STELLA-SB-SG-SB-SB-1.jpg\",\"width\":1040,\"height\":1260},{\"@type\":\"BreadcrumbList\",\"@id\":\"https:\/\/cvl.colibrity.com\/product\/wall-light-atmos-stella-2\/#breadcrumb\",\"itemListElement\":[{\"@type\":\"ListItem\",\"position\":1,\"name\":\"Home\",\"item\":\"https:\/\/cvl.colibrity.com\/en\/\"},{\"@type\":\"ListItem\",\"position\":2,\"name\":\"Applique Atmos Stella\"}]},{\"@type\":\"WebSite\",\"@id\":\"https:\/\/cvl.colibrity.com\/#website\",\"url\":\"https:\/\/cvl.colibrity.com\/\",\"name\":\"CVL\",\"description\":\"\",\"publisher\":{\"@id\":\"https:\/\/cvl.colibrity.com\/#organization\"},\"potentialAction\":[{\"@type\":\"SearchAction\",\"target\":{\"@type\":\"EntryPoint\",\"urlTemplate\":\"https:\/\/cvl.colibrity.com\/?s={search_term_string}\"},\"query-input\":{\"@type\":\"PropertyValueSpecification\",\"valueRequired\":true,\"valueName\":\"search_term_string\"}}],\"inLanguage\":\"en-US\"},{\"@type\":\"Organization\",\"@id\":\"https:\/\/cvl.colibrity.com\/#organization\",\"name\":\"CVL\",\"url\":\"https:\/\/cvl.colibrity.com\/\",\"logo\":{\"@type\":\"ImageObject\",\"inLanguage\":\"en-US\",\"@id\":\"https:\/\/cvl.colibrity.com\/#\/schema\/logo\/image\/\",\"url\":\"https:\/\/cvl.colibrity.com\/wp-content\/uploads\/2025\/03\/CVL-logo-1.svg\",\"contentUrl\":\"https:\/\/cvl.colibrity.com\/wp-content\/uploads\/2025\/03\/CVL-logo-1.svg\",\"width\":125,\"height\":54,\"caption\":\"CVL\"},\"image\":{\"@id\":\"https:\/\/cvl.colibrity.com\/#\/schema\/logo\/image\/\"}}]}<\/script>\n<!-- \/ Yoast SEO plugin. -->","yoast_head_json":{"title":"Applique Atmos Stella - CVL","robots":{"index":"noindex","follow":"follow","max-snippet":"max-snippet:-1","max-image-preview":"max-image-preview:large","max-video-preview":"max-video-preview:-1"},"og_locale":"en_US","og_type":"article","og_title":"Applique Atmos Stella - CVL","og_description":"Au centre de sa grande couronne ajour\u00e9e, les disques concentriques d\u2019Atmos se succ\u00e8dent jusqu\u2019\u00e0 son coeur lumineux. Grande soeur de l\u2019applique Earth, Atmos se distingue par sa grande taille et la multitude de combinaisons de d\u00e9cors possibles. The big sister of the Earth wall lamp, Atmos stands out for its large size and multitude of [&hellip;]","og_url":"https:\/\/cvl.colibrity.com\/product\/wall-light-atmos-stella-2\/","og_site_name":"CVL","article_modified_time":"2025-03-28T20:51:44+00:00","og_image":[{"width":1040,"height":1260,"url":"https:\/\/cvl.colibrity.com\/wp-content\/uploads\/2025\/02\/ATMOS-STELLA-SB-SG-SB-SB-1.jpg","type":"image\/jpeg"}],"twitter_card":"summary_large_image","twitter_misc":{"Est. reading time":"1 minute"},"schema":{"@context":"https:\/\/schema.org","@graph":[{"@type":"WebPage","@id":"https:\/\/cvl.colibrity.com\/product\/wall-light-atmos-stella-2\/","url":"https:\/\/cvl.colibrity.com\/product\/wall-light-atmos-stella-2\/","name":"Applique Atmos Stella - CVL","isPartOf":{"@id":"https:\/\/cvl.colibrity.com\/#website"},"primaryImageOfPage":{"@id":"https:\/\/cvl.colibrity.com\/product\/wall-light-atmos-stella-2\/#primaryimage"},"image":{"@id":"https:\/\/cvl.colibrity.com\/product\/wall-light-atmos-stella-2\/#primaryimage"},"thumbnailUrl":"https:\/\/cvl.colibrity.com\/wp-content\/uploads\/2025\/02\/ATMOS-STELLA-SB-SG-SB-SB-1.jpg","datePublished":"2025-02-18T09:36:20+00:00","dateModified":"2025-03-28T20:51:44+00:00","breadcrumb":{"@id":"https:\/\/cvl.colibrity.com\/product\/wall-light-atmos-stella-2\/#breadcrumb"},"inLanguage":"en-US","potentialAction":[{"@type":"ReadAction","target":["https:\/\/cvl.colibrity.com\/product\/wall-light-atmos-stella-2\/"]}]},{"@type":"ImageObject","inLanguage":"en-US","@id":"https:\/\/cvl.colibrity.com\/product\/wall-light-atmos-stella-2\/#primaryimage","url":"https:\/\/cvl.colibrity.com\/wp-content\/uploads\/2025\/02\/ATMOS-STELLA-SB-SG-SB-SB-1.jpg","contentUrl":"https:\/\/cvl.colibrity.com\/wp-content\/uploads\/2025\/02\/ATMOS-STELLA-SB-SG-SB-SB-1.jpg","width":1040,"height":1260},{"@type":"BreadcrumbList","@id":"https:\/\/cvl.colibrity.com\/product\/wall-light-atmos-stella-2\/#breadcrumb","itemListElement":[{"@type":"ListItem","position":1,"name":"Home","item":"https:\/\/cvl.colibrity.com\/en\/"},{"@type":"ListItem","position":2,"name":"Applique Atmos Stella"}]},{"@type":"WebSite","@id":"https:\/\/cvl.colibrity.com\/#website","url":"https:\/\/cvl.colibrity.com\/","name":"CVL","description":"","publisher":{"@id":"https:\/\/cvl.colibrity.com\/#organization"},"potentialAction":[{"@type":"SearchAction","target":{"@type":"EntryPoint","urlTemplate":"https:\/\/cvl.colibrity.com\/?s={search_term_string}"},"query-input":{"@type":"PropertyValueSpecification","valueRequired":true,"valueName":"search_term_string"}}],"inLanguage":"en-US"},{"@type":"Organization","@id":"https:\/\/cvl.colibrity.com\/#organization","name":"CVL","url":"https:\/\/cvl.colibrity.com\/","logo":{"@type":"ImageObject","inLanguage":"en-US","@id":"https:\/\/cvl.colibrity.com\/#\/schema\/logo\/image\/","url":"https:\/\/cvl.colibrity.com\/wp-content\/uploads\/2025\/03\/CVL-logo-1.svg","contentUrl":"https:\/\/cvl.colibrity.com\/wp-content\/uploads\/2025\/03\/CVL-logo-1.svg","width":125,"height":54,"caption":"CVL"},"image":{"@id":"https:\/\/cvl.colibrity.com\/#\/schema\/logo\/image\/"}}]}},"_links":{"self":[{"href":"https:\/\/cvl.colibrity.com\/en\/wp-json\/wp\/v2\/product\/1866","targetHints":{"allow":["GET"]}}],"collection":[{"href":"https:\/\/cvl.colibrity.com\/en\/wp-json\/wp\/v2\/product"}],"about":[{"href":"https:\/\/cvl.colibrity.com\/en\/wp-json\/wp\/v2\/types\/product"}],"replies":[{"embeddable":true,"href":"https:\/\/cvl.colibrity.com\/en\/wp-json\/wp\/v2\/comments?post=1866"}],"wp:featuredmedia":[{"embeddable":true,"href":"https:\/\/cvl.colibrity.com\/en\/wp-json\/wp\/v2\/media\/1868"}],"wp:attachment":[{"href":"https:\/\/cvl.colibrity.com\/en\/wp-json\/wp\/v2\/media?parent=1866"}],"wp:term":[{"taxonomy":"product_brand","embeddable":true,"href":"https:\/\/cvl.colibrity.com\/en\/wp-json\/wp\/v2\/product_brand?post=1866"},{"taxonomy":"product_cat","embeddable":true,"href":"https:\/\/cvl.colibrity.com\/en\/wp-json\/wp\/v2\/product_cat?post=1866"},{"taxonomy":"product_tag","embeddable":true,"href":"https:\/\/cvl.colibrity.com\/en\/wp-json\/wp\/v2\/product_tag?post=1866"},{"taxonomy":"product_family","embeddable":true,"href":"https:\/\/cvl.colibrity.com\/en\/wp-json\/wp\/v2\/product_family?post=1866"}],"curies":[{"name":"wp","href":"https:\/\/api.w.org\/{rel}","templated":true}]}}