{"id":1865,"date":"2025-02-18T09:36:20","date_gmt":"2025-02-18T09:36:20","guid":{"rendered":"https:\/\/cvl.colibrity.com\/?post_type=product&#038;p=1865"},"modified":"2025-03-28T19:58:22","modified_gmt":"2025-03-28T19:58:22","slug":"wall-light-atmos-stella","status":"publish","type":"product","link":"https:\/\/cvl.colibrity.com\/en\/product\/wall-light-atmos-stella\/","title":{"rendered":"Wall light Atmos Stella"},"content":{"rendered":"<p class=\"p1\">At the center of its large openwork crown, Atmos&#8217;s concentric discs follow one another into its luminous heart. The big sister of the Earth wall lamp, Atmos stands out for its large size and multitude of possible decor combinations.<\/p>\n","protected":false},"excerpt":{"rendered":"<p>At the center of its large openwork crown, Atmos&#8217;s concentric discs follow one another into its luminous heart. The big sister of the Earth wall lamp, Atmos stands out for its large size and multitude of possible decor combinations.<\/p>\n","protected":false},"featured_media":1867,"comment_status":"open","ping_status":"closed","template":"","meta":{"_acf_changed":false,"inline_featured_image":false},"product_brand":[],"product_cat":[80],"product_tag":[173,174],"product_family":[132],"class_list":{"0":"post-1865","1":"product","2":"type-product","3":"status-publish","4":"has-post-thumbnail","6":"product_cat-atmos-en","7":"product_tag-emilie-cathelineau","8":"product_tag-wall-lights","9":"product_family-atmos","11":"first","12":"instock","13":"shipping-taxable","14":"product-type-simple"},"acf":{"media_preview_wpml":{"name":"Atmos Stella","preview":"https:\/\/cvl.colibrity.com\/wp-content\/uploads\/2025\/02\/Frame-1321316981-7.jpg","link_extra_small_folder":""},"finishes_wpml":[{"value":"SB","label":"Laiton satin\u00e9"},{"value":"SG","label":"Graphite Satin\u00e9"},{"value":"SN","label":"Nickel Satin\u00e9"}],"abat-jours_wpml":{"100":{"value":"Drop Paper\u00ae \u2028100","label":"Drop Paper\u00ae \u2028100"},"100M1":{"value":"Drop Paper\u00ae \u2028100 M1","label":"Drop Paper\u00ae \u2028100 M1"},"101":{"value":"Drop Paper\u00ae \u2028101","label":"Drop Paper\u00ae \u2028101"},"101M1":{"value":"Drop Paper\u00ae \u2028101 M1","label":"Drop Paper\u00ae \u2028101 M1"},"103M1":{"value":"Drop Paper\u00ae \u2028103 M1","label":"Drop Paper\u00ae \u2028103 M1"},"000":{"value":"Chinette noire","label":"Chinette noire"},"fff":{"value":"Chinette blanche","label":"Chinette blanche"},"Lin":{"value":"Lin","label":"Lin"},"tissu":{"value":"Abat-jour tissu","label":"Abat-jour tissu"}},"material_wpml":[{"value":"SB","label":"Laiton massif"}],"tabs":{"value":"Tab 2","label":"Tab 2"},"type":[{"value":"field_67abaec68fe1e_644","label":"Appliques"}],"material":[{"value":"field_67abb02fe3b54_511","label":"Laiton"}],"source":[{"value":"field_67abb07ee3b58_28","label":"LED Int\u00e9gr\u00e9e"}],"variations":[{"value":"field_67abb0a7e3b5c_872","label":"Oui"}],"indice_ip":[{"value":"field_67abb0b6e3b60_331","label":"IP20"}],"project":[1957],"tab_title_2":"USA & Canada","tab_title":"France & others","technical_specifications_flexible":[{"acf_fc_layout":"flexible_table","title":"Atmos Stella 800 mm \u2013 31.5\u2019\u2019","row":[{"label":"Lamping","value":"Integrated LED"},{"label":"Luminous flux","value":"1700 lm"},{"label":"Color temperature","value":"2700K"},{"label":"Power","value":"22W"},{"label":"Int. power supply","value":"Integrated 24V"},{"label":"Dimmable ","value":"Yes"}]}],"technical_specifications_flexible_tab_2":[{"acf_fc_layout":"flexible_table","title":"Atmos Stella 800 mm \u2013 31.5\u2019\u2019","row":[{"label":"Lamping","value":"Integrated LED"},{"label":"Luminous flux","value":"1700 lm"},{"label":"Color temperature","value":"2700K"},{"label":"Power","value":"25W"},{"label":"Int. power supply","value":"Integrated 24V"},{"label":"Dimmable","value":"Yes"}]},{"acf_fc_layout":"flexible_table","title":"","row":[{"label":"Damp location","value":"Yes"}]},{"acf_fc_layout":"flexible_text","title":"","group-text":{"text":"","icon_1":[],"icon_2":["UL"]}}],"country":{"field_67bcd558998ad_973":{"value":"France","label":"France"},"field_67bcd558998ad_810":{"value":"Germany","label":"Germany"},"field_67bcd558998ad_528":{"value":"Russia","label":"Russia"},"field_67bcd558998ad_152":""},"sector":{"field_67bcd5b2a1783_780":{"value":"Restaurant","label":"Restaurant"},"field_67bcd5b2a1783_508":{"value":"Residential","label":"Residential"},"field_67bcd5b2a1783_623":{"value":"Commercial collaboration","label":"Commercial collaboration"},"field_67bcd5b2a1783_35":{"value":"Hotels","label":"Hotels"}},"tags":[],"dublicate":[]},"yoast_head":"<!-- This site is optimized with the Yoast SEO plugin v24.9 - https:\/\/yoast.com\/wordpress\/plugins\/seo\/ -->\n<title>Wall light Atmos Stella - CVL<\/title>\n<meta name=\"robots\" content=\"noindex, follow, max-snippet:-1, max-image-preview:large, max-video-preview:-1\" \/>\n<meta property=\"og:locale\" content=\"en_US\" \/>\n<meta property=\"og:type\" content=\"article\" \/>\n<meta property=\"og:title\" content=\"Wall light Atmos Stella - CVL\" \/>\n<meta property=\"og:description\" content=\"At the center of its large openwork crown, Atmos&#8217;s concentric discs follow one another into its luminous heart. The big sister of the Earth wall lamp, Atmos stands out for its large size and multitude of possible decor combinations.\" \/>\n<meta property=\"og:url\" content=\"https:\/\/cvl.colibrity.com\/en\/product\/wall-light-atmos-stella\/\" \/>\n<meta property=\"og:site_name\" content=\"CVL\" \/>\n<meta property=\"article:modified_time\" content=\"2025-03-28T19:58:22+00:00\" \/>\n<meta property=\"og:image\" content=\"https:\/\/cvl.colibrity.com\/wp-content\/uploads\/2025\/02\/ATMOS-STELLA-SB-SG-SB-SB-1.jpg\" \/>\n\t<meta property=\"og:image:width\" content=\"1040\" \/>\n\t<meta property=\"og:image:height\" content=\"1260\" \/>\n\t<meta property=\"og:image:type\" content=\"image\/jpeg\" \/>\n<meta name=\"twitter:card\" content=\"summary_large_image\" \/>\n<script type=\"application\/ld+json\" class=\"yoast-schema-graph\">{\"@context\":\"https:\/\/schema.org\",\"@graph\":[{\"@type\":\"WebPage\",\"@id\":\"https:\/\/cvl.colibrity.com\/en\/product\/wall-light-atmos-stella\/\",\"url\":\"https:\/\/cvl.colibrity.com\/en\/product\/wall-light-atmos-stella\/\",\"name\":\"Wall light Atmos Stella - CVL\",\"isPartOf\":{\"@id\":\"https:\/\/cvl.colibrity.com\/#website\"},\"primaryImageOfPage\":{\"@id\":\"https:\/\/cvl.colibrity.com\/en\/product\/wall-light-atmos-stella\/#primaryimage\"},\"image\":{\"@id\":\"https:\/\/cvl.colibrity.com\/en\/product\/wall-light-atmos-stella\/#primaryimage\"},\"thumbnailUrl\":\"https:\/\/cvl.colibrity.com\/wp-content\/uploads\/2025\/02\/ATMOS-STELLA-SB-SG-SB-SB-1.jpg\",\"datePublished\":\"2025-02-18T09:36:20+00:00\",\"dateModified\":\"2025-03-28T19:58:22+00:00\",\"breadcrumb\":{\"@id\":\"https:\/\/cvl.colibrity.com\/en\/product\/wall-light-atmos-stella\/#breadcrumb\"},\"inLanguage\":\"en-US\",\"potentialAction\":[{\"@type\":\"ReadAction\",\"target\":[\"https:\/\/cvl.colibrity.com\/en\/product\/wall-light-atmos-stella\/\"]}]},{\"@type\":\"ImageObject\",\"inLanguage\":\"en-US\",\"@id\":\"https:\/\/cvl.colibrity.com\/en\/product\/wall-light-atmos-stella\/#primaryimage\",\"url\":\"https:\/\/cvl.colibrity.com\/wp-content\/uploads\/2025\/02\/ATMOS-STELLA-SB-SG-SB-SB-1.jpg\",\"contentUrl\":\"https:\/\/cvl.colibrity.com\/wp-content\/uploads\/2025\/02\/ATMOS-STELLA-SB-SG-SB-SB-1.jpg\",\"width\":1040,\"height\":1260},{\"@type\":\"BreadcrumbList\",\"@id\":\"https:\/\/cvl.colibrity.com\/en\/product\/wall-light-atmos-stella\/#breadcrumb\",\"itemListElement\":[{\"@type\":\"ListItem\",\"position\":1,\"name\":\"Home\",\"item\":\"https:\/\/cvl.colibrity.com\/en\/\"},{\"@type\":\"ListItem\",\"position\":2,\"name\":\"Wall light Atmos Stella\"}]},{\"@type\":\"WebSite\",\"@id\":\"https:\/\/cvl.colibrity.com\/#website\",\"url\":\"https:\/\/cvl.colibrity.com\/\",\"name\":\"CVL\",\"description\":\"\",\"publisher\":{\"@id\":\"https:\/\/cvl.colibrity.com\/#organization\"},\"potentialAction\":[{\"@type\":\"SearchAction\",\"target\":{\"@type\":\"EntryPoint\",\"urlTemplate\":\"https:\/\/cvl.colibrity.com\/?s={search_term_string}\"},\"query-input\":{\"@type\":\"PropertyValueSpecification\",\"valueRequired\":true,\"valueName\":\"search_term_string\"}}],\"inLanguage\":\"en-US\"},{\"@type\":\"Organization\",\"@id\":\"https:\/\/cvl.colibrity.com\/#organization\",\"name\":\"CVL\",\"url\":\"https:\/\/cvl.colibrity.com\/\",\"logo\":{\"@type\":\"ImageObject\",\"inLanguage\":\"en-US\",\"@id\":\"https:\/\/cvl.colibrity.com\/#\/schema\/logo\/image\/\",\"url\":\"https:\/\/cvl.colibrity.com\/wp-content\/uploads\/2025\/03\/CVL-logo-1.svg\",\"contentUrl\":\"https:\/\/cvl.colibrity.com\/wp-content\/uploads\/2025\/03\/CVL-logo-1.svg\",\"width\":125,\"height\":54,\"caption\":\"CVL\"},\"image\":{\"@id\":\"https:\/\/cvl.colibrity.com\/#\/schema\/logo\/image\/\"}}]}<\/script>\n<!-- \/ Yoast SEO plugin. -->","yoast_head_json":{"title":"Wall light Atmos Stella - CVL","robots":{"index":"noindex","follow":"follow","max-snippet":"max-snippet:-1","max-image-preview":"max-image-preview:large","max-video-preview":"max-video-preview:-1"},"og_locale":"en_US","og_type":"article","og_title":"Wall light Atmos Stella - CVL","og_description":"At the center of its large openwork crown, Atmos&#8217;s concentric discs follow one another into its luminous heart. The big sister of the Earth wall lamp, Atmos stands out for its large size and multitude of possible decor combinations.","og_url":"https:\/\/cvl.colibrity.com\/en\/product\/wall-light-atmos-stella\/","og_site_name":"CVL","article_modified_time":"2025-03-28T19:58:22+00:00","og_image":[{"width":1040,"height":1260,"url":"https:\/\/cvl.colibrity.com\/wp-content\/uploads\/2025\/02\/ATMOS-STELLA-SB-SG-SB-SB-1.jpg","type":"image\/jpeg"}],"twitter_card":"summary_large_image","schema":{"@context":"https:\/\/schema.org","@graph":[{"@type":"WebPage","@id":"https:\/\/cvl.colibrity.com\/en\/product\/wall-light-atmos-stella\/","url":"https:\/\/cvl.colibrity.com\/en\/product\/wall-light-atmos-stella\/","name":"Wall light Atmos Stella - CVL","isPartOf":{"@id":"https:\/\/cvl.colibrity.com\/#website"},"primaryImageOfPage":{"@id":"https:\/\/cvl.colibrity.com\/en\/product\/wall-light-atmos-stella\/#primaryimage"},"image":{"@id":"https:\/\/cvl.colibrity.com\/en\/product\/wall-light-atmos-stella\/#primaryimage"},"thumbnailUrl":"https:\/\/cvl.colibrity.com\/wp-content\/uploads\/2025\/02\/ATMOS-STELLA-SB-SG-SB-SB-1.jpg","datePublished":"2025-02-18T09:36:20+00:00","dateModified":"2025-03-28T19:58:22+00:00","breadcrumb":{"@id":"https:\/\/cvl.colibrity.com\/en\/product\/wall-light-atmos-stella\/#breadcrumb"},"inLanguage":"en-US","potentialAction":[{"@type":"ReadAction","target":["https:\/\/cvl.colibrity.com\/en\/product\/wall-light-atmos-stella\/"]}]},{"@type":"ImageObject","inLanguage":"en-US","@id":"https:\/\/cvl.colibrity.com\/en\/product\/wall-light-atmos-stella\/#primaryimage","url":"https:\/\/cvl.colibrity.com\/wp-content\/uploads\/2025\/02\/ATMOS-STELLA-SB-SG-SB-SB-1.jpg","contentUrl":"https:\/\/cvl.colibrity.com\/wp-content\/uploads\/2025\/02\/ATMOS-STELLA-SB-SG-SB-SB-1.jpg","width":1040,"height":1260},{"@type":"BreadcrumbList","@id":"https:\/\/cvl.colibrity.com\/en\/product\/wall-light-atmos-stella\/#breadcrumb","itemListElement":[{"@type":"ListItem","position":1,"name":"Home","item":"https:\/\/cvl.colibrity.com\/en\/"},{"@type":"ListItem","position":2,"name":"Wall light Atmos Stella"}]},{"@type":"WebSite","@id":"https:\/\/cvl.colibrity.com\/#website","url":"https:\/\/cvl.colibrity.com\/","name":"CVL","description":"","publisher":{"@id":"https:\/\/cvl.colibrity.com\/#organization"},"potentialAction":[{"@type":"SearchAction","target":{"@type":"EntryPoint","urlTemplate":"https:\/\/cvl.colibrity.com\/?s={search_term_string}"},"query-input":{"@type":"PropertyValueSpecification","valueRequired":true,"valueName":"search_term_string"}}],"inLanguage":"en-US"},{"@type":"Organization","@id":"https:\/\/cvl.colibrity.com\/#organization","name":"CVL","url":"https:\/\/cvl.colibrity.com\/","logo":{"@type":"ImageObject","inLanguage":"en-US","@id":"https:\/\/cvl.colibrity.com\/#\/schema\/logo\/image\/","url":"https:\/\/cvl.colibrity.com\/wp-content\/uploads\/2025\/03\/CVL-logo-1.svg","contentUrl":"https:\/\/cvl.colibrity.com\/wp-content\/uploads\/2025\/03\/CVL-logo-1.svg","width":125,"height":54,"caption":"CVL"},"image":{"@id":"https:\/\/cvl.colibrity.com\/#\/schema\/logo\/image\/"}}]}},"_links":{"self":[{"href":"https:\/\/cvl.colibrity.com\/en\/wp-json\/wp\/v2\/product\/1865","targetHints":{"allow":["GET"]}}],"collection":[{"href":"https:\/\/cvl.colibrity.com\/en\/wp-json\/wp\/v2\/product"}],"about":[{"href":"https:\/\/cvl.colibrity.com\/en\/wp-json\/wp\/v2\/types\/product"}],"replies":[{"embeddable":true,"href":"https:\/\/cvl.colibrity.com\/en\/wp-json\/wp\/v2\/comments?post=1865"}],"wp:featuredmedia":[{"embeddable":true,"href":"https:\/\/cvl.colibrity.com\/en\/wp-json\/wp\/v2\/media\/1867"}],"wp:attachment":[{"href":"https:\/\/cvl.colibrity.com\/en\/wp-json\/wp\/v2\/media?parent=1865"}],"wp:term":[{"taxonomy":"product_brand","embeddable":true,"href":"https:\/\/cvl.colibrity.com\/en\/wp-json\/wp\/v2\/product_brand?post=1865"},{"taxonomy":"product_cat","embeddable":true,"href":"https:\/\/cvl.colibrity.com\/en\/wp-json\/wp\/v2\/product_cat?post=1865"},{"taxonomy":"product_tag","embeddable":true,"href":"https:\/\/cvl.colibrity.com\/en\/wp-json\/wp\/v2\/product_tag?post=1865"},{"taxonomy":"product_family","embeddable":true,"href":"https:\/\/cvl.colibrity.com\/en\/wp-json\/wp\/v2\/product_family?post=1865"}],"curies":[{"name":"wp","href":"https:\/\/api.w.org\/{rel}","templated":true}]}}