{"id":1749,"date":"2025-02-13T11:51:47","date_gmt":"2025-02-13T11:51:47","guid":{"rendered":"https:\/\/cvl.colibrity.com\/?post_type=product&#038;p=1749"},"modified":"2025-03-28T19:58:22","modified_gmt":"2025-03-28T19:58:22","slug":"wall-light-airy-l","status":"publish","type":"product","link":"https:\/\/cvl.colibrity.com\/en\/product\/wall-light-airy-l\/","title":{"rendered":"Wall light Airy L"},"content":{"rendered":"<p class=\"p1\">Discover luminous elegance redefined with the Airy wall sconce from CVL Luminaires, a creation by talented designer Emilie Cathelineau. Meticulously crafted, this wall light stands out for its slim, sleek design, bringing a contemporary touch to any artistic space.<\/p>\n<p class=\"p1\">The Airy wall light offers exceptional versatility thanks to its adjustable light point, offering the possibility of illuminating your works of art with precision. Its ingenious ball-and-socket mechanism allows optimum orientation of the light beam, creating a unique visual ambience in your space.<\/p>\n<p>Available in a variety of refined finishes and different sizes, the Airy wall sconce adapts perfectly to your aesthetic and functional needs.<br \/>\nCustomized colors on request. Available lengths: 414 mm, 614 mm, 1214 mm<\/p>\n","protected":false},"excerpt":{"rendered":"<p>Discover luminous elegance redefined with the Airy wall sconce from CVL Luminaires, a creation by talented designer Emilie Cathelineau. Meticulously crafted, this wall light stands out for its slim, sleek design, bringing a contemporary touch to any artistic space. The Airy wall light offers exceptional versatility thanks to its adjustable light point, offering the possibility [&hellip;]<\/p>\n","protected":false},"featured_media":1750,"comment_status":"open","ping_status":"closed","template":"","meta":{"_acf_changed":false,"inline_featured_image":false},"product_brand":[],"product_cat":[78],"product_tag":[173,174],"product_family":[131],"class_list":{"0":"post-1749","1":"product","2":"type-product","3":"status-publish","4":"has-post-thumbnail","6":"product_cat-airy-en","7":"product_tag-emilie-cathelineau","8":"product_tag-wall-lights","9":"product_family-airy-l-r-p","11":"first","12":"instock","13":"shipping-taxable","14":"product-type-simple"},"acf":{"media_preview_wpml":{"name":"Airy L","preview":"https:\/\/cvl.colibrity.com\/wp-content\/uploads\/2025\/02\/Frame-1321316981-2.jpg","link_extra_small_folder":""},"finishes_wpml":[{"value":"SC","label":"Cuivre Satin\u00e9"},{"value":"PC","label":"Cuivre Poli "},{"value":"SB","label":"Laiton satin\u00e9"},{"value":"PB","label":"Laiton Poli "},{"value":"SG","label":"Graphite Satin\u00e9"},{"value":"PG","label":"Graphite Poli "},{"value":"SN","label":"Nickel Satin\u00e9"},{"value":"PN","label":"Nickel Poli"}],"abat-jours_wpml":{"100M1":{"value":"Drop Paper\u00ae \u2028100 M1","label":"Drop Paper\u00ae \u2028100 M1"},"101M1":{"value":"Drop Paper\u00ae \u2028100 M1","label":"Drop Paper\u00ae \u2028100 M1"},"103M1":{"value":"Drop Paper\u00ae \u2028100 M1","label":"Drop Paper\u00ae \u2028100 M1"},"000":{"value":"Black 1","label":"Black 1"},"fff":{"value":"White","label":"White"},"green":{"value":"Green","label":"Green"}},"material_wpml":[{"value":"SB","label":"Laiton massif"},{"value":"SP","label":"Diffuseur polycarbonate satin\u00e9"},{"value":"SomeText","label":"Socle aluminium peint noir"}],"tabs":{"value":"Tab 1","label":"Tab 1"},"type":[{"value":"field_67abaec68fe1e_465","label":"Liseuses"}],"material":[{"value":"field_67abb02fe3b54_511","label":"Laiton"}],"source":[{"value":"field_67abb07ee3b58_28","label":"LED Int\u00e9gr\u00e9e"}],"variations":[{"value":"field_67abb0a7e3b5c_872","label":"Oui"}],"indice_ip":[{"value":"field_67abb0b6e3b60_331","label":"IP20"}],"project":[653,1957],"tab_title_2":"USA & Canada","tab_title":"France & Others","technical_specifications_flexible":[{"acf_fc_layout":"flexible_table","title":"Airy L 214 mm \u2013 8.4\u201d","row":[{"label":"Lamping","value":"LED Integrated"},{"label":"Luminous flux","value":"192 lm"},{"label":"Color temperature","value":"2700K"},{"label":"Power","value":"4W"},{"label":"Int. power supply","value":"24V Included"},{"label":"Dimmable","value":"Yes"}]},{"acf_fc_layout":"flexible_table","title":"Airy L 414 mm \u2013 16.3\u201d","row":[{"label":"Lamping","value":"LED Integrated"},{"label":"Luminous flux","value":"192 lm"},{"label":"Color temperature","value":"2700K"},{"label":"Power","value":"4W"},{"label":"Int. power supply","value":"24V Included"},{"label":"Dimmable","value":"Yes"}]},{"acf_fc_layout":"flexible_table","title":"Airy L 514 mm \u2013 20.2\u201d","row":[{"label":"Lamping","value":"LED Integrated"},{"label":"Luminous flux","value":"480 lm"},{"label":"Color temperature","value":"2700K"},{"label":"Power","value":"8W"},{"label":"Int. power supply","value":"24V Included"},{"label":"Dimmable","value":"Yes"}]},{"acf_fc_layout":"flexible_table","title":"Airy L 614 mm \u2013 24.2\u201d","row":[{"label":"Lamping","value":"LED Integrated"},{"label":"Luminous flux","value":"576 lm"},{"label":"Color temperature","value":"2700K"},{"label":"Power","value":"9W"},{"label":"Int. power supply","value":"24V Included"},{"label":"Dimmable","value":"Yes"}]},{"acf_fc_layout":"flexible_table","title":"Airy L 814 mm \u2013 32\u201d","row":[{"label":"Lamping","value":"LED Integrated"},{"label":"Luminous flux","value":"768 lm"},{"label":"Color temperature","value":"2700K"},{"label":"Power","value":"11W"},{"label":"Int. power supply","value":"24V Included"},{"label":"Dimmable","value":"Yes"}]},{"acf_fc_layout":"flexible_table","title":"Airy L 1014 mm \u2013 39.9\u201d","row":[{"label":"Lamping","value":"LED Integrated"},{"label":"Luminous flux","value":"960 lm"},{"label":"Color temperature","value":"2700K"},{"label":"Power","value":"13W"},{"label":"Int. power supply","value":"24V Included"},{"label":"Dimmable","value":"Yes"}]},{"acf_fc_layout":"flexible_table","title":"Airy L 1214 mm \u2013 47.8\u201d","row":[{"label":"Lamping","value":"LED Integrated"},{"label":"Luminous flux","value":"1152 lm"},{"label":"Color temperature","value":"2700K"},{"label":"Power","value":"15W"},{"label":"Int. power supply","value":"24V Included"},{"label":"Dimmable","value":"Yes"}]},{"acf_fc_layout":"flexible_table","title":"Airy L 1414 mm \u2013 55.7\u201d","row":[{"label":"Lamping","value":"LED Integrated"},{"label":"Luminous flux","value":"1344 lm"},{"label":"Color temperature","value":"2700K"},{"label":"Power","value":"17W"},{"label":"Int. power supply","value":"24V Included"},{"label":"Dimmable","value":"Yes"}]},{"acf_fc_layout":"flexible_table","title":"Airy L 1614 mm \u2013 63.5\u201d","row":[{"label":"Lamping","value":"LED Integrated"},{"label":"Luminous flux","value":"1536 lm"},{"label":"Color temperature","value":"2700K"},{"label":"Power","value":"19W"},{"label":"Int. power supply","value":"24V Included"},{"label":"Dimmable","value":"Yes"}]}],"country":{"field_67bcd558998ad_973":{"value":"France","label":"France"},"field_67bcd558998ad_810":{"value":"Germany","label":"Germany"},"field_67bcd558998ad_528":{"value":"Russia","label":"Russia"},"field_67bcd558998ad_152":""},"sector":{"field_67bcd5b2a1783_780":{"value":"Restaurant","label":"Restaurant"},"field_67bcd5b2a1783_508":{"value":"Residential","label":"Residential"},"field_67bcd5b2a1783_623":{"value":"Commercial collaboration","label":"Commercial collaboration"},"field_67bcd5b2a1783_35":{"value":"Hotels","label":"Hotels"}},"technical_specifications_flexible_tab_2":[{"acf_fc_layout":"flexible_text","title":"Not available for USA & Canada","group-text":{"text":"","icon_1":[],"icon_2":[]}}]},"yoast_head":"<!-- This site is optimized with the Yoast SEO plugin v24.9 - https:\/\/yoast.com\/wordpress\/plugins\/seo\/ -->\n<title>Wall light Airy L - CVL<\/title>\n<meta name=\"robots\" content=\"noindex, follow, max-snippet:-1, max-image-preview:large, max-video-preview:-1\" \/>\n<meta property=\"og:locale\" content=\"en_US\" \/>\n<meta property=\"og:type\" content=\"article\" \/>\n<meta property=\"og:title\" content=\"Wall light Airy L - CVL\" \/>\n<meta property=\"og:description\" content=\"Discover luminous elegance redefined with the Airy wall sconce from CVL Luminaires, a creation by talented designer Emilie Cathelineau. Meticulously crafted, this wall light stands out for its slim, sleek design, bringing a contemporary touch to any artistic space. The Airy wall light offers exceptional versatility thanks to its adjustable light point, offering the possibility [&hellip;]\" \/>\n<meta property=\"og:url\" content=\"https:\/\/cvl.colibrity.com\/en\/product\/wall-light-airy-l\/\" \/>\n<meta property=\"og:site_name\" content=\"CVL\" \/>\n<meta property=\"article:modified_time\" content=\"2025-03-28T19:58:22+00:00\" \/>\n<meta property=\"og:image\" content=\"https:\/\/cvl.colibrity.com\/wp-content\/uploads\/2025\/02\/APAIRYLSG_ambiance-1.jpg\" \/>\n\t<meta property=\"og:image:width\" content=\"1040\" \/>\n\t<meta property=\"og:image:height\" content=\"1260\" \/>\n\t<meta property=\"og:image:type\" content=\"image\/jpeg\" \/>\n<meta name=\"twitter:card\" content=\"summary_large_image\" \/>\n<meta name=\"twitter:label1\" content=\"Est. reading time\" \/>\n\t<meta name=\"twitter:data1\" content=\"1 minute\" \/>\n<script type=\"application\/ld+json\" class=\"yoast-schema-graph\">{\"@context\":\"https:\/\/schema.org\",\"@graph\":[{\"@type\":\"WebPage\",\"@id\":\"https:\/\/cvl.colibrity.com\/en\/product\/wall-light-airy-l\/\",\"url\":\"https:\/\/cvl.colibrity.com\/en\/product\/wall-light-airy-l\/\",\"name\":\"Wall light Airy L - CVL\",\"isPartOf\":{\"@id\":\"https:\/\/cvl.colibrity.com\/#website\"},\"primaryImageOfPage\":{\"@id\":\"https:\/\/cvl.colibrity.com\/en\/product\/wall-light-airy-l\/#primaryimage\"},\"image\":{\"@id\":\"https:\/\/cvl.colibrity.com\/en\/product\/wall-light-airy-l\/#primaryimage\"},\"thumbnailUrl\":\"https:\/\/cvl.colibrity.com\/wp-content\/uploads\/2025\/02\/APAIRYLSG_ambiance-1.jpg\",\"datePublished\":\"2025-02-13T11:51:47+00:00\",\"dateModified\":\"2025-03-28T19:58:22+00:00\",\"breadcrumb\":{\"@id\":\"https:\/\/cvl.colibrity.com\/en\/product\/wall-light-airy-l\/#breadcrumb\"},\"inLanguage\":\"en-US\",\"potentialAction\":[{\"@type\":\"ReadAction\",\"target\":[\"https:\/\/cvl.colibrity.com\/en\/product\/wall-light-airy-l\/\"]}]},{\"@type\":\"ImageObject\",\"inLanguage\":\"en-US\",\"@id\":\"https:\/\/cvl.colibrity.com\/en\/product\/wall-light-airy-l\/#primaryimage\",\"url\":\"https:\/\/cvl.colibrity.com\/wp-content\/uploads\/2025\/02\/APAIRYLSG_ambiance-1.jpg\",\"contentUrl\":\"https:\/\/cvl.colibrity.com\/wp-content\/uploads\/2025\/02\/APAIRYLSG_ambiance-1.jpg\",\"width\":1040,\"height\":1260},{\"@type\":\"BreadcrumbList\",\"@id\":\"https:\/\/cvl.colibrity.com\/en\/product\/wall-light-airy-l\/#breadcrumb\",\"itemListElement\":[{\"@type\":\"ListItem\",\"position\":1,\"name\":\"Home\",\"item\":\"https:\/\/cvl.colibrity.com\/en\/\"},{\"@type\":\"ListItem\",\"position\":2,\"name\":\"Wall light Airy L\"}]},{\"@type\":\"WebSite\",\"@id\":\"https:\/\/cvl.colibrity.com\/#website\",\"url\":\"https:\/\/cvl.colibrity.com\/\",\"name\":\"CVL\",\"description\":\"\",\"publisher\":{\"@id\":\"https:\/\/cvl.colibrity.com\/#organization\"},\"potentialAction\":[{\"@type\":\"SearchAction\",\"target\":{\"@type\":\"EntryPoint\",\"urlTemplate\":\"https:\/\/cvl.colibrity.com\/?s={search_term_string}\"},\"query-input\":{\"@type\":\"PropertyValueSpecification\",\"valueRequired\":true,\"valueName\":\"search_term_string\"}}],\"inLanguage\":\"en-US\"},{\"@type\":\"Organization\",\"@id\":\"https:\/\/cvl.colibrity.com\/#organization\",\"name\":\"CVL\",\"url\":\"https:\/\/cvl.colibrity.com\/\",\"logo\":{\"@type\":\"ImageObject\",\"inLanguage\":\"en-US\",\"@id\":\"https:\/\/cvl.colibrity.com\/#\/schema\/logo\/image\/\",\"url\":\"https:\/\/cvl.colibrity.com\/wp-content\/uploads\/2025\/03\/CVL-logo-1.svg\",\"contentUrl\":\"https:\/\/cvl.colibrity.com\/wp-content\/uploads\/2025\/03\/CVL-logo-1.svg\",\"width\":125,\"height\":54,\"caption\":\"CVL\"},\"image\":{\"@id\":\"https:\/\/cvl.colibrity.com\/#\/schema\/logo\/image\/\"}}]}<\/script>\n<!-- \/ Yoast SEO plugin. -->","yoast_head_json":{"title":"Wall light Airy L - CVL","robots":{"index":"noindex","follow":"follow","max-snippet":"max-snippet:-1","max-image-preview":"max-image-preview:large","max-video-preview":"max-video-preview:-1"},"og_locale":"en_US","og_type":"article","og_title":"Wall light Airy L - CVL","og_description":"Discover luminous elegance redefined with the Airy wall sconce from CVL Luminaires, a creation by talented designer Emilie Cathelineau. Meticulously crafted, this wall light stands out for its slim, sleek design, bringing a contemporary touch to any artistic space. The Airy wall light offers exceptional versatility thanks to its adjustable light point, offering the possibility [&hellip;]","og_url":"https:\/\/cvl.colibrity.com\/en\/product\/wall-light-airy-l\/","og_site_name":"CVL","article_modified_time":"2025-03-28T19:58:22+00:00","og_image":[{"width":1040,"height":1260,"url":"https:\/\/cvl.colibrity.com\/wp-content\/uploads\/2025\/02\/APAIRYLSG_ambiance-1.jpg","type":"image\/jpeg"}],"twitter_card":"summary_large_image","twitter_misc":{"Est. reading time":"1 minute"},"schema":{"@context":"https:\/\/schema.org","@graph":[{"@type":"WebPage","@id":"https:\/\/cvl.colibrity.com\/en\/product\/wall-light-airy-l\/","url":"https:\/\/cvl.colibrity.com\/en\/product\/wall-light-airy-l\/","name":"Wall light Airy L - CVL","isPartOf":{"@id":"https:\/\/cvl.colibrity.com\/#website"},"primaryImageOfPage":{"@id":"https:\/\/cvl.colibrity.com\/en\/product\/wall-light-airy-l\/#primaryimage"},"image":{"@id":"https:\/\/cvl.colibrity.com\/en\/product\/wall-light-airy-l\/#primaryimage"},"thumbnailUrl":"https:\/\/cvl.colibrity.com\/wp-content\/uploads\/2025\/02\/APAIRYLSG_ambiance-1.jpg","datePublished":"2025-02-13T11:51:47+00:00","dateModified":"2025-03-28T19:58:22+00:00","breadcrumb":{"@id":"https:\/\/cvl.colibrity.com\/en\/product\/wall-light-airy-l\/#breadcrumb"},"inLanguage":"en-US","potentialAction":[{"@type":"ReadAction","target":["https:\/\/cvl.colibrity.com\/en\/product\/wall-light-airy-l\/"]}]},{"@type":"ImageObject","inLanguage":"en-US","@id":"https:\/\/cvl.colibrity.com\/en\/product\/wall-light-airy-l\/#primaryimage","url":"https:\/\/cvl.colibrity.com\/wp-content\/uploads\/2025\/02\/APAIRYLSG_ambiance-1.jpg","contentUrl":"https:\/\/cvl.colibrity.com\/wp-content\/uploads\/2025\/02\/APAIRYLSG_ambiance-1.jpg","width":1040,"height":1260},{"@type":"BreadcrumbList","@id":"https:\/\/cvl.colibrity.com\/en\/product\/wall-light-airy-l\/#breadcrumb","itemListElement":[{"@type":"ListItem","position":1,"name":"Home","item":"https:\/\/cvl.colibrity.com\/en\/"},{"@type":"ListItem","position":2,"name":"Wall light Airy L"}]},{"@type":"WebSite","@id":"https:\/\/cvl.colibrity.com\/#website","url":"https:\/\/cvl.colibrity.com\/","name":"CVL","description":"","publisher":{"@id":"https:\/\/cvl.colibrity.com\/#organization"},"potentialAction":[{"@type":"SearchAction","target":{"@type":"EntryPoint","urlTemplate":"https:\/\/cvl.colibrity.com\/?s={search_term_string}"},"query-input":{"@type":"PropertyValueSpecification","valueRequired":true,"valueName":"search_term_string"}}],"inLanguage":"en-US"},{"@type":"Organization","@id":"https:\/\/cvl.colibrity.com\/#organization","name":"CVL","url":"https:\/\/cvl.colibrity.com\/","logo":{"@type":"ImageObject","inLanguage":"en-US","@id":"https:\/\/cvl.colibrity.com\/#\/schema\/logo\/image\/","url":"https:\/\/cvl.colibrity.com\/wp-content\/uploads\/2025\/03\/CVL-logo-1.svg","contentUrl":"https:\/\/cvl.colibrity.com\/wp-content\/uploads\/2025\/03\/CVL-logo-1.svg","width":125,"height":54,"caption":"CVL"},"image":{"@id":"https:\/\/cvl.colibrity.com\/#\/schema\/logo\/image\/"}}]}},"_links":{"self":[{"href":"https:\/\/cvl.colibrity.com\/en\/wp-json\/wp\/v2\/product\/1749","targetHints":{"allow":["GET"]}}],"collection":[{"href":"https:\/\/cvl.colibrity.com\/en\/wp-json\/wp\/v2\/product"}],"about":[{"href":"https:\/\/cvl.colibrity.com\/en\/wp-json\/wp\/v2\/types\/product"}],"replies":[{"embeddable":true,"href":"https:\/\/cvl.colibrity.com\/en\/wp-json\/wp\/v2\/comments?post=1749"}],"wp:featuredmedia":[{"embeddable":true,"href":"https:\/\/cvl.colibrity.com\/en\/wp-json\/wp\/v2\/media\/1750"}],"wp:attachment":[{"href":"https:\/\/cvl.colibrity.com\/en\/wp-json\/wp\/v2\/media?parent=1749"}],"wp:term":[{"taxonomy":"product_brand","embeddable":true,"href":"https:\/\/cvl.colibrity.com\/en\/wp-json\/wp\/v2\/product_brand?post=1749"},{"taxonomy":"product_cat","embeddable":true,"href":"https:\/\/cvl.colibrity.com\/en\/wp-json\/wp\/v2\/product_cat?post=1749"},{"taxonomy":"product_tag","embeddable":true,"href":"https:\/\/cvl.colibrity.com\/en\/wp-json\/wp\/v2\/product_tag?post=1749"},{"taxonomy":"product_family","embeddable":true,"href":"https:\/\/cvl.colibrity.com\/en\/wp-json\/wp\/v2\/product_family?post=1749"}],"curies":[{"name":"wp","href":"https:\/\/api.w.org\/{rel}","templated":true}]}}